{"id":5148,"date":"2025-01-08T15:49:04","date_gmt":"2025-01-08T15:49:04","guid":{"rendered":"https:\/\/alles-ueber-riffe.de\/?page_id=5148"},"modified":"2025-01-27T12:37:42","modified_gmt":"2025-01-27T12:37:42","slug":"blaupunkt-kugelfisch","status":"publish","type":"page","link":"https:\/\/alles-ueber-riffe.de\/?page_id=5148","title":{"rendered":"Blaupunkt-Kugelfisch"},"content":{"rendered":"\n<div class=\"wp-block-group is-vertical is-layout-flex wp-container-core-group-is-layout-8cf370e7 wp-block-group-is-layout-flex\">\n<p><strong>Blaupunkt-Kugelfisch<\/strong><\/p>\n\n\n\n<p>Blue-spotted puffer<\/p>\n\n\n\n<p><em>Arothron caeruleopunctatus<\/em><\/p>\n<\/div>\n\n\n\n<div style=\"height:30px\" aria-hidden=\"true\" class=\"wp-block-spacer\"><\/div>\n\n\n\n<figure class=\"wp-block-image size-full\"><img loading=\"lazy\" decoding=\"async\" width=\"1024\" height=\"768\" src=\"https:\/\/alles-ueber-riffe.de\/wp-content\/uploads\/2025\/01\/Blaupunkt-Kugelfisch_1024x768.jpg\" alt=\"\" class=\"wp-image-8270\" srcset=\"https:\/\/alles-ueber-riffe.de\/wp-content\/uploads\/2025\/01\/Blaupunkt-Kugelfisch_1024x768.jpg 1024w, https:\/\/alles-ueber-riffe.de\/wp-content\/uploads\/2025\/01\/Blaupunkt-Kugelfisch_1024x768-300x225.jpg 300w, https:\/\/alles-ueber-riffe.de\/wp-content\/uploads\/2025\/01\/Blaupunkt-Kugelfisch_1024x768-768x576.jpg 768w\" sizes=\"auto, (max-width: 767px) 89vw, (max-width: 1000px) 54vw, (max-width: 1071px) 543px, 580px\" \/><figcaption class=\"wp-element-caption\">\u00a9 Joris Rombouts<\/figcaption><\/figure>\n\n\n\n<hr class=\"wp-block-separator has-alpha-channel-opacity is-style-default\"\/>\n\n\n\n<p><strong>Gr\u00f6\u00dfe: <\/strong> bis 80 cm<\/p>\n\n\n\n<p><strong>Lebensraum:<\/strong> Korallenriffe<\/p>\n\n\n\n<p><strong>Vorkommen:  <\/strong>Ostafrika, Malediven, S\u00fcdjapan, ganz S\u00fcdostasien, Nordaustralien, Papua-Neuguinea<\/p>\n\n\n\n<p><strong>Erkennungsmerkmale: <\/strong> K\u00f6rper \u00fcbers\u00e4t mit zahlreichen kleinen, blauen Punkten<\/p>\n\n\n\n<p><strong>Biologie &amp; Verhalten: <\/strong> Sehr scheu. Tagaktiver Einzelg\u00e4nger.<\/p>\n\n\n\n<p><strong>Bedrohungsstatus:<\/strong> Die Art wird auf der Roten Liste der IUCN als <mark style=\"background-color:rgba(0, 0, 0, 0)\" class=\"has-inline-color has-vivid-green-cyan-color\">\u201enicht gef\u00e4hrdet\u201c<\/mark> gef\u00fchrt.<\/p>\n\n\n\n<hr class=\"wp-block-separator has-alpha-channel-opacity is-style-default\"\/>\n","protected":false},"excerpt":{"rendered":"<p>Blaupunkt-Kugelfisch Blue-spotted puffer Arothron caeruleopunctatus Gr\u00f6\u00dfe: bis 80 cm Lebensraum: Korallenriffe Vorkommen: Ostafrika, Malediven, S\u00fcdjapan, ganz S\u00fcdostasien, Nordaustralien, Papua-Neuguinea Erkennungsmerkmale: K\u00f6rper \u00fcbers\u00e4t mit zahlreichen kleinen, blauen Punkten Biologie &amp; Verhalten: Sehr scheu. Tagaktiver Einzelg\u00e4nger. Bedrohungsstatus: Die Art wird auf der Roten Liste der IUCN als \u201enicht gef\u00e4hrdet\u201c gef\u00fchrt.<\/p>\n","protected":false},"author":1,"featured_media":0,"parent":0,"menu_order":0,"comment_status":"closed","ping_status":"closed","template":"","meta":{"footnotes":""},"class_list":["post-5148","page","type-page","status-publish","hentry"],"_links":{"self":[{"href":"https:\/\/alles-ueber-riffe.de\/index.php?rest_route=\/wp\/v2\/pages\/5148","targetHints":{"allow":["GET"]}}],"collection":[{"href":"https:\/\/alles-ueber-riffe.de\/index.php?rest_route=\/wp\/v2\/pages"}],"about":[{"href":"https:\/\/alles-ueber-riffe.de\/index.php?rest_route=\/wp\/v2\/types\/page"}],"author":[{"embeddable":true,"href":"https:\/\/alles-ueber-riffe.de\/index.php?rest_route=\/wp\/v2\/users\/1"}],"replies":[{"embeddable":true,"href":"https:\/\/alles-ueber-riffe.de\/index.php?rest_route=%2Fwp%2Fv2%2Fcomments&post=5148"}],"version-history":[{"count":6,"href":"https:\/\/alles-ueber-riffe.de\/index.php?rest_route=\/wp\/v2\/pages\/5148\/revisions"}],"predecessor-version":[{"id":8274,"href":"https:\/\/alles-ueber-riffe.de\/index.php?rest_route=\/wp\/v2\/pages\/5148\/revisions\/8274"}],"wp:attachment":[{"href":"https:\/\/alles-ueber-riffe.de\/index.php?rest_route=%2Fwp%2Fv2%2Fmedia&parent=5148"}],"curies":[{"name":"wp","href":"https:\/\/api.w.org\/{rel}","templated":true}]}}