{"id":5146,"date":"2025-01-08T15:48:53","date_gmt":"2025-01-08T15:48:53","guid":{"rendered":"https:\/\/alles-ueber-riffe.de\/?page_id=5146"},"modified":"2025-01-27T12:39:23","modified_gmt":"2025-01-27T12:39:23","slug":"augenfleck-spitzkopf-kugelfisch","status":"publish","type":"page","link":"https:\/\/alles-ueber-riffe.de\/?page_id=5146","title":{"rendered":"Augenfleck-Spitzkopf-Kugelfisch"},"content":{"rendered":"\n<div class=\"wp-block-group is-vertical is-layout-flex wp-container-core-group-is-layout-8cf370e7 wp-block-group-is-layout-flex\">\n<p><strong>Augenfleck-Spitzkopf-Kugelfisch<\/strong><\/p>\n\n\n\n<p>Spotted sharpnose<\/p>\n\n\n\n<p><em>Canthigaster solandri<\/em><\/p>\n<\/div>\n\n\n\n<div style=\"height:30px\" aria-hidden=\"true\" class=\"wp-block-spacer\"><\/div>\n\n\n\n<figure class=\"wp-block-image size-full\"><img loading=\"lazy\" decoding=\"async\" width=\"1024\" height=\"768\" src=\"https:\/\/alles-ueber-riffe.de\/wp-content\/uploads\/2025\/01\/Augenfleck-Spitzkopf-Kugelfisch_1024x768.jpg\" alt=\"\" class=\"wp-image-8265\" srcset=\"https:\/\/alles-ueber-riffe.de\/wp-content\/uploads\/2025\/01\/Augenfleck-Spitzkopf-Kugelfisch_1024x768.jpg 1024w, https:\/\/alles-ueber-riffe.de\/wp-content\/uploads\/2025\/01\/Augenfleck-Spitzkopf-Kugelfisch_1024x768-300x225.jpg 300w, https:\/\/alles-ueber-riffe.de\/wp-content\/uploads\/2025\/01\/Augenfleck-Spitzkopf-Kugelfisch_1024x768-768x576.jpg 768w\" sizes=\"auto, (max-width: 767px) 89vw, (max-width: 1000px) 54vw, (max-width: 1071px) 543px, 580px\" \/><figcaption class=\"wp-element-caption\"><span style=\"caret-color: rgb(0, 0, 0); color: rgb(0, 0, 0); font-family: -webkit-standard; font-size: medium; font-style: normal; white-space: normal;\">\u00a9 <\/span>Joris Rombouts<\/figcaption><\/figure>\n\n\n\n<hr class=\"wp-block-separator has-alpha-channel-opacity is-style-default\"\/>\n\n\n\n<p><strong>Gr\u00f6\u00dfe: <\/strong> bis 11 cm<\/p>\n\n\n\n<p><strong>Lebensraum:<\/strong> Korallenriffe<\/p>\n\n\n\n<p><strong>Vorkommen:  <\/strong>Ostafrika, Malediven, S\u00fcdjapan, ganz S\u00fcdostasien, Nordaustralien, Papua-Neuguinea, Ozeanien bis Hawaii<\/p>\n\n\n\n<p><strong>Erkennungsmerkmale: <\/strong> Grundfarbe braun mit wei\u00dfen Punkten und Linien;&nbsp;dunkler Punkt am Ansatz der R\u00fcckenflosse<\/p>\n\n\n\n<p><strong>Biologie &amp; Verhalten: <\/strong> Von seinem Doppelg\u00e4nger, den Rotmeer-Spitzkopfkugelfisch (Canthigaster margaritata), der ihn \u00fcbrigens im Roten Meer ganz verdr\u00e4ngt hat, unterscheidet er sich haupts\u00e4chlich durch den dunklen Punkt am Ansatz der R\u00fcckenflosse<\/p>\n\n\n\n<p>Einzeln, paarweise aber auch in kleinen Gruppen im Riff zu finden. Seine Hauptnahrung besteht aus Algen, aber auch Wirbellose werden nicht verschm\u00e4ht.<\/p>\n\n\n\n<p><strong>Bedrohungsstatus:<\/strong> Die Art wird auf der Roten Liste der IUCN als <mark style=\"background-color:rgba(0, 0, 0, 0)\" class=\"has-inline-color has-vivid-green-cyan-color\">\u201enicht gef\u00e4hrdet\u201c<\/mark> gef\u00fchrt.<\/p>\n\n\n\n<hr class=\"wp-block-separator has-alpha-channel-opacity is-style-default\"\/>\n","protected":false},"excerpt":{"rendered":"<p>Augenfleck-Spitzkopf-Kugelfisch Spotted sharpnose Canthigaster solandri Gr\u00f6\u00dfe: bis 11 cm Lebensraum: Korallenriffe Vorkommen: Ostafrika, Malediven, S\u00fcdjapan, ganz S\u00fcdostasien, Nordaustralien, Papua-Neuguinea, Ozeanien bis Hawaii Erkennungsmerkmale: Grundfarbe braun mit wei\u00dfen Punkten und Linien;&nbsp;dunkler Punkt am Ansatz der R\u00fcckenflosse Biologie &amp; Verhalten: Von seinem Doppelg\u00e4nger, den Rotmeer-Spitzkopfkugelfisch (Canthigaster margaritata), der ihn \u00fcbrigens im Roten Meer ganz verdr\u00e4ngt hat, unterscheidet &hellip; <\/p>\n<p class=\"link-more\"><a href=\"https:\/\/alles-ueber-riffe.de\/?page_id=5146\" class=\"more-link\"><span class=\"screen-reader-text\">\u201eAugenfleck-Spitzkopf-Kugelfisch\u201c<\/span> weiterlesen<\/a><\/p>\n","protected":false},"author":1,"featured_media":0,"parent":0,"menu_order":0,"comment_status":"closed","ping_status":"closed","template":"","meta":{"footnotes":""},"class_list":["post-5146","page","type-page","status-publish","hentry"],"_links":{"self":[{"href":"https:\/\/alles-ueber-riffe.de\/index.php?rest_route=\/wp\/v2\/pages\/5146","targetHints":{"allow":["GET"]}}],"collection":[{"href":"https:\/\/alles-ueber-riffe.de\/index.php?rest_route=\/wp\/v2\/pages"}],"about":[{"href":"https:\/\/alles-ueber-riffe.de\/index.php?rest_route=\/wp\/v2\/types\/page"}],"author":[{"embeddable":true,"href":"https:\/\/alles-ueber-riffe.de\/index.php?rest_route=\/wp\/v2\/users\/1"}],"replies":[{"embeddable":true,"href":"https:\/\/alles-ueber-riffe.de\/index.php?rest_route=%2Fwp%2Fv2%2Fcomments&post=5146"}],"version-history":[{"count":5,"href":"https:\/\/alles-ueber-riffe.de\/index.php?rest_route=\/wp\/v2\/pages\/5146\/revisions"}],"predecessor-version":[{"id":8277,"href":"https:\/\/alles-ueber-riffe.de\/index.php?rest_route=\/wp\/v2\/pages\/5146\/revisions\/8277"}],"wp:attachment":[{"href":"https:\/\/alles-ueber-riffe.de\/index.php?rest_route=%2Fwp%2Fv2%2Fmedia&parent=5146"}],"curies":[{"name":"wp","href":"https:\/\/api.w.org\/{rel}","templated":true}]}}