{"id":5141,"date":"2025-01-08T15:48:34","date_gmt":"2025-01-08T15:48:34","guid":{"rendered":"https:\/\/alles-ueber-riffe.de\/?page_id=5141"},"modified":"2025-01-26T11:54:24","modified_gmt":"2025-01-26T11:54:24","slug":"sternen-kugelfisch","status":"publish","type":"page","link":"https:\/\/alles-ueber-riffe.de\/?page_id=5141","title":{"rendered":"Sternen-Kugelfisch"},"content":{"rendered":"\n<div class=\"wp-block-group is-vertical is-layout-flex wp-container-core-group-is-layout-8cf370e7 wp-block-group-is-layout-flex\">\n<p><strong>Sternen-Kugelfisch<\/strong><\/p>\n\n\n\n<p>Guineafowl puffer<\/p>\n\n\n\n<p><em>Arothron meleagris<\/em><\/p>\n<\/div>\n\n\n\n<div style=\"height:30px\" aria-hidden=\"true\" class=\"wp-block-spacer\"><\/div>\n\n\n\n<figure class=\"wp-block-video\"><video height=\"576\" style=\"aspect-ratio: 1024 \/ 576;\" width=\"1024\" controls src=\"https:\/\/alles-ueber-riffe.de\/wp-content\/uploads\/2025\/01\/Sternen-Kugelfisch.mp4\"><\/video><figcaption class=\"wp-element-caption\">\u00a9 Heinz Krimmer<\/figcaption><\/figure>\n\n\n\n<hr class=\"wp-block-separator has-alpha-channel-opacity is-style-default\"\/>\n\n\n\n<p><strong>Gr\u00f6\u00dfe: <\/strong> bis 50 cm<\/p>\n\n\n\n<p><strong>Lebensraum:<\/strong> Korallen- und Felsenriffe, zieht ozeanische Gebiete k\u00fcstennahen vor<\/p>\n\n\n\n<p><strong>Vorkommen:  <\/strong>Ostafrika, Malediven, S\u00fcdjapan, ganz S\u00fcdostasien, Nordaustralien, Papua-Neuguinea, Ozeanien bis zur K\u00fcste Mittelamerikas<\/p>\n\n\n\n<p><strong>Erkennungsmerkmale: <\/strong> Grundfarbe knallgelb, ganz schwarz mit zahlreichen wei\u00dfen, kleinen Punkten oder knallgelb mit gro\u00dfen schwarzen Flecken mit kleinen wei\u00dfen Punkten;<\/p>\n\n\n\n<p><strong>Biologie &amp; Verhalten: <\/strong> Mit seinen drei Erscheinungsformen als adultes Tier ist dieser Kugelfisch schon etwas Besonderes. Die zweite Besonderheit ist seine enorme Verbreitung. Er geh\u00f6rt zu den Tieren die, die riesige Distanz des Ostpazifik \u00fcberwunden haben.<\/p>\n\n\n\n<p>Der Einzelg\u00e4nger frisst Korallen, Schw\u00e4mme, Weichtiere, Muscheln aber auch Algen.<\/p>\n\n\n\n<p><strong>Bedrohungsstatus:<\/strong> Die Art wird auf der Roten Liste der IUCN als <mark style=\"background-color:rgba(0, 0, 0, 0)\" class=\"has-inline-color has-vivid-green-cyan-color\">\u201enicht gef\u00e4hrdet\u201c<\/mark> gef\u00fchrt.<\/p>\n\n\n\n<p><mark style=\"background-color:rgba(0, 0, 0, 0)\" class=\"has-inline-color has-vivid-red-color\"><strong>Gefahr:<\/strong> Wie bei die meisten gr\u00f6\u00dferen Kugelfischen enth\u00e4lt auch seine Leber, Haut und Eierst\u00f6cke das Gift Tetrodotoxin, das auch f\u00fcr Menschen t\u00f6dlich ist.<\/mark><\/p>\n\n\n\n<hr class=\"wp-block-separator has-alpha-channel-opacity is-style-default\"\/>\n","protected":false},"excerpt":{"rendered":"<p>Sternen-Kugelfisch Guineafowl puffer Arothron meleagris Gr\u00f6\u00dfe: bis 50 cm Lebensraum: Korallen- und Felsenriffe, zieht ozeanische Gebiete k\u00fcstennahen vor Vorkommen: Ostafrika, Malediven, S\u00fcdjapan, ganz S\u00fcdostasien, Nordaustralien, Papua-Neuguinea, Ozeanien bis zur K\u00fcste Mittelamerikas Erkennungsmerkmale: Grundfarbe knallgelb, ganz schwarz mit zahlreichen wei\u00dfen, kleinen Punkten oder knallgelb mit gro\u00dfen schwarzen Flecken mit kleinen wei\u00dfen Punkten; Biologie &amp; Verhalten: Mit &hellip; <\/p>\n<p class=\"link-more\"><a href=\"https:\/\/alles-ueber-riffe.de\/?page_id=5141\" class=\"more-link\"><span class=\"screen-reader-text\">\u201eSternen-Kugelfisch\u201c<\/span> weiterlesen<\/a><\/p>\n","protected":false},"author":1,"featured_media":0,"parent":0,"menu_order":0,"comment_status":"closed","ping_status":"closed","template":"","meta":{"footnotes":""},"class_list":["post-5141","page","type-page","status-publish","hentry"],"_links":{"self":[{"href":"https:\/\/alles-ueber-riffe.de\/index.php?rest_route=\/wp\/v2\/pages\/5141","targetHints":{"allow":["GET"]}}],"collection":[{"href":"https:\/\/alles-ueber-riffe.de\/index.php?rest_route=\/wp\/v2\/pages"}],"about":[{"href":"https:\/\/alles-ueber-riffe.de\/index.php?rest_route=\/wp\/v2\/types\/page"}],"author":[{"embeddable":true,"href":"https:\/\/alles-ueber-riffe.de\/index.php?rest_route=\/wp\/v2\/users\/1"}],"replies":[{"embeddable":true,"href":"https:\/\/alles-ueber-riffe.de\/index.php?rest_route=%2Fwp%2Fv2%2Fcomments&post=5141"}],"version-history":[{"count":7,"href":"https:\/\/alles-ueber-riffe.de\/index.php?rest_route=\/wp\/v2\/pages\/5141\/revisions"}],"predecessor-version":[{"id":8252,"href":"https:\/\/alles-ueber-riffe.de\/index.php?rest_route=\/wp\/v2\/pages\/5141\/revisions\/8252"}],"wp:attachment":[{"href":"https:\/\/alles-ueber-riffe.de\/index.php?rest_route=%2Fwp%2Fv2%2Fmedia&parent=5141"}],"curies":[{"name":"wp","href":"https:\/\/api.w.org\/{rel}","templated":true}]}}