{"id":5135,"date":"2025-01-08T15:48:04","date_gmt":"2025-01-08T15:48:04","guid":{"rendered":"https:\/\/alles-ueber-riffe.de\/?page_id=5135"},"modified":"2025-01-27T12:24:19","modified_gmt":"2025-01-27T12:24:19","slug":"rotmeer-spitzkopfkugelfisch","status":"publish","type":"page","link":"https:\/\/alles-ueber-riffe.de\/?page_id=5135","title":{"rendered":"Rotmeer-Spitzkopfkugelfisch"},"content":{"rendered":"\n<div class=\"wp-block-group is-vertical is-layout-flex wp-container-core-group-is-layout-8cf370e7 wp-block-group-is-layout-flex\">\n<p><strong>Rotmeer-Spitzkopfkugelfisch<\/strong><\/p>\n\n\n\n<p>Pearl toby<\/p>\n\n\n\n<p><em>Canthigaster margaritata<\/em><\/p>\n<\/div>\n\n\n\n<div style=\"height:30px\" aria-hidden=\"true\" class=\"wp-block-spacer\"><\/div>\n\n\n\n<figure class=\"wp-block-video\"><video height=\"576\" style=\"aspect-ratio: 1024 \/ 576;\" width=\"1024\" controls src=\"https:\/\/alles-ueber-riffe.de\/wp-content\/uploads\/2025\/01\/Rotmeer-Spitzkopfkugelfisch.mp4\"><\/video><figcaption class=\"wp-element-caption\">\u00a9 Heinz Krimmer<\/figcaption><\/figure>\n\n\n\n<hr class=\"wp-block-separator has-alpha-channel-opacity is-style-default\"\/>\n\n\n\n<p><strong>Gr\u00f6\u00dfe: <\/strong> bis 12 cm<\/p>\n\n\n\n<p><strong>Lebensraum:<\/strong> Riffzonen mit Sand- und Ger\u00f6llb\u00f6den<\/p>\n\n\n\n<p><strong>Vorkommen:  <\/strong>von Ostafrika, Rotes Meer, Oman, Sri Lanka, Westk\u00fcste Indonesien, S\u00fcdjapan<\/p>\n\n\n\n<p><strong>Erkennungsmerkmale: <\/strong>Grundfarbe variabel von hellgrau bis hellgelb;&nbsp;&nbsp;zahlreiche schwarze, kleine Flecken; wei\u00dfe Schwanzflosse; dunkle R\u00fccken- und Afterflosse<\/p>\n\n\n\n<p><strong>Biologie &amp; Verhalten: <\/strong> Einzeln oder paarweise im Riff unterwegs. Frisst Algen, Schw\u00e4mme, hartschalige Wirbellose und Korallen.<\/p>\n\n\n\n<p><strong>Bedrohungsstatus:<\/strong> Die Art wird auf der Roten Liste der IUCN als <mark style=\"background-color:rgba(0, 0, 0, 0)\" class=\"has-inline-color has-vivid-green-cyan-color\">\u201enicht gef\u00e4hrdet<\/mark>\u201c gef\u00fchrt.<\/p>\n\n\n\n<p><mark style=\"background-color:rgba(0, 0, 0, 0)\" class=\"has-inline-color has-vivid-red-color\"><strong>Gefahr:<\/strong> Wie bei die meisten gr\u00f6\u00dferen Kugelfischen enth\u00e4lt auch seine Leber, Haut und Eierst\u00f6cke das Gift Tetrodotoxin.<\/mark><\/p>\n\n\n\n<hr class=\"wp-block-separator has-alpha-channel-opacity is-style-default\"\/>\n","protected":false},"excerpt":{"rendered":"<p>Rotmeer-Spitzkopfkugelfisch Pearl toby Canthigaster margaritata Gr\u00f6\u00dfe: bis 12 cm Lebensraum: Riffzonen mit Sand- und Ger\u00f6llb\u00f6den Vorkommen: von Ostafrika, Rotes Meer, Oman, Sri Lanka, Westk\u00fcste Indonesien, S\u00fcdjapan Erkennungsmerkmale: Grundfarbe variabel von hellgrau bis hellgelb;&nbsp;&nbsp;zahlreiche schwarze, kleine Flecken; wei\u00dfe Schwanzflosse; dunkle R\u00fccken- und Afterflosse Biologie &amp; Verhalten: Einzeln oder paarweise im Riff unterwegs. Frisst Algen, Schw\u00e4mme, hartschalige &hellip; <\/p>\n<p class=\"link-more\"><a href=\"https:\/\/alles-ueber-riffe.de\/?page_id=5135\" class=\"more-link\"><span class=\"screen-reader-text\">\u201eRotmeer-Spitzkopfkugelfisch\u201c<\/span> weiterlesen<\/a><\/p>\n","protected":false},"author":1,"featured_media":0,"parent":0,"menu_order":0,"comment_status":"closed","ping_status":"closed","template":"","meta":{"footnotes":""},"class_list":["post-5135","page","type-page","status-publish","hentry"],"_links":{"self":[{"href":"https:\/\/alles-ueber-riffe.de\/index.php?rest_route=\/wp\/v2\/pages\/5135","targetHints":{"allow":["GET"]}}],"collection":[{"href":"https:\/\/alles-ueber-riffe.de\/index.php?rest_route=\/wp\/v2\/pages"}],"about":[{"href":"https:\/\/alles-ueber-riffe.de\/index.php?rest_route=\/wp\/v2\/types\/page"}],"author":[{"embeddable":true,"href":"https:\/\/alles-ueber-riffe.de\/index.php?rest_route=\/wp\/v2\/users\/1"}],"replies":[{"embeddable":true,"href":"https:\/\/alles-ueber-riffe.de\/index.php?rest_route=%2Fwp%2Fv2%2Fcomments&post=5135"}],"version-history":[{"count":8,"href":"https:\/\/alles-ueber-riffe.de\/index.php?rest_route=\/wp\/v2\/pages\/5135\/revisions"}],"predecessor-version":[{"id":8263,"href":"https:\/\/alles-ueber-riffe.de\/index.php?rest_route=\/wp\/v2\/pages\/5135\/revisions\/8263"}],"wp:attachment":[{"href":"https:\/\/alles-ueber-riffe.de\/index.php?rest_route=%2Fwp%2Fv2%2Fmedia&parent=5135"}],"curies":[{"name":"wp","href":"https:\/\/api.w.org\/{rel}","templated":true}]}}