{"id":5132,"date":"2025-01-08T15:47:55","date_gmt":"2025-01-08T15:47:55","guid":{"rendered":"https:\/\/alles-ueber-riffe.de\/?page_id=5132"},"modified":"2025-01-26T11:26:42","modified_gmt":"2025-01-26T11:26:42","slug":"rotmeer-kugelfisch","status":"publish","type":"page","link":"https:\/\/alles-ueber-riffe.de\/?page_id=5132","title":{"rendered":"Rotmeer-Kugelfisch"},"content":{"rendered":"\n<div class=\"wp-block-group is-vertical is-layout-flex wp-container-core-group-is-layout-8cf370e7 wp-block-group-is-layout-flex\">\n<p><strong>Rotmeer-Kugelfisch<\/strong><\/p>\n\n\n\n<p>Red Sea bufferfish<\/p>\n\n\n\n<p><em>Torquigener flavimaculosus<\/em><\/p>\n<\/div>\n\n\n\n<div style=\"height:30px\" aria-hidden=\"true\" class=\"wp-block-spacer\"><\/div>\n\n\n\n<figure class=\"wp-block-video\"><video height=\"576\" style=\"aspect-ratio: 1024 \/ 576;\" width=\"1024\" controls src=\"https:\/\/alles-ueber-riffe.de\/wp-content\/uploads\/2025\/01\/Rotmeer-Kugelfisch.mp4\"><\/video><figcaption class=\"wp-element-caption\">\u00a9 Heinz Krimmer<\/figcaption><\/figure>\n\n\n\n<hr class=\"wp-block-separator has-alpha-channel-opacity is-style-default\"\/>\n\n\n\n<p><strong>Gr\u00f6\u00dfe: <\/strong> bis 16 cm<\/p>\n\n\n\n<p><strong>Lebensraum:<\/strong> Sand- und Ger\u00f6llb\u00f6den, oft in der N\u00e4he von  Korallenriffen<\/p>\n\n\n\n<p><strong>Vorkommen:  <\/strong>Ostafrika, Rotes Meer, Oman; \u00fcber den Suezkanal in das Mittelmeer eingewandert<\/p>\n\n\n\n<p><strong>Erkennungsmerkmale: <\/strong> R\u00fccken braun mit wei\u00dfen Punkten; Bauch wei\u00df<\/p>\n\n\n\n<p><strong>Biologie &amp; Verhalten: <\/strong> Seine F\u00e4rbung und Zeichnung tarnt diesen Kugelfisch auf Sandboden perfekt. Wenn er sich nicht bewegt sieht man ihn kaum. Im Sucher oder auf dem Monitor der Kamera hat man auch so seine Probleme und muss hinterher leider manchmal feststellen, dass man nur etwas Sand fotografiert hat.<\/p>\n\n\n\n<p>Glaubt man diesen Fisch in S\u00fcdostasien, S\u00fcdjapan, Nordaustralien oder Papua-Neuguinea gesehen zu haben, dann t\u00e4uscht man sich.&nbsp;&nbsp;Es handelt sich in diesem Fall um den Kurzflossen-Kugelfisch (Torquigener brevipinnis). Er verh\u00e4lt sich gleich, ist gleich gro\u00df, lebt ebenfalls auf Sandb\u00f6den und sieht auch noch zu 99% genauso aus.<\/p>\n\n\n\n<p><\/p>\n\n\n\n<p><strong>Bedrohungsstatus:<\/strong> Die Art wird auf der Roten Liste der IUCN als <mark style=\"background-color:rgba(0, 0, 0, 0)\" class=\"has-inline-color has-vivid-green-cyan-color\">\u201enicht gef\u00e4hrdet\u201c <\/mark>gef\u00fchrt.<\/p>\n\n\n\n<p><mark style=\"background-color:rgba(0, 0, 0, 0)\" class=\"has-inline-color has-vivid-red-color\"><strong>Gefahr:<\/strong> Wie viele andere Kugelfische auch ist der Rotmeer Kugelfisch giftig.<\/mark><\/p>\n\n\n\n<hr class=\"wp-block-separator has-alpha-channel-opacity is-style-default\"\/>\n","protected":false},"excerpt":{"rendered":"<p>Rotmeer-Kugelfisch Red Sea bufferfish Torquigener flavimaculosus Gr\u00f6\u00dfe: bis 16 cm Lebensraum: Sand- und Ger\u00f6llb\u00f6den, oft in der N\u00e4he von Korallenriffen Vorkommen: Ostafrika, Rotes Meer, Oman; \u00fcber den Suezkanal in das Mittelmeer eingewandert Erkennungsmerkmale: R\u00fccken braun mit wei\u00dfen Punkten; Bauch wei\u00df Biologie &amp; Verhalten: Seine F\u00e4rbung und Zeichnung tarnt diesen Kugelfisch auf Sandboden perfekt. Wenn er &hellip; <\/p>\n<p class=\"link-more\"><a href=\"https:\/\/alles-ueber-riffe.de\/?page_id=5132\" class=\"more-link\"><span class=\"screen-reader-text\">\u201eRotmeer-Kugelfisch\u201c<\/span> weiterlesen<\/a><\/p>\n","protected":false},"author":1,"featured_media":0,"parent":0,"menu_order":0,"comment_status":"closed","ping_status":"closed","template":"","meta":{"footnotes":""},"class_list":["post-5132","page","type-page","status-publish","hentry"],"_links":{"self":[{"href":"https:\/\/alles-ueber-riffe.de\/index.php?rest_route=\/wp\/v2\/pages\/5132","targetHints":{"allow":["GET"]}}],"collection":[{"href":"https:\/\/alles-ueber-riffe.de\/index.php?rest_route=\/wp\/v2\/pages"}],"about":[{"href":"https:\/\/alles-ueber-riffe.de\/index.php?rest_route=\/wp\/v2\/types\/page"}],"author":[{"embeddable":true,"href":"https:\/\/alles-ueber-riffe.de\/index.php?rest_route=\/wp\/v2\/users\/1"}],"replies":[{"embeddable":true,"href":"https:\/\/alles-ueber-riffe.de\/index.php?rest_route=%2Fwp%2Fv2%2Fcomments&post=5132"}],"version-history":[{"count":6,"href":"https:\/\/alles-ueber-riffe.de\/index.php?rest_route=\/wp\/v2\/pages\/5132\/revisions"}],"predecessor-version":[{"id":8219,"href":"https:\/\/alles-ueber-riffe.de\/index.php?rest_route=\/wp\/v2\/pages\/5132\/revisions\/8219"}],"wp:attachment":[{"href":"https:\/\/alles-ueber-riffe.de\/index.php?rest_route=%2Fwp%2Fv2%2Fmedia&parent=5132"}],"curies":[{"name":"wp","href":"https:\/\/api.w.org\/{rel}","templated":true}]}}