{"id":5129,"date":"2025-01-08T15:47:46","date_gmt":"2025-01-08T15:47:46","guid":{"rendered":"https:\/\/alles-ueber-riffe.de\/?page_id=5129"},"modified":"2025-01-26T09:13:33","modified_gmt":"2025-01-26T09:13:33","slug":"riesen-kugelfisch","status":"publish","type":"page","link":"https:\/\/alles-ueber-riffe.de\/?page_id=5129","title":{"rendered":"Riesen-Kugelfisch"},"content":{"rendered":"\n<div class=\"wp-block-group is-vertical is-layout-flex wp-container-core-group-is-layout-8cf370e7 wp-block-group-is-layout-flex\">\n<p><strong>Riesen-Kugelfisch<\/strong><\/p>\n\n\n\n<p>Stellate puffer<\/p>\n\n\n\n<p><em>Arothron stellatus<\/em><\/p>\n<\/div>\n\n\n\n<div style=\"height:30px\" aria-hidden=\"true\" class=\"wp-block-spacer\"><\/div>\n\n\n\n<figure class=\"wp-block-video\"><video height=\"576\" style=\"aspect-ratio: 1024 \/ 576;\" width=\"1024\" controls src=\"https:\/\/alles-ueber-riffe.de\/wp-content\/uploads\/2025\/01\/Riesen-Kugelfisch.mp4\"><\/video><figcaption class=\"wp-element-caption\">\u00a9 Heinz Krimmer<\/figcaption><\/figure>\n\n\n\n<hr class=\"wp-block-separator has-alpha-channel-opacity is-style-default\"\/>\n\n\n\n<p><strong>Gr\u00f6\u00dfe: <\/strong> bis 1,20 m<\/p>\n\n\n\n<p><strong>Lebensraum:<\/strong> Korallenriffe, Sandfl\u00e4chen<\/p>\n\n\n\n<p><strong>Vorkommen:  <\/strong>Ostafrika, Rotes Meer, Oman,\u00a0Malediven, S\u00fcdjapan, ganz S\u00fcdostasien, Nordaustralien, Papua-Neuguinea, Ozeanien bis zu den Tuamoto Inseln<\/p>\n\n\n\n<p><strong>Erkennungsmerkmale: <\/strong> Grundfarbe hellgrau bis braun; zahlreiche, kleine, dunkle Punkte<\/p>\n\n\n\n<p><strong>Biologie &amp; Verhalten: <\/strong> Wie der Name schon andeutet, ist er der gr\u00f6\u00dfte bekannter Kugelfisch.<\/p>\n\n\n\n<p>Den Einzelg\u00e4nger findet man oft unter Korallenst\u00f6cken auf dem Sandboden liegend, seltener im freien Wasser schwimmend. Frisst Seeigel, Krebse und andere hartschalige Wirbellose, sowie diverse Korallen, darunter auch die Feuerkoralle.<\/p>\n\n\n\n<p><strong>Bedrohungsstatus:<\/strong> Die Art wird auf der Roten Liste der IUCN als <mark style=\"background-color:rgba(0, 0, 0, 0)\" class=\"has-inline-color has-vivid-green-cyan-color\">\u201enicht gef\u00e4hrdet\u201c<\/mark> gef\u00fchrt.<\/p>\n\n\n\n<p><mark style=\"background-color:rgba(0, 0, 0, 0)\" class=\"has-inline-color has-vivid-red-color\"><strong>Gefahr:<\/strong> Wie bei die meisten gr\u00f6\u00dferen Kugelfischen enth\u00e4lt auch seine Leber, Haut und Eierst\u00f6cke das Gift Tetrodotoxin, das auch f\u00fcr Menschen t\u00f6dlich ist. <\/mark><\/p>\n\n\n\n<hr class=\"wp-block-separator has-alpha-channel-opacity is-style-default\"\/>\n","protected":false},"excerpt":{"rendered":"<p>Riesen-Kugelfisch Stellate puffer Arothron stellatus Gr\u00f6\u00dfe: bis 1,20 m Lebensraum: Korallenriffe, Sandfl\u00e4chen Vorkommen: Ostafrika, Rotes Meer, Oman,\u00a0Malediven, S\u00fcdjapan, ganz S\u00fcdostasien, Nordaustralien, Papua-Neuguinea, Ozeanien bis zu den Tuamoto Inseln Erkennungsmerkmale: Grundfarbe hellgrau bis braun; zahlreiche, kleine, dunkle Punkte Biologie &amp; Verhalten: Wie der Name schon andeutet, ist er der gr\u00f6\u00dfte bekannter Kugelfisch. Den Einzelg\u00e4nger findet man &hellip; <\/p>\n<p class=\"link-more\"><a href=\"https:\/\/alles-ueber-riffe.de\/?page_id=5129\" class=\"more-link\"><span class=\"screen-reader-text\">\u201eRiesen-Kugelfisch\u201c<\/span> weiterlesen<\/a><\/p>\n","protected":false},"author":1,"featured_media":0,"parent":0,"menu_order":0,"comment_status":"closed","ping_status":"closed","template":"","meta":{"footnotes":""},"class_list":["post-5129","page","type-page","status-publish","hentry"],"_links":{"self":[{"href":"https:\/\/alles-ueber-riffe.de\/index.php?rest_route=\/wp\/v2\/pages\/5129","targetHints":{"allow":["GET"]}}],"collection":[{"href":"https:\/\/alles-ueber-riffe.de\/index.php?rest_route=\/wp\/v2\/pages"}],"about":[{"href":"https:\/\/alles-ueber-riffe.de\/index.php?rest_route=\/wp\/v2\/types\/page"}],"author":[{"embeddable":true,"href":"https:\/\/alles-ueber-riffe.de\/index.php?rest_route=\/wp\/v2\/users\/1"}],"replies":[{"embeddable":true,"href":"https:\/\/alles-ueber-riffe.de\/index.php?rest_route=%2Fwp%2Fv2%2Fcomments&post=5129"}],"version-history":[{"count":7,"href":"https:\/\/alles-ueber-riffe.de\/index.php?rest_route=\/wp\/v2\/pages\/5129\/revisions"}],"predecessor-version":[{"id":8214,"href":"https:\/\/alles-ueber-riffe.de\/index.php?rest_route=\/wp\/v2\/pages\/5129\/revisions\/8214"}],"wp:attachment":[{"href":"https:\/\/alles-ueber-riffe.de\/index.php?rest_route=%2Fwp%2Fv2%2Fmedia&parent=5129"}],"curies":[{"name":"wp","href":"https:\/\/api.w.org\/{rel}","templated":true}]}}