{"id":5127,"date":"2025-01-08T15:47:13","date_gmt":"2025-01-08T15:47:13","guid":{"rendered":"https:\/\/alles-ueber-riffe.de\/?page_id=5127"},"modified":"2025-01-26T09:07:48","modified_gmt":"2025-01-26T09:07:48","slug":"masken-kugelfisch","status":"publish","type":"page","link":"https:\/\/alles-ueber-riffe.de\/?page_id=5127","title":{"rendered":"Masken-Kugelfisch"},"content":{"rendered":"\n<div class=\"wp-block-group is-vertical is-layout-flex wp-container-core-group-is-layout-8cf370e7 wp-block-group-is-layout-flex\">\n<p><strong>Masken-Kugelfisch<\/strong><\/p>\n\n\n\n<p>Masked puffer<\/p>\n\n\n\n<p><em>Arothron diadematus<\/em><\/p>\n<\/div>\n\n\n\n<div style=\"height:30px\" aria-hidden=\"true\" class=\"wp-block-spacer\"><\/div>\n\n\n\n<figure class=\"wp-block-video\"><video height=\"576\" style=\"aspect-ratio: 1024 \/ 576;\" width=\"1024\" controls src=\"https:\/\/alles-ueber-riffe.de\/wp-content\/uploads\/2025\/01\/Masken-Kugelfisch.mp4\"><\/video><\/figure>\n\n\n\n<hr class=\"wp-block-separator has-alpha-channel-opacity is-style-default\"\/>\n\n\n\n<p><strong>Gr\u00f6\u00dfe: <\/strong> bis 30 cm<\/p>\n\n\n\n<p><strong>Lebensraum:<\/strong> Korallenriff, Sandb\u00f6den<\/p>\n\n\n\n<p><strong>Vorkommen:  <\/strong>Rotes Meer<\/p>\n\n\n\n<p><strong>Erkennungsmerkmale: <\/strong> Grundfarbe hellbraun, mit marmoriertem dunkelbraunen Muster; schwarze Maske \u00fcber den Augen;<\/p>\n\n\n\n<p><strong>Biologie &amp; Verhalten: <\/strong> Einzelg\u00e4nger, der in der Paarungszeit in Schw\u00e4rmen auftritt.<\/p>\n\n\n\n<p><strong>Bedrohungsstatus:<\/strong> Die Art wird auf der Roten Liste der IUCN als <mark style=\"background-color:rgba(0, 0, 0, 0)\" class=\"has-inline-color has-vivid-green-cyan-color\">\u201enicht gef\u00e4hrdet\u201c<\/mark> gef\u00fchrt.<\/p>\n\n\n\n<hr class=\"wp-block-separator has-alpha-channel-opacity is-style-default\"\/>\n","protected":false},"excerpt":{"rendered":"<p>Masken-Kugelfisch Masked puffer Arothron diadematus Gr\u00f6\u00dfe: bis 30 cm Lebensraum: Korallenriff, Sandb\u00f6den Vorkommen: Rotes Meer Erkennungsmerkmale: Grundfarbe hellbraun, mit marmoriertem dunkelbraunen Muster; schwarze Maske \u00fcber den Augen; Biologie &amp; Verhalten: Einzelg\u00e4nger, der in der Paarungszeit in Schw\u00e4rmen auftritt. Bedrohungsstatus: Die Art wird auf der Roten Liste der IUCN als \u201enicht gef\u00e4hrdet\u201c gef\u00fchrt.<\/p>\n","protected":false},"author":1,"featured_media":0,"parent":0,"menu_order":0,"comment_status":"closed","ping_status":"closed","template":"","meta":{"footnotes":""},"class_list":["post-5127","page","type-page","status-publish","hentry"],"_links":{"self":[{"href":"https:\/\/alles-ueber-riffe.de\/index.php?rest_route=\/wp\/v2\/pages\/5127","targetHints":{"allow":["GET"]}}],"collection":[{"href":"https:\/\/alles-ueber-riffe.de\/index.php?rest_route=\/wp\/v2\/pages"}],"about":[{"href":"https:\/\/alles-ueber-riffe.de\/index.php?rest_route=\/wp\/v2\/types\/page"}],"author":[{"embeddable":true,"href":"https:\/\/alles-ueber-riffe.de\/index.php?rest_route=\/wp\/v2\/users\/1"}],"replies":[{"embeddable":true,"href":"https:\/\/alles-ueber-riffe.de\/index.php?rest_route=%2Fwp%2Fv2%2Fcomments&post=5127"}],"version-history":[{"count":4,"href":"https:\/\/alles-ueber-riffe.de\/index.php?rest_route=\/wp\/v2\/pages\/5127\/revisions"}],"predecessor-version":[{"id":8204,"href":"https:\/\/alles-ueber-riffe.de\/index.php?rest_route=\/wp\/v2\/pages\/5127\/revisions\/8204"}],"wp:attachment":[{"href":"https:\/\/alles-ueber-riffe.de\/index.php?rest_route=%2Fwp%2Fv2%2Fmedia&parent=5127"}],"curies":[{"name":"wp","href":"https:\/\/api.w.org\/{rel}","templated":true}]}}