{"id":5123,"date":"2025-01-08T15:46:50","date_gmt":"2025-01-08T15:46:50","guid":{"rendered":"https:\/\/alles-ueber-riffe.de\/?page_id=5123"},"modified":"2025-01-26T08:59:24","modified_gmt":"2025-01-26T08:59:24","slug":"labyrinth-spitzkopfkugelfisch","status":"publish","type":"page","link":"https:\/\/alles-ueber-riffe.de\/?page_id=5123","title":{"rendered":"Labyrinth-Spitzkopfkugelfisch"},"content":{"rendered":"\n<div class=\"wp-block-group is-vertical is-layout-flex wp-container-core-group-is-layout-8cf370e7 wp-block-group-is-layout-flex\">\n<p><strong>Labyrinth-Spitzkopfkugelfisch<\/strong><\/p>\n\n\n\n<p>Compressed toby<\/p>\n\n\n\n<p><em>Canthigaster compressa<\/em><\/p>\n<\/div>\n\n\n\n<div style=\"height:30px\" aria-hidden=\"true\" class=\"wp-block-spacer\"><\/div>\n\n\n\n<figure class=\"wp-block-image size-full\"><img loading=\"lazy\" decoding=\"async\" width=\"300\" height=\"200\" src=\"https:\/\/alles-ueber-riffe.de\/wp-content\/uploads\/2024\/11\/Labyrinth-Spitzkopfkugelfisch_300x200.jpg\" alt=\"\" class=\"wp-image-2518\"\/><figcaption class=\"wp-element-caption\">\u00a9 Heinz Krimmer<\/figcaption><\/figure>\n\n\n\n<hr class=\"wp-block-separator has-alpha-channel-opacity is-style-default\"\/>\n\n\n\n<p><strong>Gr\u00f6\u00dfe: <\/strong> bis 12 cm<\/p>\n\n\n\n<p><strong>Lebensraum:<\/strong> Korallenriff und Schlammb\u00f6den; Seegraswiesen<\/p>\n\n\n\n<p><strong>Vorkommen:  <\/strong>S\u00fcdjapan, Philippinen, Ostindonesien, Nordaustralien, Papua-Neuguinea bis zu den Salomonen, Ozeanien bis Vanuatu<\/p>\n\n\n\n<p><strong>Erkennungsmerkmale: <\/strong> R\u00fccken braun mit wei\u00dfen Linien; Bauch wei\u00df; dunkler, markanter Punkt mit hellem Rand unter der R\u00fcckenflosse<\/p>\n\n\n\n<p><strong>Biologie &amp; Verhalten: <\/strong> Oft paarweise anzutreffen. Territorial und gegen Eindringlinge auch aggressiv. Allesfresser.\u00a0<\/p>\n\n\n\n<p><strong>Bedrohungsstatus:<\/strong> Die Art wird auf der Roten Liste der IUCN als <mark style=\"background-color:rgba(0, 0, 0, 0)\" class=\"has-inline-color has-vivid-green-cyan-color\">\u201enicht gef\u00e4hrdet\u201c<\/mark> gef\u00fchrt.<\/p>\n\n\n\n<hr class=\"wp-block-separator has-alpha-channel-opacity is-style-default\"\/>\n","protected":false},"excerpt":{"rendered":"<p>Labyrinth-Spitzkopfkugelfisch Compressed toby Canthigaster compressa Gr\u00f6\u00dfe: bis 12 cm Lebensraum: Korallenriff und Schlammb\u00f6den; Seegraswiesen Vorkommen: S\u00fcdjapan, Philippinen, Ostindonesien, Nordaustralien, Papua-Neuguinea bis zu den Salomonen, Ozeanien bis Vanuatu Erkennungsmerkmale: R\u00fccken braun mit wei\u00dfen Linien; Bauch wei\u00df; dunkler, markanter Punkt mit hellem Rand unter der R\u00fcckenflosse Biologie &amp; Verhalten: Oft paarweise anzutreffen. Territorial und gegen Eindringlinge auch &hellip; <\/p>\n<p class=\"link-more\"><a href=\"https:\/\/alles-ueber-riffe.de\/?page_id=5123\" class=\"more-link\"><span class=\"screen-reader-text\">\u201eLabyrinth-Spitzkopfkugelfisch\u201c<\/span> weiterlesen<\/a><\/p>\n","protected":false},"author":1,"featured_media":0,"parent":0,"menu_order":0,"comment_status":"closed","ping_status":"closed","template":"","meta":{"footnotes":""},"class_list":["post-5123","page","type-page","status-publish","hentry"],"_links":{"self":[{"href":"https:\/\/alles-ueber-riffe.de\/index.php?rest_route=\/wp\/v2\/pages\/5123","targetHints":{"allow":["GET"]}}],"collection":[{"href":"https:\/\/alles-ueber-riffe.de\/index.php?rest_route=\/wp\/v2\/pages"}],"about":[{"href":"https:\/\/alles-ueber-riffe.de\/index.php?rest_route=\/wp\/v2\/types\/page"}],"author":[{"embeddable":true,"href":"https:\/\/alles-ueber-riffe.de\/index.php?rest_route=\/wp\/v2\/users\/1"}],"replies":[{"embeddable":true,"href":"https:\/\/alles-ueber-riffe.de\/index.php?rest_route=%2Fwp%2Fv2%2Fcomments&post=5123"}],"version-history":[{"count":6,"href":"https:\/\/alles-ueber-riffe.de\/index.php?rest_route=\/wp\/v2\/pages\/5123\/revisions"}],"predecessor-version":[{"id":8191,"href":"https:\/\/alles-ueber-riffe.de\/index.php?rest_route=\/wp\/v2\/pages\/5123\/revisions\/8191"}],"wp:attachment":[{"href":"https:\/\/alles-ueber-riffe.de\/index.php?rest_route=%2Fwp%2Fv2%2Fmedia&parent=5123"}],"curies":[{"name":"wp","href":"https:\/\/api.w.org\/{rel}","templated":true}]}}