{"id":5121,"date":"2025-01-08T15:46:41","date_gmt":"2025-01-08T15:46:41","guid":{"rendered":"https:\/\/alles-ueber-riffe.de\/?page_id=5121"},"modified":"2025-01-26T08:49:07","modified_gmt":"2025-01-26T08:49:07","slug":"indischer-spitzkopfkugelfisch","status":"publish","type":"page","link":"https:\/\/alles-ueber-riffe.de\/?page_id=5121","title":{"rendered":"Indischer Spitzkopfkugelfisch"},"content":{"rendered":"\n<div class=\"wp-block-group is-vertical is-layout-flex wp-container-core-group-is-layout-8cf370e7 wp-block-group-is-layout-flex\">\n<p><strong>Indischer Spitzkopfkugelfisch<\/strong><\/p>\n\n\n\n<p>Blue-spotted toby<\/p>\n\n\n\n<p><em>Canthigaster cyanospilota<\/em><\/p>\n<\/div>\n\n\n\n<div style=\"height:30px\" aria-hidden=\"true\" class=\"wp-block-spacer\"><\/div>\n\n\n\n<figure class=\"wp-block-video\"><video height=\"576\" style=\"aspect-ratio: 1024 \/ 576;\" width=\"1024\" controls src=\"https:\/\/alles-ueber-riffe.de\/wp-content\/uploads\/2025\/01\/Indischer-Spitzkopfkugelfisch_1920_1080.mp4\"><\/video><figcaption class=\"wp-element-caption\">\u00a9 Heinz Krimmer<\/figcaption><\/figure>\n\n\n\n<hr class=\"wp-block-separator has-alpha-channel-opacity is-style-default\"\/>\n\n\n\n<p><strong>Gr\u00f6\u00dfe: <\/strong> bis 11 cm<\/p>\n\n\n\n<p><strong>Lebensraum:<\/strong> Korallenriff, Sandb\u00f6den und Seegraswiesen<\/p>\n\n\n\n<p><strong>Vorkommen:  <\/strong>Ostafrika, Rotes Meer, Oman und Indischer Ozean bis\u00a0Westaustralien<\/p>\n\n\n\n<p><strong>Erkennungsmerkmale: <\/strong> Grundfarbe wei\u00df; drei gro\u00dfe braune, dreieckige Keile vom R\u00fccken zur K\u00f6rpermitte; kleiner, brauner Fleck unter der Brustflosse<\/p>\n\n\n\n<p><strong>Biologie &amp; Verhalten: <\/strong> Noch bis 2008 wurde dieser Fisch als Canthigaster coronata bezeichnet. Doch dann wurde die Art in drei Arten aufgeteilt: den Indischer Spitzkopfkugelfisch (Canthigaster cyanospilota), der auf dem Foto und im Film zu sehen ist. Er ist\u00a0\u00a0im von Ostafrika, dem Roten Meer und Oman und im  Indischen Ozean bis Westaustralien verbreitet. Dem Hawaii Kronen-Spitzkopfkugenfisch (Canthigaster coronata), der nur in Hawaii vorkommt und den Kronen-Spitzkopfkugelfisch (Canthigaster axiologus) mit dem Verbreitungsgebiet westlich von Hawaii bis zum Indischen Ozean.<\/p>\n\n\n\n<p>Was bedeutet das? Wenn die Biologen diese drei Arten schon kaum unterscheiden konnten, dann wird es f\u00fcr uns Taucher auch nicht leichter. Deshalb richtet man sich bei der Bestimmung einfach nach den oben skizzierten Verbreitungsgebieten der jeweiligen Arten.<\/p>\n\n\n\n<p>Frisst Wirbellose und Algen.<\/p>\n\n\n\n<p><strong>Bedrohungsstatus:<\/strong> Die Art wird auf der Roten Liste der IUCN als <mark style=\"background-color:rgba(0, 0, 0, 0)\" class=\"has-inline-color has-vivid-green-cyan-color\">\u201enicht gef\u00e4hrdet\u201c<\/mark> gef\u00fchrt.<\/p>\n\n\n\n<hr class=\"wp-block-separator has-alpha-channel-opacity is-style-default\"\/>\n","protected":false},"excerpt":{"rendered":"<p>Indischer Spitzkopfkugelfisch Blue-spotted toby Canthigaster cyanospilota Gr\u00f6\u00dfe: bis 11 cm Lebensraum: Korallenriff, Sandb\u00f6den und Seegraswiesen Vorkommen: Ostafrika, Rotes Meer, Oman und Indischer Ozean bis\u00a0Westaustralien Erkennungsmerkmale: Grundfarbe wei\u00df; drei gro\u00dfe braune, dreieckige Keile vom R\u00fccken zur K\u00f6rpermitte; kleiner, brauner Fleck unter der Brustflosse Biologie &amp; Verhalten: Noch bis 2008 wurde dieser Fisch als Canthigaster coronata bezeichnet. &hellip; <\/p>\n<p class=\"link-more\"><a href=\"https:\/\/alles-ueber-riffe.de\/?page_id=5121\" class=\"more-link\"><span class=\"screen-reader-text\">\u201eIndischer Spitzkopfkugelfisch\u201c<\/span> weiterlesen<\/a><\/p>\n","protected":false},"author":1,"featured_media":0,"parent":0,"menu_order":0,"comment_status":"closed","ping_status":"closed","template":"","meta":{"footnotes":""},"class_list":["post-5121","page","type-page","status-publish","hentry"],"_links":{"self":[{"href":"https:\/\/alles-ueber-riffe.de\/index.php?rest_route=\/wp\/v2\/pages\/5121","targetHints":{"allow":["GET"]}}],"collection":[{"href":"https:\/\/alles-ueber-riffe.de\/index.php?rest_route=\/wp\/v2\/pages"}],"about":[{"href":"https:\/\/alles-ueber-riffe.de\/index.php?rest_route=\/wp\/v2\/types\/page"}],"author":[{"embeddable":true,"href":"https:\/\/alles-ueber-riffe.de\/index.php?rest_route=\/wp\/v2\/users\/1"}],"replies":[{"embeddable":true,"href":"https:\/\/alles-ueber-riffe.de\/index.php?rest_route=%2Fwp%2Fv2%2Fcomments&post=5121"}],"version-history":[{"count":4,"href":"https:\/\/alles-ueber-riffe.de\/index.php?rest_route=\/wp\/v2\/pages\/5121\/revisions"}],"predecessor-version":[{"id":8186,"href":"https:\/\/alles-ueber-riffe.de\/index.php?rest_route=\/wp\/v2\/pages\/5121\/revisions\/8186"}],"wp:attachment":[{"href":"https:\/\/alles-ueber-riffe.de\/index.php?rest_route=%2Fwp%2Fv2%2Fmedia&parent=5121"}],"curies":[{"name":"wp","href":"https:\/\/api.w.org\/{rel}","templated":true}]}}