{"id":5112,"date":"2025-01-08T15:45:53","date_gmt":"2025-01-08T15:45:53","guid":{"rendered":"https:\/\/alles-ueber-riffe.de\/?page_id=5112"},"modified":"2025-01-26T08:23:10","modified_gmt":"2025-01-26T08:23:10","slug":"langschnautzen-plattkopf","status":"publish","type":"page","link":"https:\/\/alles-ueber-riffe.de\/?page_id=5112","title":{"rendered":"Langschnautzen-Plattkopf"},"content":{"rendered":"\n<div class=\"wp-block-group is-vertical is-layout-flex wp-container-core-group-is-layout-8cf370e7 wp-block-group-is-layout-flex\">\n<p><strong>Langschnautzen-Plattkopf<\/strong><\/p>\n\n\n\n<p>Longsnout flathead<\/p>\n\n\n\n<p><em>Thysanophrys chiltonae<\/em><\/p>\n<\/div>\n\n\n\n<div style=\"height:30px\" aria-hidden=\"true\" class=\"wp-block-spacer\"><\/div>\n\n\n\n<figure class=\"wp-block-image size-full\"><img loading=\"lazy\" decoding=\"async\" width=\"1024\" height=\"768\" src=\"https:\/\/alles-ueber-riffe.de\/wp-content\/uploads\/2025\/01\/Langschnautzen-Plattkopf_1204x768.jpg\" alt=\"\" class=\"wp-image-8167\" srcset=\"https:\/\/alles-ueber-riffe.de\/wp-content\/uploads\/2025\/01\/Langschnautzen-Plattkopf_1204x768.jpg 1024w, https:\/\/alles-ueber-riffe.de\/wp-content\/uploads\/2025\/01\/Langschnautzen-Plattkopf_1204x768-300x225.jpg 300w, https:\/\/alles-ueber-riffe.de\/wp-content\/uploads\/2025\/01\/Langschnautzen-Plattkopf_1204x768-768x576.jpg 768w\" sizes=\"auto, (max-width: 767px) 89vw, (max-width: 1000px) 54vw, (max-width: 1071px) 543px, 580px\" \/><figcaption class=\"wp-element-caption\">\u00a9 Joris Rombouts<\/figcaption><\/figure>\n\n\n\n<hr class=\"wp-block-separator has-alpha-channel-opacity is-style-default\"\/>\n\n\n\n<p><strong>Gr\u00f6\u00dfe: <\/strong> bis 25 cm<\/p>\n\n\n\n<p><strong>Lebensraum:<\/strong> Sand- und Schlammb\u00f6den assoziiert mir Riffen<\/p>\n\n\n\n<p><strong>Vorkommen:  <\/strong>Ostafrika, Malediven, S\u00fcdjapan, ganz S\u00fcdostasien, Nordaustralien, Papua-Neuguinea, Ozeanien bis Franz\u00f6sisch-Polynesien<\/p>\n\n\n\n<p><strong>Erkennungsmerkmale: <\/strong> Grundfarbe hell mit braunen Flecken und B\u00e4ndern; eng zusammenstehende Augen<\/p>\n\n\n\n<p><strong>Biologie &amp; Verhalten: <\/strong> Weit verbreitete Art, doch selten zu sehen.<\/p>\n\n\n\n<p>Gut getarnt wartet der Lauerj\u00e4ger geduldig auf vorbei schwimmende Fische, die er blitzschnell mit seinem gro\u00dfen Maul einsaugt.<\/p>\n\n\n\n<p><strong>Bedrohungsstatus:<\/strong> Die Art wird auf der Roten Liste der IUCN als <mark style=\"background-color:rgba(0, 0, 0, 0)\" class=\"has-inline-color has-vivid-green-cyan-color\">\u201enicht gef\u00e4hrdet\u201c<\/mark> gef\u00fchrt.<\/p>\n\n\n\n<hr class=\"wp-block-separator has-alpha-channel-opacity is-style-default\"\/>\n","protected":false},"excerpt":{"rendered":"<p>Langschnautzen-Plattkopf Longsnout flathead Thysanophrys chiltonae Gr\u00f6\u00dfe: bis 25 cm Lebensraum: Sand- und Schlammb\u00f6den assoziiert mir Riffen Vorkommen: Ostafrika, Malediven, S\u00fcdjapan, ganz S\u00fcdostasien, Nordaustralien, Papua-Neuguinea, Ozeanien bis Franz\u00f6sisch-Polynesien Erkennungsmerkmale: Grundfarbe hell mit braunen Flecken und B\u00e4ndern; eng zusammenstehende Augen Biologie &amp; Verhalten: Weit verbreitete Art, doch selten zu sehen. Gut getarnt wartet der Lauerj\u00e4ger geduldig auf &hellip; <\/p>\n<p class=\"link-more\"><a href=\"https:\/\/alles-ueber-riffe.de\/?page_id=5112\" class=\"more-link\"><span class=\"screen-reader-text\">\u201eLangschnautzen-Plattkopf\u201c<\/span> weiterlesen<\/a><\/p>\n","protected":false},"author":1,"featured_media":0,"parent":0,"menu_order":0,"comment_status":"closed","ping_status":"closed","template":"","meta":{"footnotes":""},"class_list":["post-5112","page","type-page","status-publish","hentry"],"_links":{"self":[{"href":"https:\/\/alles-ueber-riffe.de\/index.php?rest_route=\/wp\/v2\/pages\/5112","targetHints":{"allow":["GET"]}}],"collection":[{"href":"https:\/\/alles-ueber-riffe.de\/index.php?rest_route=\/wp\/v2\/pages"}],"about":[{"href":"https:\/\/alles-ueber-riffe.de\/index.php?rest_route=\/wp\/v2\/types\/page"}],"author":[{"embeddable":true,"href":"https:\/\/alles-ueber-riffe.de\/index.php?rest_route=\/wp\/v2\/users\/1"}],"replies":[{"embeddable":true,"href":"https:\/\/alles-ueber-riffe.de\/index.php?rest_route=%2Fwp%2Fv2%2Fcomments&post=5112"}],"version-history":[{"count":5,"href":"https:\/\/alles-ueber-riffe.de\/index.php?rest_route=\/wp\/v2\/pages\/5112\/revisions"}],"predecessor-version":[{"id":8170,"href":"https:\/\/alles-ueber-riffe.de\/index.php?rest_route=\/wp\/v2\/pages\/5112\/revisions\/8170"}],"wp:attachment":[{"href":"https:\/\/alles-ueber-riffe.de\/index.php?rest_route=%2Fwp%2Fv2%2Fmedia&parent=5112"}],"curies":[{"name":"wp","href":"https:\/\/api.w.org\/{rel}","templated":true}]}}