{"id":5109,"date":"2025-01-08T15:45:44","date_gmt":"2025-01-08T15:45:44","guid":{"rendered":"https:\/\/alles-ueber-riffe.de\/?page_id=5109"},"modified":"2025-01-26T07:11:08","modified_gmt":"2025-01-26T07:11:08","slug":"beauforts-krokodilsfisch","status":"publish","type":"page","link":"https:\/\/alles-ueber-riffe.de\/?page_id=5109","title":{"rendered":"Beauforts Krokodilsfisch"},"content":{"rendered":"\n<div class=\"wp-block-group is-vertical is-layout-flex wp-container-core-group-is-layout-8cf370e7 wp-block-group-is-layout-flex\">\n<p><strong>Beauforts Krokodilsfisch<\/strong><\/p>\n\n\n\n<p>Crocodile fish<\/p>\n\n\n\n<p><em>Cymbacephalus beauforti<\/em><\/p>\n<\/div>\n\n\n\n<div style=\"height:30px\" aria-hidden=\"true\" class=\"wp-block-spacer\"><\/div>\n\n\n\n<figure class=\"wp-block-image size-full\"><img loading=\"lazy\" decoding=\"async\" width=\"1024\" height=\"768\" src=\"https:\/\/alles-ueber-riffe.de\/wp-content\/uploads\/2025\/01\/Beauforts-Krokodilsfisch_1024x768.jpg\" alt=\"\" class=\"wp-image-8154\" srcset=\"https:\/\/alles-ueber-riffe.de\/wp-content\/uploads\/2025\/01\/Beauforts-Krokodilsfisch_1024x768.jpg 1024w, https:\/\/alles-ueber-riffe.de\/wp-content\/uploads\/2025\/01\/Beauforts-Krokodilsfisch_1024x768-300x225.jpg 300w, https:\/\/alles-ueber-riffe.de\/wp-content\/uploads\/2025\/01\/Beauforts-Krokodilsfisch_1024x768-768x576.jpg 768w\" sizes=\"auto, (max-width: 767px) 89vw, (max-width: 1000px) 54vw, (max-width: 1071px) 543px, 580px\" \/><\/figure>\n\n\n\n<figure class=\"wp-block-image size-full\"><img loading=\"lazy\" decoding=\"async\" width=\"1024\" height=\"768\" src=\"https:\/\/alles-ueber-riffe.de\/wp-content\/uploads\/2025\/01\/Beauforts-Krokodilsfisch_1024x768_Farbvariante.jpg\" alt=\"\" class=\"wp-image-8155\" srcset=\"https:\/\/alles-ueber-riffe.de\/wp-content\/uploads\/2025\/01\/Beauforts-Krokodilsfisch_1024x768_Farbvariante.jpg 1024w, https:\/\/alles-ueber-riffe.de\/wp-content\/uploads\/2025\/01\/Beauforts-Krokodilsfisch_1024x768_Farbvariante-300x225.jpg 300w, https:\/\/alles-ueber-riffe.de\/wp-content\/uploads\/2025\/01\/Beauforts-Krokodilsfisch_1024x768_Farbvariante-768x576.jpg 768w\" sizes=\"auto, (max-width: 767px) 89vw, (max-width: 1000px) 54vw, (max-width: 1071px) 543px, 580px\" \/><figcaption class=\"wp-element-caption\">\u00a9 Joris Rombouts<\/figcaption><\/figure>\n\n\n\n<hr class=\"wp-block-separator has-alpha-channel-opacity is-style-default\"\/>\n\n\n\n<p><strong>Gr\u00f6\u00dfe: <\/strong> bis 50 cm<\/p>\n\n\n\n<p><strong>Lebensraum:<\/strong> Sand- und Schlammb\u00f6den, Mangrovengebieten in der N\u00e4he von oder in Riffen<\/p>\n\n\n\n<p><strong>Vorkommen:  <\/strong>Singapur, Philippinen, Indonesien, Borneo, Papua Neuguinea, Nordaustralien, Ozeanien bis Palau<\/p>\n\n\n\n<p><strong>Erkennungsmerkmale: <\/strong> Grundfarbe hell bis dunkelbraun mit mehr oder weniger ausgepr\u00e4gtem marmorierten Muster; dunkles Band an den Augen; oder schwarz mit hellem Querband hinter den Kiemen und hellen Brustflossen<\/p>\n\n\n\n<p><strong>Biologie &amp; Verhalten: <\/strong> Gut getarnt wartet der Lauerj\u00e4ger geduldig auf vorbei schwimmende Fische, die er blitzschnell mit seinem gro\u00dfen Maul einsaugt.<\/p>\n\n\n\n<p><strong>Bedrohungsstatus:<\/strong> Die Art wird auf der Roten Liste der IUCN als <mark style=\"background-color:rgba(0, 0, 0, 0)\" class=\"has-inline-color has-vivid-green-cyan-color\">\u201enicht gef\u00e4hrdet\u201c<\/mark> gef\u00fchrt.<\/p>\n\n\n\n<hr class=\"wp-block-separator has-alpha-channel-opacity is-style-default\"\/>\n","protected":false},"excerpt":{"rendered":"<p>Beauforts Krokodilsfisch Crocodile fish Cymbacephalus beauforti Gr\u00f6\u00dfe: bis 50 cm Lebensraum: Sand- und Schlammb\u00f6den, Mangrovengebieten in der N\u00e4he von oder in Riffen Vorkommen: Singapur, Philippinen, Indonesien, Borneo, Papua Neuguinea, Nordaustralien, Ozeanien bis Palau Erkennungsmerkmale: Grundfarbe hell bis dunkelbraun mit mehr oder weniger ausgepr\u00e4gtem marmorierten Muster; dunkles Band an den Augen; oder schwarz mit hellem Querband &hellip; <\/p>\n<p class=\"link-more\"><a href=\"https:\/\/alles-ueber-riffe.de\/?page_id=5109\" class=\"more-link\"><span class=\"screen-reader-text\">\u201eBeauforts Krokodilsfisch\u201c<\/span> weiterlesen<\/a><\/p>\n","protected":false},"author":1,"featured_media":0,"parent":0,"menu_order":0,"comment_status":"closed","ping_status":"closed","template":"","meta":{"footnotes":""},"class_list":["post-5109","page","type-page","status-publish","hentry"],"_links":{"self":[{"href":"https:\/\/alles-ueber-riffe.de\/index.php?rest_route=\/wp\/v2\/pages\/5109","targetHints":{"allow":["GET"]}}],"collection":[{"href":"https:\/\/alles-ueber-riffe.de\/index.php?rest_route=\/wp\/v2\/pages"}],"about":[{"href":"https:\/\/alles-ueber-riffe.de\/index.php?rest_route=\/wp\/v2\/types\/page"}],"author":[{"embeddable":true,"href":"https:\/\/alles-ueber-riffe.de\/index.php?rest_route=\/wp\/v2\/users\/1"}],"replies":[{"embeddable":true,"href":"https:\/\/alles-ueber-riffe.de\/index.php?rest_route=%2Fwp%2Fv2%2Fcomments&post=5109"}],"version-history":[{"count":4,"href":"https:\/\/alles-ueber-riffe.de\/index.php?rest_route=\/wp\/v2\/pages\/5109\/revisions"}],"predecessor-version":[{"id":8158,"href":"https:\/\/alles-ueber-riffe.de\/index.php?rest_route=\/wp\/v2\/pages\/5109\/revisions\/8158"}],"wp:attachment":[{"href":"https:\/\/alles-ueber-riffe.de\/index.php?rest_route=%2Fwp%2Fv2%2Fmedia&parent=5109"}],"curies":[{"name":"wp","href":"https:\/\/api.w.org\/{rel}","templated":true}]}}