{"id":5107,"date":"2025-01-08T15:45:34","date_gmt":"2025-01-08T15:45:34","guid":{"rendered":"https:\/\/alles-ueber-riffe.de\/?page_id=5107"},"modified":"2025-01-26T07:06:03","modified_gmt":"2025-01-26T07:06:03","slug":"gemeiner-krokodilsfisch","status":"publish","type":"page","link":"https:\/\/alles-ueber-riffe.de\/?page_id=5107","title":{"rendered":"Gemeiner Krokodilsfisch"},"content":{"rendered":"\n<div class=\"wp-block-group is-vertical is-layout-flex wp-container-core-group-is-layout-8cf370e7 wp-block-group-is-layout-flex\">\n<p><strong>Gemeiner Krokodilsfisch<\/strong><\/p>\n\n\n\n<p>Tentacled flathead<\/p>\n\n\n\n<p><em>Papilloculiceps longiceps<\/em><\/p>\n<\/div>\n\n\n\n<div style=\"height:30px\" aria-hidden=\"true\" class=\"wp-block-spacer\"><\/div>\n\n\n\n<figure class=\"wp-block-video\"><video height=\"576\" style=\"aspect-ratio: 1024 \/ 576;\" width=\"1024\" controls src=\"https:\/\/alles-ueber-riffe.de\/wp-content\/uploads\/2025\/01\/Gemeiner-Krokodilsfisch.mp4\"><\/video><figcaption class=\"wp-element-caption\">\u00a9 Heinz Krimmer<\/figcaption><\/figure>\n\n\n\n<hr class=\"wp-block-separator has-alpha-channel-opacity is-style-default\"\/>\n\n\n\n<p><strong>Gr\u00f6\u00dfe: <\/strong> bis 1 m<\/p>\n\n\n\n<p><strong>Lebensraum:<\/strong> Sand-, Schlamm- und Ger\u00f6llb\u00f6den in der N\u00e4he von Riffen<\/p>\n\n\n\n<p><strong>Vorkommen:  <\/strong>Ostafrika, Rotes Meer bis Oman<\/p>\n\n\n\n<p><strong>Erkennungsmerkmale: <\/strong> Grundfarbe hellbraun; gro\u00dfe, braune Flecken und Streifen; gro\u00dfer Kopf und Brustflossen<\/p>\n\n\n\n<p><strong>Biologie &amp; Verhalten: <\/strong> Dieser Krokodilsfisch liegt oft auf dem Sandboden, manchmal aber auch teilweise eingegraben, so dass nur der Kopf zu sehen ist. Gut getarnt wartet der Lauerj\u00e4ger geduldig auf vorbei schwimmende Fische, die er blitzschnell mit seinem gro\u00dfen Maul einsaugt.<\/p>\n\n\n\n<p><strong>Bedrohungsstatus:<\/strong> Die Art wird auf der Roten Liste der IUCN als <mark style=\"background-color:rgba(0, 0, 0, 0)\" class=\"has-inline-color has-vivid-green-cyan-color\">\u201enicht gef\u00e4hrdet\u201c <\/mark>gef\u00fchrt.<\/p>\n\n\n\n<hr class=\"wp-block-separator has-alpha-channel-opacity is-style-default\"\/>\n","protected":false},"excerpt":{"rendered":"<p>Gemeiner Krokodilsfisch Tentacled flathead Papilloculiceps longiceps Gr\u00f6\u00dfe: bis 1 m Lebensraum: Sand-, Schlamm- und Ger\u00f6llb\u00f6den in der N\u00e4he von Riffen Vorkommen: Ostafrika, Rotes Meer bis Oman Erkennungsmerkmale: Grundfarbe hellbraun; gro\u00dfe, braune Flecken und Streifen; gro\u00dfer Kopf und Brustflossen Biologie &amp; Verhalten: Dieser Krokodilsfisch liegt oft auf dem Sandboden, manchmal aber auch teilweise eingegraben, so dass &hellip; <\/p>\n<p class=\"link-more\"><a href=\"https:\/\/alles-ueber-riffe.de\/?page_id=5107\" class=\"more-link\"><span class=\"screen-reader-text\">\u201eGemeiner Krokodilsfisch\u201c<\/span> weiterlesen<\/a><\/p>\n","protected":false},"author":1,"featured_media":0,"parent":0,"menu_order":0,"comment_status":"closed","ping_status":"closed","template":"","meta":{"footnotes":""},"class_list":["post-5107","page","type-page","status-publish","hentry"],"_links":{"self":[{"href":"https:\/\/alles-ueber-riffe.de\/index.php?rest_route=\/wp\/v2\/pages\/5107","targetHints":{"allow":["GET"]}}],"collection":[{"href":"https:\/\/alles-ueber-riffe.de\/index.php?rest_route=\/wp\/v2\/pages"}],"about":[{"href":"https:\/\/alles-ueber-riffe.de\/index.php?rest_route=\/wp\/v2\/types\/page"}],"author":[{"embeddable":true,"href":"https:\/\/alles-ueber-riffe.de\/index.php?rest_route=\/wp\/v2\/users\/1"}],"replies":[{"embeddable":true,"href":"https:\/\/alles-ueber-riffe.de\/index.php?rest_route=%2Fwp%2Fv2%2Fcomments&post=5107"}],"version-history":[{"count":6,"href":"https:\/\/alles-ueber-riffe.de\/index.php?rest_route=\/wp\/v2\/pages\/5107\/revisions"}],"predecessor-version":[{"id":8152,"href":"https:\/\/alles-ueber-riffe.de\/index.php?rest_route=\/wp\/v2\/pages\/5107\/revisions\/8152"}],"wp:attachment":[{"href":"https:\/\/alles-ueber-riffe.de\/index.php?rest_route=%2Fwp%2Fv2%2Fmedia&parent=5107"}],"curies":[{"name":"wp","href":"https:\/\/api.w.org\/{rel}","templated":true}]}}