{"id":5105,"date":"2025-01-08T15:45:22","date_gmt":"2025-01-08T15:45:22","guid":{"rendered":"https:\/\/alles-ueber-riffe.de\/?page_id=5105"},"modified":"2025-01-22T21:08:59","modified_gmt":"2025-01-22T21:08:59","slug":"gestreifter-korallenwels","status":"publish","type":"page","link":"https:\/\/alles-ueber-riffe.de\/?page_id=5105","title":{"rendered":"Gestreifter Korallenwels"},"content":{"rendered":"\n<div class=\"wp-block-group is-vertical is-layout-flex wp-container-core-group-is-layout-8cf370e7 wp-block-group-is-layout-flex\">\n<p><strong>Gestreifter Korallenwels<\/strong><\/p>\n\n\n\n<p>Striped eel Catfish<\/p>\n\n\n\n<p><em>Plotosus lineatus<\/em><\/p>\n<\/div>\n\n\n\n<div style=\"height:30px\" aria-hidden=\"true\" class=\"wp-block-spacer\"><\/div>\n\n\n\n<figure class=\"wp-block-video\"><video height=\"576\" style=\"aspect-ratio: 1024 \/ 576;\" width=\"1024\" controls src=\"https:\/\/alles-ueber-riffe.de\/wp-content\/uploads\/2025\/01\/Gestreifter-Korallenwels.mp4\"><\/video><figcaption class=\"wp-element-caption\">\u00a9 Heinz Krimmer<\/figcaption><\/figure>\n\n\n\n<hr class=\"wp-block-separator has-alpha-channel-opacity is-style-default\"\/>\n\n\n\n<p><strong>Gr\u00f6\u00dfe: <\/strong> bis 32 cm<\/p>\n\n\n\n<p><strong>Lebensraum:<\/strong> Sand- und Schlammb\u00f6den; Seegrasbiotope in der N\u00e4he von Riffen<\/p>\n\n\n\n<p><strong>Vorkommen:  <\/strong>Ostafrika, Rotes Meer, Malediven, S\u00fcdjapan, ganz S\u00fcdostasien, Nordaustralien, Papua-Neuguinea, Ozeanien bis Samoa<\/p>\n\n\n\n<p><strong>Erkennungsmerkmale: <\/strong> Barteln am Kopf und schmale, wei\u00dfe und breite, braune L\u00e4ngsstreifen<\/p>\n\n\n\n<p><strong>Biologie &amp; Verhalten: <\/strong> Juvenile Korallenwelse bilden oft kleine Schw\u00e4rme und durchk\u00e4mmen den Sandboden nach Wirbellosen. Die st\u00e4ndig wechselnden Formationen dieser Schw\u00e4rme sind ein tolles Schauspiel. Adulte Exemplare findet man meistens einzeln und oft versteckt unter Korallenbl\u00f6cken.<\/p>\n\n\n\n<p>Einziger Wels, der im Korallenriff lebt.<\/p>\n\n\n\n<p><strong>Bedrohungsstatus:<\/strong> Die Art wird auf der Roten Liste der IUCN als <mark style=\"background-color:rgba(0, 0, 0, 0)\" class=\"has-inline-color has-vivid-green-cyan-color\">\u201enicht gef\u00e4hrdet\u201c<\/mark> gef\u00fchrt.<\/p>\n\n\n\n<p><mark style=\"background-color:rgba(0, 0, 0, 0)\" class=\"has-inline-color has-vivid-red-color\"><strong>Gefahr:<\/strong>: Der erste Strahl der R\u00fcckenflossen als auch der Brustflossen enth\u00e4lt ein f\u00fcr uns Menschen sehr schmerzhaftes Gift.<\/mark><\/p>\n\n\n\n<hr class=\"wp-block-separator has-alpha-channel-opacity is-style-default\"\/>\n","protected":false},"excerpt":{"rendered":"<p>Gestreifter Korallenwels Striped eel Catfish Plotosus lineatus Gr\u00f6\u00dfe: bis 32 cm Lebensraum: Sand- und Schlammb\u00f6den; Seegrasbiotope in der N\u00e4he von Riffen Vorkommen: Ostafrika, Rotes Meer, Malediven, S\u00fcdjapan, ganz S\u00fcdostasien, Nordaustralien, Papua-Neuguinea, Ozeanien bis Samoa Erkennungsmerkmale: Barteln am Kopf und schmale, wei\u00dfe und breite, braune L\u00e4ngsstreifen Biologie &amp; Verhalten: Juvenile Korallenwelse bilden oft kleine Schw\u00e4rme und &hellip; <\/p>\n<p class=\"link-more\"><a href=\"https:\/\/alles-ueber-riffe.de\/?page_id=5105\" class=\"more-link\"><span class=\"screen-reader-text\">\u201eGestreifter Korallenwels\u201c<\/span> weiterlesen<\/a><\/p>\n","protected":false},"author":1,"featured_media":0,"parent":0,"menu_order":0,"comment_status":"closed","ping_status":"closed","template":"","meta":{"footnotes":""},"class_list":["post-5105","page","type-page","status-publish","hentry"],"_links":{"self":[{"href":"https:\/\/alles-ueber-riffe.de\/index.php?rest_route=\/wp\/v2\/pages\/5105","targetHints":{"allow":["GET"]}}],"collection":[{"href":"https:\/\/alles-ueber-riffe.de\/index.php?rest_route=\/wp\/v2\/pages"}],"about":[{"href":"https:\/\/alles-ueber-riffe.de\/index.php?rest_route=\/wp\/v2\/types\/page"}],"author":[{"embeddable":true,"href":"https:\/\/alles-ueber-riffe.de\/index.php?rest_route=\/wp\/v2\/users\/1"}],"replies":[{"embeddable":true,"href":"https:\/\/alles-ueber-riffe.de\/index.php?rest_route=%2Fwp%2Fv2%2Fcomments&post=5105"}],"version-history":[{"count":4,"href":"https:\/\/alles-ueber-riffe.de\/index.php?rest_route=\/wp\/v2\/pages\/5105\/revisions"}],"predecessor-version":[{"id":8032,"href":"https:\/\/alles-ueber-riffe.de\/index.php?rest_route=\/wp\/v2\/pages\/5105\/revisions\/8032"}],"wp:attachment":[{"href":"https:\/\/alles-ueber-riffe.de\/index.php?rest_route=%2Fwp%2Fv2%2Fmedia&parent=5105"}],"curies":[{"name":"wp","href":"https:\/\/api.w.org\/{rel}","templated":true}]}}