{"id":5097,"date":"2025-01-08T15:44:39","date_gmt":"2025-01-08T15:44:39","guid":{"rendered":"https:\/\/alles-ueber-riffe.de\/?page_id=5097"},"modified":"2025-01-25T23:32:50","modified_gmt":"2025-01-25T23:32:50","slug":"weisspunkt-kofferfisch","status":"publish","type":"page","link":"https:\/\/alles-ueber-riffe.de\/?page_id=5097","title":{"rendered":"Wei\u00dfpunkt-Kofferfisch"},"content":{"rendered":"\n<div class=\"wp-block-group is-vertical is-layout-flex wp-container-core-group-is-layout-8cf370e7 wp-block-group-is-layout-flex\">\n<p><strong>Echter Clownfisch&nbsp;<\/strong><\/p>\n\n\n\n<p>Orange clownfish<\/p>\n\n\n\n<p><em>Amphiprion percula<\/em><\/p>\n<\/div>\n\n\n\n<div style=\"height:30px\" aria-hidden=\"true\" class=\"wp-block-spacer\"><\/div>\n\n\n\n<figure class=\"wp-block-video\"><video height=\"576\" style=\"aspect-ratio: 1024 \/ 576;\" width=\"1024\" controls src=\"https:\/\/alles-ueber-riffe.de\/wp-content\/uploads\/2025\/01\/Weisspunkt-Kofferfisch.mp4\"><\/video><\/figure>\n\n\n\n<hr class=\"wp-block-separator has-alpha-channel-opacity is-style-default\"\/>\n\n\n\n<p><strong>Gr\u00f6\u00dfe: <\/strong> bis 25 cm<\/p>\n\n\n\n<p><strong>Lebensraum:<\/strong> Korallenriffe<\/p>\n\n\n\n<p><strong>Vorkommen:  <\/strong>Ostafrika, Malediven, S\u00fcdjapan, ganz S\u00fcdostasien, Nordaustralien, Papua-Neuguinea, Ozeanien bis Hawaii<\/p>\n\n\n\n<p><strong>Erkennungsmerkmale: <\/strong> Grundfarbe des Weibchens braun mit wei\u00dfen Punkten; M\u00e4nnchen dunkelblau mit schwarzen Punkten an der Seite (ein Farbvariante mit gelben Punkten an der Seite gibt es auch) , R\u00fccken schwarz mit wei\u00dfen oder gelben Punkten<\/p>\n\n\n\n<p><strong>Biologie &amp; Verhalten: <\/strong> Neben den Farbvarianten gibt es zu allem \u00dcberfluss auch noch zwei Unterarten:&nbsp;Ostracion meleagris camurum in Hawaii und den Ostracion meleagris clippertonense&nbsp;&nbsp;im Ostpazifik, die man kaum voneinander unterscheiden kann.<\/p>\n\n\n\n<p>Der Einzelg\u00e4nger frisst Wirbellose wie Muscheln, Schw\u00e4mme und Manteltiere aber auch&nbsp;&nbsp;Algen.<\/p>\n\n\n\n<p><strong>Bedrohungsstatus:<\/strong> Die Art wird auf der Roten Liste der IUCN als <mark style=\"background-color:rgba(0, 0, 0, 0)\" class=\"has-inline-color has-vivid-green-cyan-color\">\u201enicht gef\u00e4hrdet\u201c<\/mark> gef\u00fchrt.<\/p>\n\n\n\n<p><mark style=\"background-color:rgba(0, 0, 0, 0)\" class=\"has-inline-color has-vivid-red-color\"><strong>Gefahr:<\/strong> Das Tier verf\u00fcgt \u00fcber ein sehr starkes Gift. Ber\u00fchrungen oder Verzehr unbedingt vermeiden.<\/mark><\/p>\n\n\n\n<hr class=\"wp-block-separator has-alpha-channel-opacity is-style-default\"\/>\n","protected":false},"excerpt":{"rendered":"<p>Echter Clownfisch&nbsp; Orange clownfish Amphiprion percula Gr\u00f6\u00dfe: bis 25 cm Lebensraum: Korallenriffe Vorkommen: Ostafrika, Malediven, S\u00fcdjapan, ganz S\u00fcdostasien, Nordaustralien, Papua-Neuguinea, Ozeanien bis Hawaii Erkennungsmerkmale: Grundfarbe des Weibchens braun mit wei\u00dfen Punkten; M\u00e4nnchen dunkelblau mit schwarzen Punkten an der Seite (ein Farbvariante mit gelben Punkten an der Seite gibt es auch) , R\u00fccken schwarz mit wei\u00dfen &hellip; <\/p>\n<p class=\"link-more\"><a href=\"https:\/\/alles-ueber-riffe.de\/?page_id=5097\" class=\"more-link\"><span class=\"screen-reader-text\">\u201eWei\u00dfpunkt-Kofferfisch\u201c<\/span> weiterlesen<\/a><\/p>\n","protected":false},"author":1,"featured_media":0,"parent":0,"menu_order":0,"comment_status":"closed","ping_status":"closed","template":"","meta":{"footnotes":""},"class_list":["post-5097","page","type-page","status-publish","hentry"],"_links":{"self":[{"href":"https:\/\/alles-ueber-riffe.de\/index.php?rest_route=\/wp\/v2\/pages\/5097","targetHints":{"allow":["GET"]}}],"collection":[{"href":"https:\/\/alles-ueber-riffe.de\/index.php?rest_route=\/wp\/v2\/pages"}],"about":[{"href":"https:\/\/alles-ueber-riffe.de\/index.php?rest_route=\/wp\/v2\/types\/page"}],"author":[{"embeddable":true,"href":"https:\/\/alles-ueber-riffe.de\/index.php?rest_route=\/wp\/v2\/users\/1"}],"replies":[{"embeddable":true,"href":"https:\/\/alles-ueber-riffe.de\/index.php?rest_route=%2Fwp%2Fv2%2Fcomments&post=5097"}],"version-history":[{"count":5,"href":"https:\/\/alles-ueber-riffe.de\/index.php?rest_route=\/wp\/v2\/pages\/5097\/revisions"}],"predecessor-version":[{"id":8143,"href":"https:\/\/alles-ueber-riffe.de\/index.php?rest_route=\/wp\/v2\/pages\/5097\/revisions\/8143"}],"wp:attachment":[{"href":"https:\/\/alles-ueber-riffe.de\/index.php?rest_route=%2Fwp%2Fv2%2Fmedia&parent=5097"}],"curies":[{"name":"wp","href":"https:\/\/api.w.org\/{rel}","templated":true}]}}