{"id":5094,"date":"2025-01-08T15:44:30","date_gmt":"2025-01-08T15:44:30","guid":{"rendered":"https:\/\/alles-ueber-riffe.de\/?page_id=5094"},"modified":"2025-01-25T23:26:21","modified_gmt":"2025-01-25T23:26:21","slug":"pyramiden-kofferfisch","status":"publish","type":"page","link":"https:\/\/alles-ueber-riffe.de\/?page_id=5094","title":{"rendered":"Pyramiden-Kofferfisch"},"content":{"rendered":"\n<div class=\"wp-block-group is-vertical is-layout-flex wp-container-core-group-is-layout-8cf370e7 wp-block-group-is-layout-flex\">\n<p><strong>Pyramiden-Kofferfisch<\/strong><\/p>\n\n\n\n<p>Humpback turretfish<\/p>\n\n\n\n<p><em>Tetrosomus gibbosus<\/em><\/p>\n<\/div>\n\n\n\n<div style=\"height:30px\" aria-hidden=\"true\" class=\"wp-block-spacer\"><\/div>\n\n\n\n<figure class=\"wp-block-video\"><video height=\"576\" style=\"aspect-ratio: 1024 \/ 576;\" width=\"1024\" controls src=\"https:\/\/alles-ueber-riffe.de\/wp-content\/uploads\/2025\/01\/Pyramiden-Kofferfisch.mp4\"><\/video><figcaption class=\"wp-element-caption\">\u00a9 Heinz Krimmer<\/figcaption><\/figure>\n\n\n\n<hr class=\"wp-block-separator has-alpha-channel-opacity is-style-default\"\/>\n\n\n\n<p><strong>Gr\u00f6\u00dfe: <\/strong> bis 30 cm<\/p>\n\n\n\n<p><strong>Lebensraum:<\/strong> Sand-, Schlammb\u00f6den und Seegraswiesen, oft in der N\u00e4he von Riffen<\/p>\n\n\n\n<p><strong>Vorkommen:  <\/strong>von Ostafrika, Rotes Meer, Oman, Malediven, ganz S\u00fcdostasien, Nordaustralien; \u00fcber den Suezkanal auch in das Mittelmeer eingewandert<\/p>\n\n\n\n<p><strong>Erkennungsmerkmale: <\/strong> Grundfarbe gelbbraun; netzartiges blaues Muster; gro\u00dfes Horn am R\u00fccken; dreieckige Form<\/p>\n\n\n\n<p><strong>Biologie &amp; Verhalten: <\/strong> Von vorne sieht dieser Kofferfisch wirklich wie eine dreieckige Pyramide aus. Sch\u00f6n, dass er auch noch in \u00c4gypten vorkommt.<\/p>\n\n\n\n<p>Der Einzelg\u00e4nger frisst kleine Wirbellose. Er macht es den Fotografen schwer, denn er ist eher scheu. Nur ein einziges Mal traf ich ein neugieriges Exemplar, dass sich f\u00fcr meine Kamera interessierte.<\/p>\n\n\n\n<p><strong>Bedrohungsstatus:<\/strong> Die Art wird auf der Roten Liste der IUCN als <mark style=\"background-color:rgba(0, 0, 0, 0)\" class=\"has-inline-color has-vivid-green-cyan-color\">\u201enicht gef\u00e4hrdet\u201c<\/mark> gef\u00fchrt.<\/p>\n\n\n\n<p><mark style=\"background-color:rgba(0, 0, 0, 0)\" class=\"has-inline-color has-vivid-red-color\"><strong>Gefahr: <\/strong>Kann bei Stress oder Bedrohung ein Gift \u00fcber die Haut absondern. <\/mark><\/p>\n\n\n\n<hr class=\"wp-block-separator has-alpha-channel-opacity is-style-default\"\/>\n","protected":false},"excerpt":{"rendered":"<p>Pyramiden-Kofferfisch Humpback turretfish Tetrosomus gibbosus Gr\u00f6\u00dfe: bis 30 cm Lebensraum: Sand-, Schlammb\u00f6den und Seegraswiesen, oft in der N\u00e4he von Riffen Vorkommen: von Ostafrika, Rotes Meer, Oman, Malediven, ganz S\u00fcdostasien, Nordaustralien; \u00fcber den Suezkanal auch in das Mittelmeer eingewandert Erkennungsmerkmale: Grundfarbe gelbbraun; netzartiges blaues Muster; gro\u00dfes Horn am R\u00fccken; dreieckige Form Biologie &amp; Verhalten: Von vorne &hellip; <\/p>\n<p class=\"link-more\"><a href=\"https:\/\/alles-ueber-riffe.de\/?page_id=5094\" class=\"more-link\"><span class=\"screen-reader-text\">\u201ePyramiden-Kofferfisch\u201c<\/span> weiterlesen<\/a><\/p>\n","protected":false},"author":1,"featured_media":0,"parent":0,"menu_order":0,"comment_status":"closed","ping_status":"closed","template":"","meta":{"footnotes":""},"class_list":["post-5094","page","type-page","status-publish","hentry"],"_links":{"self":[{"href":"https:\/\/alles-ueber-riffe.de\/index.php?rest_route=\/wp\/v2\/pages\/5094","targetHints":{"allow":["GET"]}}],"collection":[{"href":"https:\/\/alles-ueber-riffe.de\/index.php?rest_route=\/wp\/v2\/pages"}],"about":[{"href":"https:\/\/alles-ueber-riffe.de\/index.php?rest_route=\/wp\/v2\/types\/page"}],"author":[{"embeddable":true,"href":"https:\/\/alles-ueber-riffe.de\/index.php?rest_route=\/wp\/v2\/users\/1"}],"replies":[{"embeddable":true,"href":"https:\/\/alles-ueber-riffe.de\/index.php?rest_route=%2Fwp%2Fv2%2Fcomments&post=5094"}],"version-history":[{"count":6,"href":"https:\/\/alles-ueber-riffe.de\/index.php?rest_route=\/wp\/v2\/pages\/5094\/revisions"}],"predecessor-version":[{"id":8138,"href":"https:\/\/alles-ueber-riffe.de\/index.php?rest_route=\/wp\/v2\/pages\/5094\/revisions\/8138"}],"wp:attachment":[{"href":"https:\/\/alles-ueber-riffe.de\/index.php?rest_route=%2Fwp%2Fv2%2Fmedia&parent=5094"}],"curies":[{"name":"wp","href":"https:\/\/api.w.org\/{rel}","templated":true}]}}