{"id":5091,"date":"2025-01-08T15:44:21","date_gmt":"2025-01-08T15:44:21","guid":{"rendered":"https:\/\/alles-ueber-riffe.de\/?page_id=5091"},"modified":"2025-01-25T23:20:03","modified_gmt":"2025-01-25T23:20:03","slug":"langhorn-kofferfisch","status":"publish","type":"page","link":"https:\/\/alles-ueber-riffe.de\/?page_id=5091","title":{"rendered":"Langhorn-Kofferfisch"},"content":{"rendered":"\n<div class=\"wp-block-group is-vertical is-layout-flex wp-container-core-group-is-layout-8cf370e7 wp-block-group-is-layout-flex\">\n<p><strong>Langhorn-Kofferfisch<\/strong><\/p>\n\n\n\n<p>Longhorn cowfish<\/p>\n\n\n\n<p><em>Lactoria cornuta<\/em><\/p>\n<\/div>\n\n\n\n<div style=\"height:30px\" aria-hidden=\"true\" class=\"wp-block-spacer\"><\/div>\n\n\n\n<figure class=\"wp-block-image size-full\"><img loading=\"lazy\" decoding=\"async\" width=\"1024\" height=\"768\" src=\"https:\/\/alles-ueber-riffe.de\/wp-content\/uploads\/2025\/01\/Langhorn-Kofferfisch_1024_768.jpg\" alt=\"\" class=\"wp-image-8124\" srcset=\"https:\/\/alles-ueber-riffe.de\/wp-content\/uploads\/2025\/01\/Langhorn-Kofferfisch_1024_768.jpg 1024w, https:\/\/alles-ueber-riffe.de\/wp-content\/uploads\/2025\/01\/Langhorn-Kofferfisch_1024_768-300x225.jpg 300w, https:\/\/alles-ueber-riffe.de\/wp-content\/uploads\/2025\/01\/Langhorn-Kofferfisch_1024_768-768x576.jpg 768w\" sizes=\"auto, (max-width: 767px) 89vw, (max-width: 1000px) 54vw, (max-width: 1071px) 543px, 580px\" \/><figcaption class=\"wp-element-caption\">\u00a9 Heinz Krimmer<\/figcaption><\/figure>\n\n\n\n<hr class=\"wp-block-separator has-alpha-channel-opacity is-style-default\"\/>\n\n\n\n<p><strong>Gr\u00f6\u00dfe: <\/strong> bis 46 cm<\/p>\n\n\n\n<p><strong>Lebensraum:<\/strong> Sand-, Schlammb\u00f6den und in Korallenriffe<\/p>\n\n\n\n<p><strong>Vorkommen:  <\/strong>Ostafrika, Rotes Meer, Oman, Malediven, ganz S\u00fcdostasien, Nordaustralien, Papua-Neuguinea, Ozeanien bis Tuamoto<\/p>\n\n\n\n<p><strong>Erkennungsmerkmale: <\/strong> Grundfarbe gelbbraun; netzartiges braunes Muster; zwei lange H\u00f6rner an der Stirn und am hinteren Ende<\/p>\n\n\n\n<p><strong>Biologie &amp; Verhalten: <\/strong> Mit seinen langen H\u00f6rnern sieht er einfach super skurril aus.<\/p>\n\n\n\n<p>Das Foto von den Philippinen zeigt den Langhorn-Kofferfisch im Riff. \u00d6fter findet man ihn auf Sand- und Schlammb\u00f6den, im Brackwasser der Flussm\u00fcndungen und in H\u00e4fen.<\/p>\n\n\n\n<p>Der Einzelg\u00e4nger frisst kleine Wirbellose. Kann leicht mit dem R\u00fcckendorn-Kofferfisch verwechselt werden. Diesen besitzt allerdings einen R\u00fcckendorn, der dem Langhorn-Kofferfisch fehlt.<\/p>\n\n\n\n<p><strong>Bedrohungsstatus:<\/strong> Die Art wird auf der Roten Liste der IUCN als <mark style=\"background-color:rgba(0, 0, 0, 0)\" class=\"has-inline-color has-vivid-green-cyan-color\">\u201enicht gef\u00e4hrdet\u201c<\/mark> gef\u00fchrt.<\/p>\n\n\n\n<p><mark style=\"background-color:rgba(0, 0, 0, 0)\" class=\"has-inline-color has-vivid-red-color\"><strong>Gefahr: <\/strong>Vom Verzehren wird wegen der Gefahr einer ciguatoxischen Vergiftung wird gewarnt.\u00a0<\/mark><br><\/p>\n\n\n\n<hr class=\"wp-block-separator has-alpha-channel-opacity is-style-default\"\/>\n","protected":false},"excerpt":{"rendered":"<p>Langhorn-Kofferfisch Longhorn cowfish Lactoria cornuta Gr\u00f6\u00dfe: bis 46 cm Lebensraum: Sand-, Schlammb\u00f6den und in Korallenriffe Vorkommen: Ostafrika, Rotes Meer, Oman, Malediven, ganz S\u00fcdostasien, Nordaustralien, Papua-Neuguinea, Ozeanien bis Tuamoto Erkennungsmerkmale: Grundfarbe gelbbraun; netzartiges braunes Muster; zwei lange H\u00f6rner an der Stirn und am hinteren Ende Biologie &amp; Verhalten: Mit seinen langen H\u00f6rnern sieht er einfach super &hellip; <\/p>\n<p class=\"link-more\"><a href=\"https:\/\/alles-ueber-riffe.de\/?page_id=5091\" class=\"more-link\"><span class=\"screen-reader-text\">\u201eLanghorn-Kofferfisch\u201c<\/span> weiterlesen<\/a><\/p>\n","protected":false},"author":1,"featured_media":0,"parent":0,"menu_order":0,"comment_status":"closed","ping_status":"closed","template":"","meta":{"footnotes":""},"class_list":["post-5091","page","type-page","status-publish","hentry"],"_links":{"self":[{"href":"https:\/\/alles-ueber-riffe.de\/index.php?rest_route=\/wp\/v2\/pages\/5091","targetHints":{"allow":["GET"]}}],"collection":[{"href":"https:\/\/alles-ueber-riffe.de\/index.php?rest_route=\/wp\/v2\/pages"}],"about":[{"href":"https:\/\/alles-ueber-riffe.de\/index.php?rest_route=\/wp\/v2\/types\/page"}],"author":[{"embeddable":true,"href":"https:\/\/alles-ueber-riffe.de\/index.php?rest_route=\/wp\/v2\/users\/1"}],"replies":[{"embeddable":true,"href":"https:\/\/alles-ueber-riffe.de\/index.php?rest_route=%2Fwp%2Fv2%2Fcomments&post=5091"}],"version-history":[{"count":9,"href":"https:\/\/alles-ueber-riffe.de\/index.php?rest_route=\/wp\/v2\/pages\/5091\/revisions"}],"predecessor-version":[{"id":8131,"href":"https:\/\/alles-ueber-riffe.de\/index.php?rest_route=\/wp\/v2\/pages\/5091\/revisions\/8131"}],"wp:attachment":[{"href":"https:\/\/alles-ueber-riffe.de\/index.php?rest_route=%2Fwp%2Fv2%2Fmedia&parent=5091"}],"curies":[{"name":"wp","href":"https:\/\/api.w.org\/{rel}","templated":true}]}}