{"id":5078,"date":"2025-01-08T15:43:17","date_gmt":"2025-01-08T15:43:17","guid":{"rendered":"https:\/\/alles-ueber-riffe.de\/?page_id=5078"},"modified":"2025-01-25T22:54:06","modified_gmt":"2025-01-25T22:54:06","slug":"augenring-kieferfisch","status":"publish","type":"page","link":"https:\/\/alles-ueber-riffe.de\/?page_id=5078","title":{"rendered":"Augenring-Kieferfisch"},"content":{"rendered":"\n<div class=\"wp-block-group is-vertical is-layout-flex wp-container-core-group-is-layout-8cf370e7 wp-block-group-is-layout-flex\">\n<p><strong>Augenring-Kieferfisch<\/strong><\/p>\n\n\n\n<p>Ring-eye jawfish<\/p>\n\n\n\n<p><em>Opistognathus sp.<\/em><\/p>\n<\/div>\n\n\n\n<div style=\"height:30px\" aria-hidden=\"true\" class=\"wp-block-spacer\"><\/div>\n\n\n\n<figure class=\"wp-block-image size-full\"><img loading=\"lazy\" decoding=\"async\" width=\"1024\" height=\"768\" src=\"https:\/\/alles-ueber-riffe.de\/wp-content\/uploads\/2025\/01\/Augenring-Kieferfisch_1024x768.jpg\" alt=\"\" class=\"wp-image-8090\" srcset=\"https:\/\/alles-ueber-riffe.de\/wp-content\/uploads\/2025\/01\/Augenring-Kieferfisch_1024x768.jpg 1024w, https:\/\/alles-ueber-riffe.de\/wp-content\/uploads\/2025\/01\/Augenring-Kieferfisch_1024x768-300x225.jpg 300w, https:\/\/alles-ueber-riffe.de\/wp-content\/uploads\/2025\/01\/Augenring-Kieferfisch_1024x768-768x576.jpg 768w\" sizes=\"auto, (max-width: 767px) 89vw, (max-width: 1000px) 54vw, (max-width: 1071px) 543px, 580px\" \/><figcaption class=\"wp-element-caption\">\u00a9 Heinz Krimmer<\/figcaption><\/figure>\n\n\n\n<hr class=\"wp-block-separator has-alpha-channel-opacity is-style-default\"\/>\n\n\n\n<p><strong>Gr\u00f6\u00dfe: <\/strong> bis 10 cm<\/p>\n\n\n\n<p><strong>Lebensraum:<\/strong> Sand- und Ger\u00f6llb\u00f6den im Flachwasserbereich<\/p>\n\n\n\n<p><strong>Vorkommen:  <\/strong>Philippinen und Indonesien<\/p>\n\n\n\n<p><strong>Erkennungsmerkmale: <\/strong> wei\u00dfer Ring um die Iris<\/p>\n\n\n\n<p><strong>Biologie &amp; Verhalten: <\/strong> Lebt als Einzelg\u00e4nger in selbst gebauten H\u00f6hlen.<\/p>\n\n\n\n<p>Kieferfische sind nicht einfach zu bestimmen. Besonders schwierig wird es, wenn sie ihre H\u00f6hle nicht verlassen und man nur den Kopf sieht. Hat man Gl\u00fcck ist das Maul voller Eier, denn Kieferfische sind Maulbr\u00fcter.<\/p>\n\n\n\n<p>Sp. bedeutet in diesem Fall, dass die Art noch nicht wissenschaftlich bestimmt ist.<\/p>\n\n\n\n<p><strong>Bedrohungsstatus:<\/strong> Es liegen zu wenig Daten vor, um einen Status auf der Roten Liste der IUCN zu bestimmen.<\/p>\n\n\n\n<hr class=\"wp-block-separator has-alpha-channel-opacity is-style-default\"\/>\n","protected":false},"excerpt":{"rendered":"<p>Augenring-Kieferfisch Ring-eye jawfish Opistognathus sp. Gr\u00f6\u00dfe: bis 10 cm Lebensraum: Sand- und Ger\u00f6llb\u00f6den im Flachwasserbereich Vorkommen: Philippinen und Indonesien Erkennungsmerkmale: wei\u00dfer Ring um die Iris Biologie &amp; Verhalten: Lebt als Einzelg\u00e4nger in selbst gebauten H\u00f6hlen. Kieferfische sind nicht einfach zu bestimmen. Besonders schwierig wird es, wenn sie ihre H\u00f6hle nicht verlassen und man nur den &hellip; <\/p>\n<p class=\"link-more\"><a href=\"https:\/\/alles-ueber-riffe.de\/?page_id=5078\" class=\"more-link\"><span class=\"screen-reader-text\">\u201eAugenring-Kieferfisch\u201c<\/span> weiterlesen<\/a><\/p>\n","protected":false},"author":1,"featured_media":0,"parent":0,"menu_order":0,"comment_status":"closed","ping_status":"closed","template":"","meta":{"footnotes":""},"class_list":["post-5078","page","type-page","status-publish","hentry"],"_links":{"self":[{"href":"https:\/\/alles-ueber-riffe.de\/index.php?rest_route=\/wp\/v2\/pages\/5078","targetHints":{"allow":["GET"]}}],"collection":[{"href":"https:\/\/alles-ueber-riffe.de\/index.php?rest_route=\/wp\/v2\/pages"}],"about":[{"href":"https:\/\/alles-ueber-riffe.de\/index.php?rest_route=\/wp\/v2\/types\/page"}],"author":[{"embeddable":true,"href":"https:\/\/alles-ueber-riffe.de\/index.php?rest_route=\/wp\/v2\/users\/1"}],"replies":[{"embeddable":true,"href":"https:\/\/alles-ueber-riffe.de\/index.php?rest_route=%2Fwp%2Fv2%2Fcomments&post=5078"}],"version-history":[{"count":5,"href":"https:\/\/alles-ueber-riffe.de\/index.php?rest_route=\/wp\/v2\/pages\/5078\/revisions"}],"predecessor-version":[{"id":8093,"href":"https:\/\/alles-ueber-riffe.de\/index.php?rest_route=\/wp\/v2\/pages\/5078\/revisions\/8093"}],"wp:attachment":[{"href":"https:\/\/alles-ueber-riffe.de\/index.php?rest_route=%2Fwp%2Fv2%2Fmedia&parent=5078"}],"curies":[{"name":"wp","href":"https:\/\/api.w.org\/{rel}","templated":true}]}}