{"id":5063,"date":"2025-01-08T15:41:58","date_gmt":"2025-01-08T15:41:58","guid":{"rendered":"https:\/\/alles-ueber-riffe.de\/?page_id=5063"},"modified":"2025-03-09T21:20:03","modified_gmt":"2025-03-09T21:20:03","slug":"schwarzguertel-kardinalbarsch","status":"publish","type":"page","link":"https:\/\/alles-ueber-riffe.de\/?page_id=5063","title":{"rendered":"Schwarzg\u00fcrtel- Kardinalbarsch"},"content":{"rendered":"\n<div class=\"wp-block-group is-vertical is-layout-flex wp-container-core-group-is-layout-8cf370e7 wp-block-group-is-layout-flex\">\n<p><strong>Schwarzg\u00fcrtel-Kardinalbarsch<\/strong><\/p>\n\n\n\n<p>Blackbelted cardinalfish<\/p>\n\n\n\n<p><em>Archamia zosterophora<\/em><strong><\/strong><\/p>\n<\/div>\n\n\n\n<div style=\"height:30px\" aria-hidden=\"true\" class=\"wp-block-spacer\"><\/div>\n\n\n\n<figure class=\"wp-block-image size-full\"><img loading=\"lazy\" decoding=\"async\" width=\"1024\" height=\"768\" src=\"https:\/\/alles-ueber-riffe.de\/wp-content\/uploads\/2025\/03\/Schwarzguertel-Kardinalbarsch_1024x768.jpg\" alt=\"\" class=\"wp-image-10760\" srcset=\"https:\/\/alles-ueber-riffe.de\/wp-content\/uploads\/2025\/03\/Schwarzguertel-Kardinalbarsch_1024x768.jpg 1024w, https:\/\/alles-ueber-riffe.de\/wp-content\/uploads\/2025\/03\/Schwarzguertel-Kardinalbarsch_1024x768-300x225.jpg 300w, https:\/\/alles-ueber-riffe.de\/wp-content\/uploads\/2025\/03\/Schwarzguertel-Kardinalbarsch_1024x768-768x576.jpg 768w\" sizes=\"auto, (max-width: 767px) 89vw, (max-width: 1000px) 54vw, (max-width: 1071px) 543px, 580px\" \/><figcaption class=\"wp-element-caption\">\u00a9 Joris Rombouts<\/figcaption><\/figure>\n\n\n\n<hr class=\"wp-block-separator has-alpha-channel-opacity is-style-default\"\/>\n\n\n\n<p><strong>Gr\u00f6\u00dfe: <\/strong> bis 8 cm<\/p>\n\n\n\n<p><strong>Lebensraum:<\/strong> Korallenriffe<\/p>\n\n\n\n<p><strong>Vorkommen:  <\/strong>Indonesien, Nordaustralien, Papua-Neuguinea, Ozeanien bis Neukaledonien<\/p>\n\n\n\n<p><strong>Erkennungsmerkmale: <\/strong> Grundfarbe grau; schwarzes, breites Querband von der R\u00fcckenflosse zum Bauch; zwei rote, kurze Querstreifen \u00fcber die Kiemen<\/p>\n\n\n\n<p><strong>Biologie &amp; Verhalten: <\/strong> Maulbr\u00fcter. Nachtaktiv. Den Schwarzg\u00fcrtel-Kardinalbarsch sieht man im Riff bevorzug bei <em>Porites<\/em> und <em>Acropora<\/em> Hartkorallen. Sie versammeln sich zu kleineren Schw\u00e4rmen.<\/p>\n\n\n\n<p><strong>Bedrohungsstatus:<\/strong> Die Art wird auf der Roten Liste der IUCN als <mark style=\"background-color:rgba(0, 0, 0, 0)\" class=\"has-inline-color has-vivid-green-cyan-color\">\u201enicht gef\u00e4hrdet\u201c<\/mark> gef\u00fchrt.<\/p>\n\n\n\n<hr class=\"wp-block-separator has-alpha-channel-opacity is-style-default\"\/>\n","protected":false},"excerpt":{"rendered":"<p>Schwarzg\u00fcrtel-Kardinalbarsch Blackbelted cardinalfish Archamia zosterophora Gr\u00f6\u00dfe: bis 8 cm Lebensraum: Korallenriffe Vorkommen: Indonesien, Nordaustralien, Papua-Neuguinea, Ozeanien bis Neukaledonien Erkennungsmerkmale: Grundfarbe grau; schwarzes, breites Querband von der R\u00fcckenflosse zum Bauch; zwei rote, kurze Querstreifen \u00fcber die Kiemen Biologie &amp; Verhalten: Maulbr\u00fcter. Nachtaktiv. Den Schwarzg\u00fcrtel-Kardinalbarsch sieht man im Riff bevorzug bei Porites und Acropora Hartkorallen. Sie versammeln &hellip; <\/p>\n<p class=\"link-more\"><a href=\"https:\/\/alles-ueber-riffe.de\/?page_id=5063\" class=\"more-link\"><span class=\"screen-reader-text\">\u201eSchwarzg\u00fcrtel- Kardinalbarsch\u201c<\/span> weiterlesen<\/a><\/p>\n","protected":false},"author":1,"featured_media":0,"parent":0,"menu_order":0,"comment_status":"closed","ping_status":"closed","template":"","meta":{"footnotes":""},"class_list":["post-5063","page","type-page","status-publish","hentry"],"_links":{"self":[{"href":"https:\/\/alles-ueber-riffe.de\/index.php?rest_route=\/wp\/v2\/pages\/5063","targetHints":{"allow":["GET"]}}],"collection":[{"href":"https:\/\/alles-ueber-riffe.de\/index.php?rest_route=\/wp\/v2\/pages"}],"about":[{"href":"https:\/\/alles-ueber-riffe.de\/index.php?rest_route=\/wp\/v2\/types\/page"}],"author":[{"embeddable":true,"href":"https:\/\/alles-ueber-riffe.de\/index.php?rest_route=\/wp\/v2\/users\/1"}],"replies":[{"embeddable":true,"href":"https:\/\/alles-ueber-riffe.de\/index.php?rest_route=%2Fwp%2Fv2%2Fcomments&post=5063"}],"version-history":[{"count":6,"href":"https:\/\/alles-ueber-riffe.de\/index.php?rest_route=\/wp\/v2\/pages\/5063\/revisions"}],"predecessor-version":[{"id":10764,"href":"https:\/\/alles-ueber-riffe.de\/index.php?rest_route=\/wp\/v2\/pages\/5063\/revisions\/10764"}],"wp:attachment":[{"href":"https:\/\/alles-ueber-riffe.de\/index.php?rest_route=%2Fwp%2Fv2%2Fmedia&parent=5063"}],"curies":[{"name":"wp","href":"https:\/\/api.w.org\/{rel}","templated":true}]}}