{"id":5059,"date":"2025-01-08T15:41:39","date_gmt":"2025-01-08T15:41:39","guid":{"rendered":"https:\/\/alles-ueber-riffe.de\/?page_id=5059"},"modified":"2025-03-09T21:08:28","modified_gmt":"2025-03-09T21:08:28","slug":"kinnstreifen-kardinalbarsch","status":"publish","type":"page","link":"https:\/\/alles-ueber-riffe.de\/?page_id=5059","title":{"rendered":"Kinnstreifen-Kardinalbarsch"},"content":{"rendered":"\n<div class=\"wp-block-group is-vertical is-layout-flex wp-container-core-group-is-layout-8cf370e7 wp-block-group-is-layout-flex\">\n<p><strong>Kinnstreifen-Kardinalbarsch<\/strong><\/p>\n\n\n\n<p>Southern orange-lined cardinalfish<\/p>\n\n\n\n<p><em>Ostorhinchus<\/em><em>&nbsp;properuptus<\/em><strong><\/strong><\/p>\n<\/div>\n\n\n\n<div style=\"height:30px\" aria-hidden=\"true\" class=\"wp-block-spacer\"><\/div>\n\n\n\n<figure class=\"wp-block-image size-full\"><img loading=\"lazy\" decoding=\"async\" width=\"1024\" height=\"768\" src=\"https:\/\/alles-ueber-riffe.de\/wp-content\/uploads\/2025\/03\/Kinnstreifen-Kardinalbarsch_1024x768.jpg\" alt=\"\" class=\"wp-image-10746\" srcset=\"https:\/\/alles-ueber-riffe.de\/wp-content\/uploads\/2025\/03\/Kinnstreifen-Kardinalbarsch_1024x768.jpg 1024w, https:\/\/alles-ueber-riffe.de\/wp-content\/uploads\/2025\/03\/Kinnstreifen-Kardinalbarsch_1024x768-300x225.jpg 300w, https:\/\/alles-ueber-riffe.de\/wp-content\/uploads\/2025\/03\/Kinnstreifen-Kardinalbarsch_1024x768-768x576.jpg 768w\" sizes=\"auto, (max-width: 767px) 89vw, (max-width: 1000px) 54vw, (max-width: 1071px) 543px, 580px\" \/><figcaption class=\"wp-element-caption\">\u00a9 Joris Rombouts<\/figcaption><\/figure>\n\n\n\n<hr class=\"wp-block-separator has-alpha-channel-opacity is-style-default\"\/>\n\n\n\n<p><strong>Gr\u00f6\u00dfe: <\/strong> bis 6 cm<\/p>\n\n\n\n<p><strong>Lebensraum:<\/strong> Korallenriffe<\/p>\n\n\n\n<p><strong>Vorkommen:  <\/strong>S\u00fcdjapan, ganz S\u00fcdostasien, Nordaustralien, Papua-Neuguinea<\/p>\n\n\n\n<p><strong>Erkennungsmerkmale: <\/strong> Grundfarbe orange; wei\u00dfe L\u00e4ngslinien<\/p>\n\n\n\n<p><strong>Biologie &amp; Verhalten: <\/strong> Maulbr\u00fcter. Versteckt sich tags\u00fcber in kleinen Gruppen im Riff.<\/p>\n\n\n\n<p>Der Doppelg\u00e4nger des Kinnsteifen-Kardinalbarsches ist der Goldstreifen-Kardinalbarsch (<em>Ostorhinchus cyanosoma)<\/em>. Der untere L\u00e4ngsstreifen des\u00a0\u00a0Kinnsteifen-Kardinalbarsches geht aber nur vom Maul bis hinter die Kiemen.<\/p>\n\n\n\n<p><\/p>\n\n\n\n<p><strong>Bedrohungsstatus:<\/strong> Die Art wird auf der Roten Liste der IUCN als <mark style=\"background-color:rgba(0, 0, 0, 0)\" class=\"has-inline-color has-vivid-green-cyan-color\">\u201enicht gef\u00e4hrdet\u201c<\/mark> gef\u00fchrt.<\/p>\n\n\n\n<hr class=\"wp-block-separator has-alpha-channel-opacity is-style-default\"\/>\n","protected":false},"excerpt":{"rendered":"<p>Kinnstreifen-Kardinalbarsch Southern orange-lined cardinalfish Ostorhinchus&nbsp;properuptus Gr\u00f6\u00dfe: bis 6 cm Lebensraum: Korallenriffe Vorkommen: S\u00fcdjapan, ganz S\u00fcdostasien, Nordaustralien, Papua-Neuguinea Erkennungsmerkmale: Grundfarbe orange; wei\u00dfe L\u00e4ngslinien Biologie &amp; Verhalten: Maulbr\u00fcter. Versteckt sich tags\u00fcber in kleinen Gruppen im Riff. Der Doppelg\u00e4nger des Kinnsteifen-Kardinalbarsches ist der Goldstreifen-Kardinalbarsch (Ostorhinchus cyanosoma). Der untere L\u00e4ngsstreifen des\u00a0\u00a0Kinnsteifen-Kardinalbarsches geht aber nur vom Maul bis hinter die &hellip; <\/p>\n<p class=\"link-more\"><a href=\"https:\/\/alles-ueber-riffe.de\/?page_id=5059\" class=\"more-link\"><span class=\"screen-reader-text\">\u201eKinnstreifen-Kardinalbarsch\u201c<\/span> weiterlesen<\/a><\/p>\n","protected":false},"author":1,"featured_media":0,"parent":0,"menu_order":0,"comment_status":"closed","ping_status":"closed","template":"","meta":{"footnotes":""},"class_list":["post-5059","page","type-page","status-publish","hentry"],"_links":{"self":[{"href":"https:\/\/alles-ueber-riffe.de\/index.php?rest_route=\/wp\/v2\/pages\/5059","targetHints":{"allow":["GET"]}}],"collection":[{"href":"https:\/\/alles-ueber-riffe.de\/index.php?rest_route=\/wp\/v2\/pages"}],"about":[{"href":"https:\/\/alles-ueber-riffe.de\/index.php?rest_route=\/wp\/v2\/types\/page"}],"author":[{"embeddable":true,"href":"https:\/\/alles-ueber-riffe.de\/index.php?rest_route=\/wp\/v2\/users\/1"}],"replies":[{"embeddable":true,"href":"https:\/\/alles-ueber-riffe.de\/index.php?rest_route=%2Fwp%2Fv2%2Fcomments&post=5059"}],"version-history":[{"count":3,"href":"https:\/\/alles-ueber-riffe.de\/index.php?rest_route=\/wp\/v2\/pages\/5059\/revisions"}],"predecessor-version":[{"id":10748,"href":"https:\/\/alles-ueber-riffe.de\/index.php?rest_route=\/wp\/v2\/pages\/5059\/revisions\/10748"}],"wp:attachment":[{"href":"https:\/\/alles-ueber-riffe.de\/index.php?rest_route=%2Fwp%2Fv2%2Fmedia&parent=5059"}],"curies":[{"name":"wp","href":"https:\/\/api.w.org\/{rel}","templated":true}]}}