{"id":5048,"date":"2025-01-08T15:40:48","date_gmt":"2025-01-08T15:40:48","guid":{"rendered":"https:\/\/alles-ueber-riffe.de\/?page_id=5048"},"modified":"2025-03-08T22:22:56","modified_gmt":"2025-03-08T22:22:56","slug":"schwarzstreifen-kardinalbarsch","status":"publish","type":"page","link":"https:\/\/alles-ueber-riffe.de\/?page_id=5048","title":{"rendered":"Schwarzstreifen-Kardinalbarsch"},"content":{"rendered":"\n<div class=\"wp-block-group is-vertical is-layout-flex wp-container-core-group-is-layout-8cf370e7 wp-block-group-is-layout-flex\">\n<p><strong>Schwarzstreifen-Kardinalbarsch<\/strong><\/p>\n\n\n\n<p>Blackstripe cardinalfish<\/p>\n\n\n\n<p><em>Ostorhinchus nigrofasciatus<\/em><strong><\/strong><\/p>\n<\/div>\n\n\n\n<div style=\"height:30px\" aria-hidden=\"true\" class=\"wp-block-spacer\"><\/div>\n\n\n\n<figure class=\"wp-block-image size-full\"><img loading=\"lazy\" decoding=\"async\" width=\"1024\" height=\"768\" src=\"https:\/\/alles-ueber-riffe.de\/wp-content\/uploads\/2025\/03\/Schwarzstreifen-Kardinalbarsch_1024x768.jpg\" alt=\"\" class=\"wp-image-10722\" srcset=\"https:\/\/alles-ueber-riffe.de\/wp-content\/uploads\/2025\/03\/Schwarzstreifen-Kardinalbarsch_1024x768.jpg 1024w, https:\/\/alles-ueber-riffe.de\/wp-content\/uploads\/2025\/03\/Schwarzstreifen-Kardinalbarsch_1024x768-300x225.jpg 300w, https:\/\/alles-ueber-riffe.de\/wp-content\/uploads\/2025\/03\/Schwarzstreifen-Kardinalbarsch_1024x768-768x576.jpg 768w\" sizes=\"auto, (max-width: 767px) 89vw, (max-width: 1000px) 54vw, (max-width: 1071px) 543px, 580px\" \/><figcaption class=\"wp-element-caption\">\u00a9 Heinz Krimmer<\/figcaption><\/figure>\n\n\n\n<hr class=\"wp-block-separator has-alpha-channel-opacity is-style-default\"\/>\n\n\n\n<p><strong>Gr\u00f6\u00dfe: <\/strong> bis 10 cm<\/p>\n\n\n\n<p><strong>Lebensraum:<\/strong> Korallenriffe<\/p>\n\n\n\n<p><strong>Vorkommen:  <\/strong>Ostafrika, Rotes Meer, Malediven, S\u00fcdjapan, Philippinen, Ostindonesien, Malaysia, Nordaustralien, Papua-Neuguinea, Ozeanien bis zu den Tuamoto Inseln<\/p>\n\n\n\n<p><strong>Erkennungsmerkmale: <\/strong> Grundfarbe schwarz; wei\u00dfe L\u00e4ngsstreifen<\/p>\n\n\n\n<p><strong>Biologie &amp; Verhalten: <\/strong> Maulbr\u00fcter. Nachtaktiv. Jagt Wirbellose. Tags\u00fcber in kleinen Gruppen zwischen den Korallen zu finden. <\/p>\n\n\n\n<p>Sehr \u00e4hnlich ist der Cooks Kardinalbarsch <em>(Ostorhinchus cookii)<\/em>, der im gleichen Verbreitungsgebiet vorkommt. Er unterscheidet sich durch einen schwarzen Punkt an der Schwanzwurzel am Ende des mittleren, schwarzen Streifens.<\/p>\n\n\n\n<p><strong>Bedrohungsstatus:<\/strong> Die Art wird auf der Roten Liste der IUCN als <mark style=\"background-color:rgba(0, 0, 0, 0)\" class=\"has-inline-color has-vivid-green-cyan-color\">\u201enicht gef\u00e4hrdet\u201c<\/mark> gef\u00fchrt.<\/p>\n\n\n\n<hr class=\"wp-block-separator has-alpha-channel-opacity is-style-default\"\/>\n","protected":false},"excerpt":{"rendered":"<p>Schwarzstreifen-Kardinalbarsch Blackstripe cardinalfish Ostorhinchus nigrofasciatus Gr\u00f6\u00dfe: bis 10 cm Lebensraum: Korallenriffe Vorkommen: Ostafrika, Rotes Meer, Malediven, S\u00fcdjapan, Philippinen, Ostindonesien, Malaysia, Nordaustralien, Papua-Neuguinea, Ozeanien bis zu den Tuamoto Inseln Erkennungsmerkmale: Grundfarbe schwarz; wei\u00dfe L\u00e4ngsstreifen Biologie &amp; Verhalten: Maulbr\u00fcter. Nachtaktiv. Jagt Wirbellose. Tags\u00fcber in kleinen Gruppen zwischen den Korallen zu finden. Sehr \u00e4hnlich ist der Cooks Kardinalbarsch &hellip; <\/p>\n<p class=\"link-more\"><a href=\"https:\/\/alles-ueber-riffe.de\/?page_id=5048\" class=\"more-link\"><span class=\"screen-reader-text\">\u201eSchwarzstreifen-Kardinalbarsch\u201c<\/span> weiterlesen<\/a><\/p>\n","protected":false},"author":1,"featured_media":0,"parent":0,"menu_order":0,"comment_status":"closed","ping_status":"closed","template":"","meta":{"footnotes":""},"class_list":["post-5048","page","type-page","status-publish","hentry"],"_links":{"self":[{"href":"https:\/\/alles-ueber-riffe.de\/index.php?rest_route=\/wp\/v2\/pages\/5048","targetHints":{"allow":["GET"]}}],"collection":[{"href":"https:\/\/alles-ueber-riffe.de\/index.php?rest_route=\/wp\/v2\/pages"}],"about":[{"href":"https:\/\/alles-ueber-riffe.de\/index.php?rest_route=\/wp\/v2\/types\/page"}],"author":[{"embeddable":true,"href":"https:\/\/alles-ueber-riffe.de\/index.php?rest_route=\/wp\/v2\/users\/1"}],"replies":[{"embeddable":true,"href":"https:\/\/alles-ueber-riffe.de\/index.php?rest_route=%2Fwp%2Fv2%2Fcomments&post=5048"}],"version-history":[{"count":4,"href":"https:\/\/alles-ueber-riffe.de\/index.php?rest_route=\/wp\/v2\/pages\/5048\/revisions"}],"predecessor-version":[{"id":10725,"href":"https:\/\/alles-ueber-riffe.de\/index.php?rest_route=\/wp\/v2\/pages\/5048\/revisions\/10725"}],"wp:attachment":[{"href":"https:\/\/alles-ueber-riffe.de\/index.php?rest_route=%2Fwp%2Fv2%2Fmedia&parent=5048"}],"curies":[{"name":"wp","href":"https:\/\/api.w.org\/{rel}","templated":true}]}}