{"id":5041,"date":"2025-01-08T15:40:21","date_gmt":"2025-01-08T15:40:21","guid":{"rendered":"https:\/\/alles-ueber-riffe.de\/?page_id=5041"},"modified":"2025-03-08T22:12:04","modified_gmt":"2025-03-08T22:12:04","slug":"schwarzfleck-kardinalbarsch","status":"publish","type":"page","link":"https:\/\/alles-ueber-riffe.de\/?page_id=5041","title":{"rendered":"Schwarzfleck-Kardinalbarsch"},"content":{"rendered":"\n<div class=\"wp-block-group is-vertical is-layout-flex wp-container-core-group-is-layout-8cf370e7 wp-block-group-is-layout-flex\">\n<p><strong>Schwarzfleck-Kardinalbarsch<\/strong><\/p>\n\n\n\n<p>Blacktip cardinalfish<\/p>\n\n\n\n<p><em>Apogon atradorsatus<\/em><strong><\/strong><\/p>\n<\/div>\n\n\n\n<div style=\"height:30px\" aria-hidden=\"true\" class=\"wp-block-spacer\"><\/div>\n\n\n\n<figure class=\"wp-block-video\"><video height=\"576\" style=\"aspect-ratio: 1024 \/ 576;\" width=\"1024\" controls src=\"https:\/\/alles-ueber-riffe.de\/wp-content\/uploads\/2025\/03\/Schwarzfleck-Kardinalbarsch.mp4\"><\/video><figcaption class=\"wp-element-caption\">\u00a9 Heinz Krimmer<\/figcaption><\/figure>\n\n\n\n<hr class=\"wp-block-separator has-alpha-channel-opacity is-style-default\"\/>\n\n\n\n<p><strong>Gr\u00f6\u00dfe: <\/strong> bis 8,9 cm<\/p>\n\n\n\n<p><strong>Lebensraum:<\/strong> Korallen- und Felsenriffe<\/p>\n\n\n\n<p><strong>Vorkommen:  <\/strong>Pazifikk\u00fcste Mittelamerikas; Galapagos, Cocos, Malpelo<\/p>\n\n\n\n<p><strong>Erkennungsmerkmale: <\/strong> Grundfarbe graubraun; Kopf und Bauch orange; schwarzer Fleck an der hinteren R\u00fcckenflossenspitze<\/p>\n\n\n\n<p><strong>Biologie &amp; Verhalten: <\/strong> <em>Maulbr\u00fc<\/em>ter.\u00a0Dieser Kardinalbarsch jagt nachts Zooplankton.<\/p>\n\n\n\n<p><strong>Bedrohungsstatus:<\/strong> Die Art wird auf der Roten Liste der IUCN als <mark style=\"background-color:rgba(0, 0, 0, 0)\" class=\"has-inline-color has-vivid-green-cyan-color\">\u201enicht gef\u00e4hrdet\u201c<\/mark> gef\u00fchrt.<\/p>\n\n\n\n<hr class=\"wp-block-separator has-alpha-channel-opacity is-style-default\"\/>\n","protected":false},"excerpt":{"rendered":"<p>Schwarzfleck-Kardinalbarsch Blacktip cardinalfish Apogon atradorsatus Gr\u00f6\u00dfe: bis 8,9 cm Lebensraum: Korallen- und Felsenriffe Vorkommen: Pazifikk\u00fcste Mittelamerikas; Galapagos, Cocos, Malpelo Erkennungsmerkmale: Grundfarbe graubraun; Kopf und Bauch orange; schwarzer Fleck an der hinteren R\u00fcckenflossenspitze Biologie &amp; Verhalten: Maulbr\u00fcter.\u00a0Dieser Kardinalbarsch jagt nachts Zooplankton. Bedrohungsstatus: Die Art wird auf der Roten Liste der IUCN als \u201enicht gef\u00e4hrdet\u201c gef\u00fchrt.<\/p>\n","protected":false},"author":1,"featured_media":0,"parent":0,"menu_order":0,"comment_status":"closed","ping_status":"closed","template":"","meta":{"footnotes":""},"class_list":["post-5041","page","type-page","status-publish","hentry"],"_links":{"self":[{"href":"https:\/\/alles-ueber-riffe.de\/index.php?rest_route=\/wp\/v2\/pages\/5041","targetHints":{"allow":["GET"]}}],"collection":[{"href":"https:\/\/alles-ueber-riffe.de\/index.php?rest_route=\/wp\/v2\/pages"}],"about":[{"href":"https:\/\/alles-ueber-riffe.de\/index.php?rest_route=\/wp\/v2\/types\/page"}],"author":[{"embeddable":true,"href":"https:\/\/alles-ueber-riffe.de\/index.php?rest_route=\/wp\/v2\/users\/1"}],"replies":[{"embeddable":true,"href":"https:\/\/alles-ueber-riffe.de\/index.php?rest_route=%2Fwp%2Fv2%2Fcomments&post=5041"}],"version-history":[{"count":4,"href":"https:\/\/alles-ueber-riffe.de\/index.php?rest_route=\/wp\/v2\/pages\/5041\/revisions"}],"predecessor-version":[{"id":10709,"href":"https:\/\/alles-ueber-riffe.de\/index.php?rest_route=\/wp\/v2\/pages\/5041\/revisions\/10709"}],"wp:attachment":[{"href":"https:\/\/alles-ueber-riffe.de\/index.php?rest_route=%2Fwp%2Fv2%2Fmedia&parent=5041"}],"curies":[{"name":"wp","href":"https:\/\/api.w.org\/{rel}","templated":true}]}}