{"id":5037,"date":"2025-01-08T15:40:01","date_gmt":"2025-01-08T15:40:01","guid":{"rendered":"https:\/\/alles-ueber-riffe.de\/?page_id=5037"},"modified":"2025-03-08T22:03:54","modified_gmt":"2025-03-08T22:03:54","slug":"pyjama-kardinalbarsch","status":"publish","type":"page","link":"https:\/\/alles-ueber-riffe.de\/?page_id=5037","title":{"rendered":"Pyjama-Kardinalbarsch"},"content":{"rendered":"\n<div class=\"wp-block-group is-vertical is-layout-flex wp-container-core-group-is-layout-8cf370e7 wp-block-group-is-layout-flex\">\n<p><strong>Pyjama-Kardinalbarsch<\/strong><\/p>\n\n\n\n<p>Pajama cardinalfish<\/p>\n\n\n\n<p><em>Sp<\/em><em>h<\/em><em>aeramia nematoptera<\/em><strong><\/strong><\/p>\n<\/div>\n\n\n\n<div style=\"height:30px\" aria-hidden=\"true\" class=\"wp-block-spacer\"><\/div>\n\n\n\n<figure class=\"wp-block-image size-full\"><img loading=\"lazy\" decoding=\"async\" width=\"2560\" height=\"1927\" src=\"https:\/\/alles-ueber-riffe.de\/wp-content\/uploads\/2025\/03\/Pyjama-Kardinalbarsch1024x768-scaled.jpg\" alt=\"\" class=\"wp-image-10699\" srcset=\"https:\/\/alles-ueber-riffe.de\/wp-content\/uploads\/2025\/03\/Pyjama-Kardinalbarsch1024x768-scaled.jpg 2560w, https:\/\/alles-ueber-riffe.de\/wp-content\/uploads\/2025\/03\/Pyjama-Kardinalbarsch1024x768-300x226.jpg 300w, https:\/\/alles-ueber-riffe.de\/wp-content\/uploads\/2025\/03\/Pyjama-Kardinalbarsch1024x768-1024x771.jpg 1024w, https:\/\/alles-ueber-riffe.de\/wp-content\/uploads\/2025\/03\/Pyjama-Kardinalbarsch1024x768-768x578.jpg 768w, https:\/\/alles-ueber-riffe.de\/wp-content\/uploads\/2025\/03\/Pyjama-Kardinalbarsch1024x768-1536x1156.jpg 1536w, https:\/\/alles-ueber-riffe.de\/wp-content\/uploads\/2025\/03\/Pyjama-Kardinalbarsch1024x768-2048x1542.jpg 2048w\" sizes=\"auto, (max-width: 767px) 89vw, (max-width: 1000px) 54vw, (max-width: 1071px) 543px, 580px\" \/><figcaption class=\"wp-element-caption\">\u00a9 Heinz Krimmer<\/figcaption><\/figure>\n\n\n\n<hr class=\"wp-block-separator has-alpha-channel-opacity is-style-default\"\/>\n\n\n\n<p><strong>Gr\u00f6\u00dfe: <\/strong> bis 8 cm<\/p>\n\n\n\n<p><strong>Lebensraum:<\/strong> Korallenriffe<\/p>\n\n\n\n<p><strong>Vorkommen:  <\/strong>S\u00fcdjapan, Philippinen, Ostindonesien, Malaysia, Papua-Neuguinea, Ozeanien bis Fidschi<\/p>\n\n\n\n<p><strong>Erkennungsmerkmale: <\/strong> breites, dunkles Querband von der ersten R\u00fccken- zur Brustflosse; Vorderk\u00f6rper gelblich; Hinterk\u00f6rper hellbraun mit dunkelbraunen Punkten; Auge rot<\/p>\n\n\n\n<p><strong>Biologie &amp; Verhalten: <\/strong> Maulbr\u00fcter. Nachtaktiv. H\u00e4lt sich bevorzugt bei den Korallen&nbsp;<em>Porites nigrescens<\/em>&nbsp;und&nbsp;<em>Porites cylindrica auf<\/em><\/p>\n\n\n\n<p>Ein Pyjama ist eine zweiteiliges Kleidungsst\u00fcck, das Nachts getragen wird. Das dunkle Querband teilt den Fisch in zwei Farb- und Musterungsh\u00e4lften und er ist nachtaktiv.<\/p>\n\n\n\n<p><strong>Bedrohungsstatus:<\/strong> Die Art wird auf der Roten Liste der IUCN als <mark style=\"background-color:rgba(0, 0, 0, 0)\" class=\"has-inline-color has-vivid-green-cyan-color\">\u201enicht gef\u00e4hrdet\u201c<\/mark> gef\u00fchrt.<\/p>\n\n\n\n<hr class=\"wp-block-separator has-alpha-channel-opacity is-style-default\"\/>\n","protected":false},"excerpt":{"rendered":"<p>Pyjama-Kardinalbarsch Pajama cardinalfish Sphaeramia nematoptera Gr\u00f6\u00dfe: bis 8 cm Lebensraum: Korallenriffe Vorkommen: S\u00fcdjapan, Philippinen, Ostindonesien, Malaysia, Papua-Neuguinea, Ozeanien bis Fidschi Erkennungsmerkmale: breites, dunkles Querband von der ersten R\u00fccken- zur Brustflosse; Vorderk\u00f6rper gelblich; Hinterk\u00f6rper hellbraun mit dunkelbraunen Punkten; Auge rot Biologie &amp; Verhalten: Maulbr\u00fcter. Nachtaktiv. H\u00e4lt sich bevorzugt bei den Korallen&nbsp;Porites nigrescens&nbsp;und&nbsp;Porites cylindrica auf Ein Pyjama &hellip; <\/p>\n<p class=\"link-more\"><a href=\"https:\/\/alles-ueber-riffe.de\/?page_id=5037\" class=\"more-link\"><span class=\"screen-reader-text\">\u201ePyjama-Kardinalbarsch\u201c<\/span> weiterlesen<\/a><\/p>\n","protected":false},"author":1,"featured_media":0,"parent":0,"menu_order":0,"comment_status":"closed","ping_status":"closed","template":"","meta":{"footnotes":""},"class_list":["post-5037","page","type-page","status-publish","hentry"],"_links":{"self":[{"href":"https:\/\/alles-ueber-riffe.de\/index.php?rest_route=\/wp\/v2\/pages\/5037","targetHints":{"allow":["GET"]}}],"collection":[{"href":"https:\/\/alles-ueber-riffe.de\/index.php?rest_route=\/wp\/v2\/pages"}],"about":[{"href":"https:\/\/alles-ueber-riffe.de\/index.php?rest_route=\/wp\/v2\/types\/page"}],"author":[{"embeddable":true,"href":"https:\/\/alles-ueber-riffe.de\/index.php?rest_route=\/wp\/v2\/users\/1"}],"replies":[{"embeddable":true,"href":"https:\/\/alles-ueber-riffe.de\/index.php?rest_route=%2Fwp%2Fv2%2Fcomments&post=5037"}],"version-history":[{"count":4,"href":"https:\/\/alles-ueber-riffe.de\/index.php?rest_route=\/wp\/v2\/pages\/5037\/revisions"}],"predecessor-version":[{"id":10701,"href":"https:\/\/alles-ueber-riffe.de\/index.php?rest_route=\/wp\/v2\/pages\/5037\/revisions\/10701"}],"wp:attachment":[{"href":"https:\/\/alles-ueber-riffe.de\/index.php?rest_route=%2Fwp%2Fv2%2Fmedia&parent=5037"}],"curies":[{"name":"wp","href":"https:\/\/api.w.org\/{rel}","templated":true}]}}