{"id":5035,"date":"2025-01-08T15:39:52","date_gmt":"2025-01-08T15:39:52","guid":{"rendered":"https:\/\/alles-ueber-riffe.de\/?page_id=5035"},"modified":"2025-03-09T21:16:33","modified_gmt":"2025-03-09T21:16:33","slug":"orangelinien-kardinalbarsch","status":"publish","type":"page","link":"https:\/\/alles-ueber-riffe.de\/?page_id=5035","title":{"rendered":"Orangelinien-Kardinalbarsch"},"content":{"rendered":"\n<div class=\"wp-block-group is-vertical is-layout-flex wp-container-core-group-is-layout-8cf370e7 wp-block-group-is-layout-flex\">\n<p><strong>Orangelinien-Kardinalbarsch<\/strong><\/p>\n\n\n\n<p>Orangelined cardinalfish<\/p>\n\n\n\n<p><em>Taeniamia fucata<\/em><strong><\/strong><\/p>\n<\/div>\n\n\n\n<div style=\"height:30px\" aria-hidden=\"true\" class=\"wp-block-spacer\"><\/div>\n\n\n\n<figure class=\"wp-block-video\"><video height=\"576\" style=\"aspect-ratio: 1024 \/ 576;\" width=\"1024\" controls src=\"https:\/\/alles-ueber-riffe.de\/wp-content\/uploads\/2025\/03\/Orangelinien-Kardinalbarsch.mp4\"><\/video><figcaption class=\"wp-element-caption\">\u00a9 Heinz Krimmer<\/figcaption><\/figure>\n\n\n\n<hr class=\"wp-block-separator has-alpha-channel-opacity is-style-default\"\/>\n\n\n\n<p><strong>Gr\u00f6\u00dfe: <\/strong> bis 10 cm<\/p>\n\n\n\n<p><strong>Lebensraum:<\/strong> Korallen- und Felsenriffe<\/p>\n\n\n\n<p><strong>Vorkommen:  <\/strong>Ostafrika, Rotes Meer, Malediven, S\u00fcdjapan, ganz S\u00fcdostasien, Nordaustralien, Papua-Neuguinea, Ozeanien bis Tonga<\/p>\n\n\n\n<p><strong>Erkennungsmerkmale: <\/strong> Grundfarbe graubraun; dunkelbraune, feine Querlinien; Kehle, Brust und Bauch gelborange; schwarzer Punkt an der Schwanzwurzel<\/p>\n\n\n\n<p><strong>Biologie &amp; Verhalten: <\/strong> Maulbr\u00fcter.\u00a0Dieser Kardinalbarsch jagt nachts Zooplankton. Tags\u00fcber ruht er in kleinen Schw\u00e4rmen zwischen Korallen und in H\u00f6hlen.<\/p>\n\n\n\n<p><strong>Bedrohungsstatus:<\/strong> Die Art wird auf der Roten Liste der IUCN als <mark style=\"background-color:rgba(0, 0, 0, 0)\" class=\"has-inline-color has-vivid-green-cyan-color\">\u201enicht gef\u00e4hrdet\u201c<\/mark> gef\u00fchrt.<\/p>\n\n\n\n<hr class=\"wp-block-separator has-alpha-channel-opacity is-style-default\"\/>\n","protected":false},"excerpt":{"rendered":"<p>Orangelinien-Kardinalbarsch Orangelined cardinalfish Taeniamia fucata Gr\u00f6\u00dfe: bis 10 cm Lebensraum: Korallen- und Felsenriffe Vorkommen: Ostafrika, Rotes Meer, Malediven, S\u00fcdjapan, ganz S\u00fcdostasien, Nordaustralien, Papua-Neuguinea, Ozeanien bis Tonga Erkennungsmerkmale: Grundfarbe graubraun; dunkelbraune, feine Querlinien; Kehle, Brust und Bauch gelborange; schwarzer Punkt an der Schwanzwurzel Biologie &amp; Verhalten: Maulbr\u00fcter.\u00a0Dieser Kardinalbarsch jagt nachts Zooplankton. Tags\u00fcber ruht er in kleinen &hellip; <\/p>\n<p class=\"link-more\"><a href=\"https:\/\/alles-ueber-riffe.de\/?page_id=5035\" class=\"more-link\"><span class=\"screen-reader-text\">\u201eOrangelinien-Kardinalbarsch\u201c<\/span> weiterlesen<\/a><\/p>\n","protected":false},"author":1,"featured_media":0,"parent":0,"menu_order":0,"comment_status":"closed","ping_status":"closed","template":"","meta":{"footnotes":""},"class_list":["post-5035","page","type-page","status-publish","hentry"],"_links":{"self":[{"href":"https:\/\/alles-ueber-riffe.de\/index.php?rest_route=\/wp\/v2\/pages\/5035","targetHints":{"allow":["GET"]}}],"collection":[{"href":"https:\/\/alles-ueber-riffe.de\/index.php?rest_route=\/wp\/v2\/pages"}],"about":[{"href":"https:\/\/alles-ueber-riffe.de\/index.php?rest_route=\/wp\/v2\/types\/page"}],"author":[{"embeddable":true,"href":"https:\/\/alles-ueber-riffe.de\/index.php?rest_route=\/wp\/v2\/users\/1"}],"replies":[{"embeddable":true,"href":"https:\/\/alles-ueber-riffe.de\/index.php?rest_route=%2Fwp%2Fv2%2Fcomments&post=5035"}],"version-history":[{"count":5,"href":"https:\/\/alles-ueber-riffe.de\/index.php?rest_route=\/wp\/v2\/pages\/5035\/revisions"}],"predecessor-version":[{"id":10758,"href":"https:\/\/alles-ueber-riffe.de\/index.php?rest_route=\/wp\/v2\/pages\/5035\/revisions\/10758"}],"wp:attachment":[{"href":"https:\/\/alles-ueber-riffe.de\/index.php?rest_route=%2Fwp%2Fv2%2Fmedia&parent=5035"}],"curies":[{"name":"wp","href":"https:\/\/api.w.org\/{rel}","templated":true}]}}