{"id":5033,"date":"2025-01-08T15:39:41","date_gmt":"2025-01-08T15:39:41","guid":{"rendered":"https:\/\/alles-ueber-riffe.de\/?page_id=5033"},"modified":"2025-03-08T21:57:25","modified_gmt":"2025-03-08T21:57:25","slug":"goldstreifen-kardinalbarsch","status":"publish","type":"page","link":"https:\/\/alles-ueber-riffe.de\/?page_id=5033","title":{"rendered":"Goldstreifen-Kardinalbarsch"},"content":{"rendered":"\n<div class=\"wp-block-group is-vertical is-layout-flex wp-container-core-group-is-layout-8cf370e7 wp-block-group-is-layout-flex\">\n<p><strong>Goldstreifen-Kardinalbarsch<\/strong><\/p>\n\n\n\n<p>Yellostriped cardinalfish<\/p>\n\n\n\n<p><em>Ostorhinchus cyanosoma<\/em><strong><\/strong><\/p>\n<\/div>\n\n\n\n<div style=\"height:30px\" aria-hidden=\"true\" class=\"wp-block-spacer\"><\/div>\n\n\n\n<figure class=\"wp-block-video\"><video height=\"576\" style=\"aspect-ratio: 1024 \/ 576;\" width=\"1024\" controls src=\"https:\/\/alles-ueber-riffe.de\/wp-content\/uploads\/2025\/03\/goldstreifen_kardinalbarsch_1920_1080.mp4\"><\/video><figcaption class=\"wp-element-caption\">\u00a9 Heinz Krimmer<\/figcaption><\/figure>\n\n\n\n<hr class=\"wp-block-separator has-alpha-channel-opacity is-style-default\"\/>\n\n\n\n<p><strong>Gr\u00f6\u00dfe: <\/strong> bis 8 cm<\/p>\n\n\n\n<p><strong>Lebensraum:<\/strong> Korallenriff<\/p>\n\n\n\n<p><strong>Vorkommen:  <\/strong>Ostafrika, Rotes Meer, Malediven, S\u00fcdjapan, ganz S\u00fcdostasien, Nordaustralien, Papua-Neuguinea, Ozeanien bis Fidschi<\/p>\n\n\n\n<p><strong>Erkennungsmerkmale: <\/strong> Grundfarbe orangegelb, wei\u00dfe L\u00e4ngsstreifen<\/p>\n\n\n\n<p><strong>Biologie &amp; Verhalten: <\/strong> Maulbr\u00fcter. H\u00e4lt sich in Gruppen  zwischen den Korallen auf.<\/p>\n\n\n\n<p>Dieser Kardinalbarsch ist leicht mit dem Kinnstreifen-Kardinalbarsch (Ostorhinchus properuptus) zu verwechseln. Er unterscheidet sich durch den untersten, wei\u00dfen Streifen. Dieser reicht nur vom Maul bis kurz hinter die Kiemen.<\/p>\n\n\n\n<p><strong>Bedrohungsstatus:<\/strong> Die Art wird auf der Roten Liste der IUCN als <mark style=\"background-color:rgba(0, 0, 0, 0)\" class=\"has-inline-color has-vivid-green-cyan-color\">\u201enicht gef\u00e4hrdet\u201c<\/mark> gef\u00fchrt.<\/p>\n\n\n\n<hr class=\"wp-block-separator has-alpha-channel-opacity is-style-default\"\/>\n","protected":false},"excerpt":{"rendered":"<p>Goldstreifen-Kardinalbarsch Yellostriped cardinalfish Ostorhinchus cyanosoma Gr\u00f6\u00dfe: bis 8 cm Lebensraum: Korallenriff Vorkommen: Ostafrika, Rotes Meer, Malediven, S\u00fcdjapan, ganz S\u00fcdostasien, Nordaustralien, Papua-Neuguinea, Ozeanien bis Fidschi Erkennungsmerkmale: Grundfarbe orangegelb, wei\u00dfe L\u00e4ngsstreifen Biologie &amp; Verhalten: Maulbr\u00fcter. H\u00e4lt sich in Gruppen zwischen den Korallen auf. Dieser Kardinalbarsch ist leicht mit dem Kinnstreifen-Kardinalbarsch (Ostorhinchus properuptus) zu verwechseln. Er unterscheidet sich &hellip; <\/p>\n<p class=\"link-more\"><a href=\"https:\/\/alles-ueber-riffe.de\/?page_id=5033\" class=\"more-link\"><span class=\"screen-reader-text\">\u201eGoldstreifen-Kardinalbarsch\u201c<\/span> weiterlesen<\/a><\/p>\n","protected":false},"author":1,"featured_media":0,"parent":0,"menu_order":0,"comment_status":"closed","ping_status":"closed","template":"","meta":{"footnotes":""},"class_list":["post-5033","page","type-page","status-publish","hentry"],"_links":{"self":[{"href":"https:\/\/alles-ueber-riffe.de\/index.php?rest_route=\/wp\/v2\/pages\/5033","targetHints":{"allow":["GET"]}}],"collection":[{"href":"https:\/\/alles-ueber-riffe.de\/index.php?rest_route=\/wp\/v2\/pages"}],"about":[{"href":"https:\/\/alles-ueber-riffe.de\/index.php?rest_route=\/wp\/v2\/types\/page"}],"author":[{"embeddable":true,"href":"https:\/\/alles-ueber-riffe.de\/index.php?rest_route=\/wp\/v2\/users\/1"}],"replies":[{"embeddable":true,"href":"https:\/\/alles-ueber-riffe.de\/index.php?rest_route=%2Fwp%2Fv2%2Fcomments&post=5033"}],"version-history":[{"count":6,"href":"https:\/\/alles-ueber-riffe.de\/index.php?rest_route=\/wp\/v2\/pages\/5033\/revisions"}],"predecessor-version":[{"id":10694,"href":"https:\/\/alles-ueber-riffe.de\/index.php?rest_route=\/wp\/v2\/pages\/5033\/revisions\/10694"}],"wp:attachment":[{"href":"https:\/\/alles-ueber-riffe.de\/index.php?rest_route=%2Fwp%2Fv2%2Fmedia&parent=5033"}],"curies":[{"name":"wp","href":"https:\/\/api.w.org\/{rel}","templated":true}]}}