{"id":5031,"date":"2025-01-08T15:39:29","date_gmt":"2025-01-08T15:39:29","guid":{"rendered":"https:\/\/alles-ueber-riffe.de\/?page_id=5031"},"modified":"2025-03-08T21:59:29","modified_gmt":"2025-03-08T21:59:29","slug":"fuenflinien-kardinalbarsch","status":"publish","type":"page","link":"https:\/\/alles-ueber-riffe.de\/?page_id=5031","title":{"rendered":"F\u00fcnflinien-Kardinalbarsch"},"content":{"rendered":"\n<div class=\"wp-block-group is-vertical is-layout-flex wp-container-core-group-is-layout-8cf370e7 wp-block-group-is-layout-flex\">\n<p><strong>F\u00fcnflinien-Kardinalbarsch<\/strong><\/p>\n\n\n\n<p>Five-lined cardinalfish<\/p>\n\n\n\n<p><em>Cheilodipterus quinquelineatus<\/em><strong><\/strong><\/p>\n<\/div>\n\n\n\n<div style=\"height:30px\" aria-hidden=\"true\" class=\"wp-block-spacer\"><\/div>\n\n\n\n<figure class=\"wp-block-video\"><video height=\"576\" style=\"aspect-ratio: 1024 \/ 576;\" width=\"1024\" controls src=\"https:\/\/alles-ueber-riffe.de\/wp-content\/uploads\/2025\/03\/Fuenflinien-Kardinalbarsch.mp4\"><\/video><figcaption class=\"wp-element-caption\">\u00a9 Heinz Krimmer, die dicke des Unterkiefers deutet darauf hin, dass dieser Kardinalbarsch Eier im Maul ausbr\u00fctet.<\/figcaption><\/figure>\n\n\n\n<hr class=\"wp-block-separator has-alpha-channel-opacity is-style-default\"\/>\n\n\n\n<p><strong>Gr\u00f6\u00dfe: <\/strong> bis 13 cm<\/p>\n\n\n\n<p><strong>Lebensraum:<\/strong> Korallenriffe<\/p>\n\n\n\n<p><strong>Vorkommen:  <\/strong>Ostafrika, Rotes Meer, Malediven, S\u00fcdjapan, ganz S\u00fcdostasien, Nordaustralien, Papua-Neuguinea, Ozeanien bis Franz\u00f6sisch-Polynesien<\/p>\n\n\n\n<p><strong>Erkennungsmerkmale: <\/strong> drei breite, wei\u00dfe Streifen; K\u00f6rper knallorange<\/p>\n\n\n\n<p><strong>Biologie &amp; Verhalten: <\/strong> Maulbr\u00fcter. Nachtaktiv. Jagt kleine Wirbellose und Fische. Tags\u00fcber versteckt sich die Art zwischen Korallen und kleinen H\u00f6hlen.<\/p>\n\n\n\n<p>Leider gibt es zwei perfekte Doppelg\u00e4nger. Den Fangzahn-Kardinalbarsch (Cheilodipterus isostigmus), der in S\u00fcdostasien und Ozeanien vorkommt und den Kardinalbarsch (Cheilodipterus novemstriatus) aus dem Roten Meer und dem Persischen Golf. Au\u00dfer fangen und einer Genanalyse unterziehen, gibt es keine M\u00f6glichkeit sie auseinander zu halten.<\/p>\n\n\n\n<p><strong>Bedrohungsstatus:<\/strong> Die Art wird auf der Roten Liste der IUCN als <mark style=\"background-color:rgba(0, 0, 0, 0)\" class=\"has-inline-color has-vivid-green-cyan-color\">\u201enicht gef\u00e4hrdet\u201c<\/mark> gef\u00fchrt.<\/p>\n\n\n\n<hr class=\"wp-block-separator has-alpha-channel-opacity is-style-default\"\/>\n","protected":false},"excerpt":{"rendered":"<p>F\u00fcnflinien-Kardinalbarsch Five-lined cardinalfish Cheilodipterus quinquelineatus Gr\u00f6\u00dfe: bis 13 cm Lebensraum: Korallenriffe Vorkommen: Ostafrika, Rotes Meer, Malediven, S\u00fcdjapan, ganz S\u00fcdostasien, Nordaustralien, Papua-Neuguinea, Ozeanien bis Franz\u00f6sisch-Polynesien Erkennungsmerkmale: drei breite, wei\u00dfe Streifen; K\u00f6rper knallorange Biologie &amp; Verhalten: Maulbr\u00fcter. Nachtaktiv. Jagt kleine Wirbellose und Fische. Tags\u00fcber versteckt sich die Art zwischen Korallen und kleinen H\u00f6hlen. Leider gibt es zwei &hellip; <\/p>\n<p class=\"link-more\"><a href=\"https:\/\/alles-ueber-riffe.de\/?page_id=5031\" class=\"more-link\"><span class=\"screen-reader-text\">\u201eF\u00fcnflinien-Kardinalbarsch\u201c<\/span> weiterlesen<\/a><\/p>\n","protected":false},"author":1,"featured_media":0,"parent":0,"menu_order":0,"comment_status":"closed","ping_status":"closed","template":"","meta":{"footnotes":""},"class_list":["post-5031","page","type-page","status-publish","hentry"],"_links":{"self":[{"href":"https:\/\/alles-ueber-riffe.de\/index.php?rest_route=\/wp\/v2\/pages\/5031","targetHints":{"allow":["GET"]}}],"collection":[{"href":"https:\/\/alles-ueber-riffe.de\/index.php?rest_route=\/wp\/v2\/pages"}],"about":[{"href":"https:\/\/alles-ueber-riffe.de\/index.php?rest_route=\/wp\/v2\/types\/page"}],"author":[{"embeddable":true,"href":"https:\/\/alles-ueber-riffe.de\/index.php?rest_route=\/wp\/v2\/users\/1"}],"replies":[{"embeddable":true,"href":"https:\/\/alles-ueber-riffe.de\/index.php?rest_route=%2Fwp%2Fv2%2Fcomments&post=5031"}],"version-history":[{"count":6,"href":"https:\/\/alles-ueber-riffe.de\/index.php?rest_route=\/wp\/v2\/pages\/5031\/revisions"}],"predecessor-version":[{"id":10698,"href":"https:\/\/alles-ueber-riffe.de\/index.php?rest_route=\/wp\/v2\/pages\/5031\/revisions\/10698"}],"wp:attachment":[{"href":"https:\/\/alles-ueber-riffe.de\/index.php?rest_route=%2Fwp%2Fv2%2Fmedia&parent=5031"}],"curies":[{"name":"wp","href":"https:\/\/api.w.org\/{rel}","templated":true}]}}