{"id":5027,"date":"2025-01-08T15:39:08","date_gmt":"2025-01-08T15:39:08","guid":{"rendered":"https:\/\/alles-ueber-riffe.de\/?page_id=5027"},"modified":"2025-03-07T22:37:30","modified_gmt":"2025-03-07T22:37:30","slug":"ambon-kardinalbarsch","status":"publish","type":"page","link":"https:\/\/alles-ueber-riffe.de\/?page_id=5027","title":{"rendered":"Ambon Kardinalbarsch"},"content":{"rendered":"\n<div class=\"wp-block-group is-vertical is-layout-flex wp-container-core-group-is-layout-8cf370e7 wp-block-group-is-layout-flex\">\n<p><strong>Ambon Kardinalbarsch<\/strong><\/p>\n\n\n\n<p>Amboina cardinalfish<\/p>\n\n\n\n<p><em>Apogon amboinensis<\/em><strong><\/strong><\/p>\n<\/div>\n\n\n\n<div style=\"height:30px\" aria-hidden=\"true\" class=\"wp-block-spacer\"><\/div>\n\n\n\n<figure class=\"wp-block-video\"><video height=\"576\" style=\"aspect-ratio: 1024 \/ 576;\" width=\"1024\" controls src=\"https:\/\/alles-ueber-riffe.de\/wp-content\/uploads\/2025\/03\/Ambon-Kardinalbarsch.mp4\"><\/video><figcaption class=\"wp-element-caption\">\u00a9 Heinz Krimmer<\/figcaption><\/figure>\n\n\n\n<hr class=\"wp-block-separator has-alpha-channel-opacity is-style-default\"\/>\n\n\n\n<p><strong>Gr\u00f6\u00dfe: <\/strong> bis 7 cm<\/p>\n\n\n\n<p><strong>Lebensraum:<\/strong> Mangrovengebiete, Sand- und Schlammb\u00f6den<\/p>\n\n\n\n<p><strong>Vorkommen:  <\/strong>Zanzibar, S\u00fcdjapan, ganz S\u00fcdostasien, Nordaustralien, Papua-Neuguinea, Salomonen<\/p>\n\n\n\n<p><strong>Erkennungsmerkmale: <\/strong> hellgrau und teilweise durchsichtig; kleiner, schwarzer Streifen an der ersten R\u00fcckenflosse; kleiner, schwarzer Punkt am Ansatz der Schwanzflosse<\/p>\n\n\n\n<p><strong>Biologie &amp; Verhalten: <\/strong> Der Ambon Kardinalbarsch lebt sowohl im Brack- als auch im Salzwasser. Seine Farbe und Zeichnung ist auf dem Sandboden eine gute Tarnung.<\/p>\n\n\n\n<p><strong>Bedrohungsstatus:<\/strong> Es liegen zu wenig Daten vor, um einen Status auf der Roten Liste der IUCN zu bestimmen.<\/p>\n\n\n\n<hr class=\"wp-block-separator has-alpha-channel-opacity is-style-default\"\/>\n","protected":false},"excerpt":{"rendered":"<p>Ambon Kardinalbarsch Amboina cardinalfish Apogon amboinensis Gr\u00f6\u00dfe: bis 7 cm Lebensraum: Mangrovengebiete, Sand- und Schlammb\u00f6den Vorkommen: Zanzibar, S\u00fcdjapan, ganz S\u00fcdostasien, Nordaustralien, Papua-Neuguinea, Salomonen Erkennungsmerkmale: hellgrau und teilweise durchsichtig; kleiner, schwarzer Streifen an der ersten R\u00fcckenflosse; kleiner, schwarzer Punkt am Ansatz der Schwanzflosse Biologie &amp; Verhalten: Der Ambon Kardinalbarsch lebt sowohl im Brack- als auch im &hellip; <\/p>\n<p class=\"link-more\"><a href=\"https:\/\/alles-ueber-riffe.de\/?page_id=5027\" class=\"more-link\"><span class=\"screen-reader-text\">\u201eAmbon Kardinalbarsch\u201c<\/span> weiterlesen<\/a><\/p>\n","protected":false},"author":1,"featured_media":0,"parent":0,"menu_order":0,"comment_status":"closed","ping_status":"closed","template":"","meta":{"footnotes":""},"class_list":["post-5027","page","type-page","status-publish","hentry"],"_links":{"self":[{"href":"https:\/\/alles-ueber-riffe.de\/index.php?rest_route=\/wp\/v2\/pages\/5027","targetHints":{"allow":["GET"]}}],"collection":[{"href":"https:\/\/alles-ueber-riffe.de\/index.php?rest_route=\/wp\/v2\/pages"}],"about":[{"href":"https:\/\/alles-ueber-riffe.de\/index.php?rest_route=\/wp\/v2\/types\/page"}],"author":[{"embeddable":true,"href":"https:\/\/alles-ueber-riffe.de\/index.php?rest_route=\/wp\/v2\/users\/1"}],"replies":[{"embeddable":true,"href":"https:\/\/alles-ueber-riffe.de\/index.php?rest_route=%2Fwp%2Fv2%2Fcomments&post=5027"}],"version-history":[{"count":4,"href":"https:\/\/alles-ueber-riffe.de\/index.php?rest_route=\/wp\/v2\/pages\/5027\/revisions"}],"predecessor-version":[{"id":10678,"href":"https:\/\/alles-ueber-riffe.de\/index.php?rest_route=\/wp\/v2\/pages\/5027\/revisions\/10678"}],"wp:attachment":[{"href":"https:\/\/alles-ueber-riffe.de\/index.php?rest_route=%2Fwp%2Fv2%2Fmedia&parent=5027"}],"curies":[{"name":"wp","href":"https:\/\/api.w.org\/{rel}","templated":true}]}}