{"id":5020,"date":"2025-01-08T15:38:32","date_gmt":"2025-01-08T15:38:32","guid":{"rendered":"https:\/\/alles-ueber-riffe.de\/?page_id=5020"},"modified":"2025-01-24T16:17:31","modified_gmt":"2025-01-24T16:17:31","slug":"korallen-kaninchenfisch","status":"publish","type":"page","link":"https:\/\/alles-ueber-riffe.de\/?page_id=5020","title":{"rendered":"Korallen-Kaninchenfisch"},"content":{"rendered":"\n<div class=\"wp-block-group is-vertical is-layout-flex wp-container-core-group-is-layout-8cf370e7 wp-block-group-is-layout-flex\">\n<p><strong>Korallen-Kaninchenfisch<\/strong><\/p>\n\n\n\n<p>Blue-spotted spinefoot<\/p>\n\n\n\n<p><em>Siganus coralinus<\/em><\/p>\n<\/div>\n\n\n\n<div style=\"height:30px\" aria-hidden=\"true\" class=\"wp-block-spacer\"><\/div>\n\n\n\n<figure class=\"wp-block-image size-full\"><img loading=\"lazy\" decoding=\"async\" width=\"1024\" height=\"768\" src=\"https:\/\/alles-ueber-riffe.de\/wp-content\/uploads\/2025\/01\/Korallen-Kaninchenfisch_1024x768.jpg\" alt=\"\" class=\"wp-image-8055\" srcset=\"https:\/\/alles-ueber-riffe.de\/wp-content\/uploads\/2025\/01\/Korallen-Kaninchenfisch_1024x768.jpg 1024w, https:\/\/alles-ueber-riffe.de\/wp-content\/uploads\/2025\/01\/Korallen-Kaninchenfisch_1024x768-300x225.jpg 300w, https:\/\/alles-ueber-riffe.de\/wp-content\/uploads\/2025\/01\/Korallen-Kaninchenfisch_1024x768-768x576.jpg 768w\" sizes=\"auto, (max-width: 767px) 89vw, (max-width: 1000px) 54vw, (max-width: 1071px) 543px, 580px\" \/><figcaption class=\"wp-element-caption\">\u00a9 Joris Rombouts<\/figcaption><\/figure>\n\n\n\n<hr class=\"wp-block-separator has-alpha-channel-opacity is-style-default\"\/>\n\n\n\n<p><strong>Gr\u00f6\u00dfe: <\/strong> bis 35 cm<\/p>\n\n\n\n<p><strong>Lebensraum:<\/strong> Korallenriffe, Seegraswiesen<\/p>\n\n\n\n<p><strong>Vorkommen:  <\/strong>Ostafrika, Malediven, S\u00fcdjapan, ganz S\u00fcdostasien, Nordaustralien, Papua-Neuguinea, Ozeanien bis Vanuatu<\/p>\n\n\n\n<p><strong>Erkennungsmerkmale: <\/strong> Grundfarbe gelb; Kopf hellgelb; am Kopf und manchmal auch auf dem K\u00f6rper kleine blaue Punkte<\/p>\n\n\n\n<p><strong>Biologie &amp; Verhalten: <\/strong> Dieser Kaninchenfisch frisst Seetang. Adulte Tiere meistens paarweise im Riff unterwegs. Juvenile Tiere bilden gro\u00dfe Schulen.<\/p>\n\n\n\n<p><strong>Bedrohungsstatus:<\/strong> Die Art wird auf der Roten Liste der IUCN als <mark style=\"background-color:rgba(0, 0, 0, 0)\" class=\"has-inline-color has-vivid-green-cyan-color\"> &#8222;nicht gef\u00e4hrdet\u201c<\/mark> gef\u00fchrt.<\/p>\n\n\n\n<p><mark style=\"background-color:rgba(0, 0, 0, 0)\" class=\"has-inline-color has-vivid-red-color\"><strong>Gefahr<\/strong>: Die Flossenstrahlen enthalten ein Gift, das kurzfristig in der Regel starke Schmerzen und Schwellungen verursacht.<\/mark><\/p>\n\n\n\n<hr class=\"wp-block-separator has-alpha-channel-opacity is-style-default\"\/>\n","protected":false},"excerpt":{"rendered":"<p>Korallen-Kaninchenfisch Blue-spotted spinefoot Siganus coralinus Gr\u00f6\u00dfe: bis 35 cm Lebensraum: Korallenriffe, Seegraswiesen Vorkommen: Ostafrika, Malediven, S\u00fcdjapan, ganz S\u00fcdostasien, Nordaustralien, Papua-Neuguinea, Ozeanien bis Vanuatu Erkennungsmerkmale: Grundfarbe gelb; Kopf hellgelb; am Kopf und manchmal auch auf dem K\u00f6rper kleine blaue Punkte Biologie &amp; Verhalten: Dieser Kaninchenfisch frisst Seetang. Adulte Tiere meistens paarweise im Riff unterwegs. Juvenile Tiere &hellip; <\/p>\n<p class=\"link-more\"><a href=\"https:\/\/alles-ueber-riffe.de\/?page_id=5020\" class=\"more-link\"><span class=\"screen-reader-text\">\u201eKorallen-Kaninchenfisch\u201c<\/span> weiterlesen<\/a><\/p>\n","protected":false},"author":1,"featured_media":0,"parent":0,"menu_order":0,"comment_status":"closed","ping_status":"closed","template":"","meta":{"footnotes":""},"class_list":["post-5020","page","type-page","status-publish","hentry"],"_links":{"self":[{"href":"https:\/\/alles-ueber-riffe.de\/index.php?rest_route=\/wp\/v2\/pages\/5020","targetHints":{"allow":["GET"]}}],"collection":[{"href":"https:\/\/alles-ueber-riffe.de\/index.php?rest_route=\/wp\/v2\/pages"}],"about":[{"href":"https:\/\/alles-ueber-riffe.de\/index.php?rest_route=\/wp\/v2\/types\/page"}],"author":[{"embeddable":true,"href":"https:\/\/alles-ueber-riffe.de\/index.php?rest_route=\/wp\/v2\/users\/1"}],"replies":[{"embeddable":true,"href":"https:\/\/alles-ueber-riffe.de\/index.php?rest_route=%2Fwp%2Fv2%2Fcomments&post=5020"}],"version-history":[{"count":7,"href":"https:\/\/alles-ueber-riffe.de\/index.php?rest_route=\/wp\/v2\/pages\/5020\/revisions"}],"predecessor-version":[{"id":8060,"href":"https:\/\/alles-ueber-riffe.de\/index.php?rest_route=\/wp\/v2\/pages\/5020\/revisions\/8060"}],"wp:attachment":[{"href":"https:\/\/alles-ueber-riffe.de\/index.php?rest_route=%2Fwp%2Fv2%2Fmedia&parent=5020"}],"curies":[{"name":"wp","href":"https:\/\/api.w.org\/{rel}","templated":true}]}}