{"id":5018,"date":"2025-01-08T15:38:23","date_gmt":"2025-01-08T15:38:23","guid":{"rendered":"https:\/\/alles-ueber-riffe.de\/?page_id=5018"},"modified":"2025-01-24T16:13:48","modified_gmt":"2025-01-24T16:13:48","slug":"einfleckiges-fuchsgesicht","status":"publish","type":"page","link":"https:\/\/alles-ueber-riffe.de\/?page_id=5018","title":{"rendered":"Einfleckiges Fuchsgesicht"},"content":{"rendered":"\n<div class=\"wp-block-group is-vertical is-layout-flex wp-container-core-group-is-layout-8cf370e7 wp-block-group-is-layout-flex\">\n<p><strong>Einfleckiges Fuchsgesicht<\/strong><\/p>\n\n\n\n<p>Blotched foxface<\/p>\n\n\n\n<p><em>Siganus unimaculatus<\/em><\/p>\n<\/div>\n\n\n\n<div style=\"height:30px\" aria-hidden=\"true\" class=\"wp-block-spacer\"><\/div>\n\n\n\n<figure class=\"wp-block-image size-full\"><img loading=\"lazy\" decoding=\"async\" width=\"1024\" height=\"768\" src=\"https:\/\/alles-ueber-riffe.de\/wp-content\/uploads\/2025\/01\/Einfleckiges-Fuchsgesicht_1024x768.jpg\" alt=\"\" class=\"wp-image-8049\" srcset=\"https:\/\/alles-ueber-riffe.de\/wp-content\/uploads\/2025\/01\/Einfleckiges-Fuchsgesicht_1024x768.jpg 1024w, https:\/\/alles-ueber-riffe.de\/wp-content\/uploads\/2025\/01\/Einfleckiges-Fuchsgesicht_1024x768-300x225.jpg 300w, https:\/\/alles-ueber-riffe.de\/wp-content\/uploads\/2025\/01\/Einfleckiges-Fuchsgesicht_1024x768-768x576.jpg 768w\" sizes=\"auto, (max-width: 767px) 89vw, (max-width: 1000px) 54vw, (max-width: 1071px) 543px, 580px\" \/><figcaption class=\"wp-element-caption\">\u00a9 Joris Rombouts<\/figcaption><\/figure>\n\n\n\n<hr class=\"wp-block-separator has-alpha-channel-opacity is-style-default\"\/>\n\n\n\n<p><strong>Gr\u00f6\u00dfe: <\/strong> bis 20 cm<\/p>\n\n\n\n<p><strong>Lebensraum:<\/strong> Korallenriffe<\/p>\n\n\n\n<p><strong>Vorkommen:  <\/strong>Philippinen, Malaysia, Indonesien, Papua-Neuguinea, Nordwestaustralien<\/p>\n\n\n\n<p><strong>Erkennungsmerkmale: <\/strong> Grundfarbe gelb; Kopf wei\u00df mit schwarzen B\u00e4ndern; gro\u00dfer, schwarzer Fleck auf der Seite<\/p>\n\n\n\n<p><strong>Biologie &amp; Verhalten: <\/strong> Dieser Kaninchenfisch frisst Seetang. Adulte Tiere meistens paarweise im Riff unterwegs. Juvenile Tiere bilden gro\u00dfe Schulen.<\/p>\n\n\n\n<p>Dieser Kaninchenfisch sieht fast genauso aus wie der Dachskopf-Kaninchenfisch. Allerdings fehlt dem Dachskopf-Kaninchenfisch der schwarze Fleck an der hinteren K\u00f6rperseite.<\/p>\n\n\n\n<p><strong>Bedrohungsstatus:<\/strong> Zu wenige Daten f\u00fcr die Rote Liste der IUCN vorhanden, um eine Einsch\u00e4tzung zu definieren.<\/p>\n\n\n\n<p><mark style=\"background-color:rgba(0, 0, 0, 0)\" class=\"has-inline-color has-vivid-red-color\"><strong>Gefahr<\/strong>: Die Flossenstrahlen enthalten ein Gift, das kurzfristig in der Regel starke Schmerzen und Schwellungen verursacht.<\/mark><\/p>\n\n\n\n<hr class=\"wp-block-separator has-alpha-channel-opacity is-style-default\"\/>\n\n\n\n<p><\/p>\n","protected":false},"excerpt":{"rendered":"<p>Einfleckiges Fuchsgesicht Blotched foxface Siganus unimaculatus Gr\u00f6\u00dfe: bis 20 cm Lebensraum: Korallenriffe Vorkommen: Philippinen, Malaysia, Indonesien, Papua-Neuguinea, Nordwestaustralien Erkennungsmerkmale: Grundfarbe gelb; Kopf wei\u00df mit schwarzen B\u00e4ndern; gro\u00dfer, schwarzer Fleck auf der Seite Biologie &amp; Verhalten: Dieser Kaninchenfisch frisst Seetang. Adulte Tiere meistens paarweise im Riff unterwegs. Juvenile Tiere bilden gro\u00dfe Schulen. Dieser Kaninchenfisch sieht fast &hellip; <\/p>\n<p class=\"link-more\"><a href=\"https:\/\/alles-ueber-riffe.de\/?page_id=5018\" class=\"more-link\"><span class=\"screen-reader-text\">\u201eEinfleckiges Fuchsgesicht\u201c<\/span> weiterlesen<\/a><\/p>\n","protected":false},"author":1,"featured_media":0,"parent":0,"menu_order":0,"comment_status":"closed","ping_status":"closed","template":"","meta":{"footnotes":""},"class_list":["post-5018","page","type-page","status-publish","hentry"],"_links":{"self":[{"href":"https:\/\/alles-ueber-riffe.de\/index.php?rest_route=\/wp\/v2\/pages\/5018","targetHints":{"allow":["GET"]}}],"collection":[{"href":"https:\/\/alles-ueber-riffe.de\/index.php?rest_route=\/wp\/v2\/pages"}],"about":[{"href":"https:\/\/alles-ueber-riffe.de\/index.php?rest_route=\/wp\/v2\/types\/page"}],"author":[{"embeddable":true,"href":"https:\/\/alles-ueber-riffe.de\/index.php?rest_route=\/wp\/v2\/users\/1"}],"replies":[{"embeddable":true,"href":"https:\/\/alles-ueber-riffe.de\/index.php?rest_route=%2Fwp%2Fv2%2Fcomments&post=5018"}],"version-history":[{"count":5,"href":"https:\/\/alles-ueber-riffe.de\/index.php?rest_route=\/wp\/v2\/pages\/5018\/revisions"}],"predecessor-version":[{"id":8052,"href":"https:\/\/alles-ueber-riffe.de\/index.php?rest_route=\/wp\/v2\/pages\/5018\/revisions\/8052"}],"wp:attachment":[{"href":"https:\/\/alles-ueber-riffe.de\/index.php?rest_route=%2Fwp%2Fv2%2Fmedia&parent=5018"}],"curies":[{"name":"wp","href":"https:\/\/api.w.org\/{rel}","templated":true}]}}