{"id":5014,"date":"2025-01-08T15:38:02","date_gmt":"2025-01-08T15:38:02","guid":{"rendered":"https:\/\/alles-ueber-riffe.de\/?page_id=5014"},"modified":"2025-01-22T21:01:02","modified_gmt":"2025-01-22T21:01:02","slug":"rotmeer-kaninchenfisch","status":"publish","type":"page","link":"https:\/\/alles-ueber-riffe.de\/?page_id=5014","title":{"rendered":"Rotmeer-Kaninchenfisch"},"content":{"rendered":"\n<div class=\"wp-block-group is-vertical is-layout-flex wp-container-core-group-is-layout-8cf370e7 wp-block-group-is-layout-flex\">\n<p><strong>Rotmeer-Kaninchenfisch<\/strong><\/p>\n\n\n\n<p>Marbled spinefoot<\/p>\n\n\n\n<p><em>Siganus rivulatus<\/em><\/p>\n<\/div>\n\n\n\n<div style=\"height:30px\" aria-hidden=\"true\" class=\"wp-block-spacer\"><\/div>\n\n\n\n<figure class=\"wp-block-video\"><video height=\"576\" style=\"aspect-ratio: 1024 \/ 576;\" width=\"1024\" controls src=\"https:\/\/alles-ueber-riffe.de\/wp-content\/uploads\/2025\/01\/Rotmeer-Kaninchenfisch.mp4\"><\/video><\/figure>\n\n\n\n<hr class=\"wp-block-separator has-alpha-channel-opacity is-style-default\"\/>\n\n\n\n<p><strong>Gr\u00f6\u00dfe: <\/strong> bis 27 cm<\/p>\n\n\n\n<p><strong>Lebensraum:<\/strong> Korallenriffe, Sandb\u00f6den<\/p>\n\n\n\n<p><strong>Vorkommen:  <\/strong>von Ostafrika, Rotes Meer bis Oman; \u00fcber den Suezkanal in das Mittelmeer eingewandert<\/p>\n\n\n\n<p><strong>Erkennungsmerkmale: <\/strong> Grundfarbe silbern; Muster von hellen Punkten; nachts braun-wei\u00df marmoriert<\/p>\n\n\n\n<p><strong>Biologie &amp; Verhalten: <\/strong> Seinen Namen hat dieser Kaninchenfisch von seinem Schlafanzug, denn er wechselt nachts die F\u00e4rbung. Braun marmoriert findet man ihn schlafend im Riff oder in Sandmulden.<\/p>\n\n\n\n<p>Dieser Kaninchenfisch frisst Algen vom Substrat. Gew\u00f6hnlich in kleinen Gruppen aber auch gro\u00dfen Gruppen von bis zu 100 Tieren im Riff unterwegs.<\/p>\n\n\n\n<p><strong>Bedrohungsstatus:<\/strong> Die Art wird auf der Roten Liste der IUCN als <mark style=\"background-color:rgba(0, 0, 0, 0)\" class=\"has-inline-color has-vivid-green-cyan-color\">\u201enicht gef\u00e4hrdet\u201c<\/mark> gef\u00fchrt.<\/p>\n\n\n\n<p><mark style=\"background-color:rgba(0, 0, 0, 0)\" class=\"has-inline-color has-vivid-red-color\"><strong>Gefahr<\/strong>; Die Flossenstrahlen enthalten ein Gift, das kurzfristig in der Regel starke Schmerzen und Schwellungen verursacht.<\/mark><\/p>\n\n\n\n<hr class=\"wp-block-separator has-alpha-channel-opacity is-style-default\"\/>\n\n\n\n<p><\/p>\n","protected":false},"excerpt":{"rendered":"<p>Rotmeer-Kaninchenfisch Marbled spinefoot Siganus rivulatus Gr\u00f6\u00dfe: bis 27 cm Lebensraum: Korallenriffe, Sandb\u00f6den Vorkommen: von Ostafrika, Rotes Meer bis Oman; \u00fcber den Suezkanal in das Mittelmeer eingewandert Erkennungsmerkmale: Grundfarbe silbern; Muster von hellen Punkten; nachts braun-wei\u00df marmoriert Biologie &amp; Verhalten: Seinen Namen hat dieser Kaninchenfisch von seinem Schlafanzug, denn er wechselt nachts die F\u00e4rbung. Braun marmoriert &hellip; <\/p>\n<p class=\"link-more\"><a href=\"https:\/\/alles-ueber-riffe.de\/?page_id=5014\" class=\"more-link\"><span class=\"screen-reader-text\">\u201eRotmeer-Kaninchenfisch\u201c<\/span> weiterlesen<\/a><\/p>\n","protected":false},"author":1,"featured_media":0,"parent":0,"menu_order":0,"comment_status":"closed","ping_status":"closed","template":"","meta":{"footnotes":""},"class_list":["post-5014","page","type-page","status-publish","hentry"],"_links":{"self":[{"href":"https:\/\/alles-ueber-riffe.de\/index.php?rest_route=\/wp\/v2\/pages\/5014","targetHints":{"allow":["GET"]}}],"collection":[{"href":"https:\/\/alles-ueber-riffe.de\/index.php?rest_route=\/wp\/v2\/pages"}],"about":[{"href":"https:\/\/alles-ueber-riffe.de\/index.php?rest_route=\/wp\/v2\/types\/page"}],"author":[{"embeddable":true,"href":"https:\/\/alles-ueber-riffe.de\/index.php?rest_route=\/wp\/v2\/users\/1"}],"replies":[{"embeddable":true,"href":"https:\/\/alles-ueber-riffe.de\/index.php?rest_route=%2Fwp%2Fv2%2Fcomments&post=5014"}],"version-history":[{"count":5,"href":"https:\/\/alles-ueber-riffe.de\/index.php?rest_route=\/wp\/v2\/pages\/5014\/revisions"}],"predecessor-version":[{"id":8021,"href":"https:\/\/alles-ueber-riffe.de\/index.php?rest_route=\/wp\/v2\/pages\/5014\/revisions\/8021"}],"wp:attachment":[{"href":"https:\/\/alles-ueber-riffe.de\/index.php?rest_route=%2Fwp%2Fv2%2Fmedia&parent=5014"}],"curies":[{"name":"wp","href":"https:\/\/api.w.org\/{rel}","templated":true}]}}