{"id":5002,"date":"2025-01-08T15:37:02","date_gmt":"2025-01-08T15:37:02","guid":{"rendered":"https:\/\/alles-ueber-riffe.de\/?page_id=5002"},"modified":"2025-01-22T20:36:15","modified_gmt":"2025-01-22T20:36:15","slug":"andamanen-fuchsgesicht","status":"publish","type":"page","link":"https:\/\/alles-ueber-riffe.de\/?page_id=5002","title":{"rendered":"Andamanen Fuchsgesicht"},"content":{"rendered":"\n<div class=\"wp-block-group is-vertical is-layout-flex wp-container-core-group-is-layout-8cf370e7 wp-block-group-is-layout-flex\">\n<p><strong>Andamanen Fuchsgesicht<\/strong><\/p>\n\n\n\n<p>Magnificent rabbitfish<\/p>\n\n\n\n<p><em>Siganus magnificus<\/em><\/p>\n<\/div>\n\n\n\n<div style=\"height:30px\" aria-hidden=\"true\" class=\"wp-block-spacer\"><\/div>\n\n\n\n<figure class=\"wp-block-image size-full\"><img loading=\"lazy\" decoding=\"async\" width=\"1024\" height=\"768\" src=\"https:\/\/alles-ueber-riffe.de\/wp-content\/uploads\/2025\/01\/Andamanen-Fuchsgesicht_1024x768.jpg\" alt=\"\" class=\"wp-image-7985\" srcset=\"https:\/\/alles-ueber-riffe.de\/wp-content\/uploads\/2025\/01\/Andamanen-Fuchsgesicht_1024x768.jpg 1024w, https:\/\/alles-ueber-riffe.de\/wp-content\/uploads\/2025\/01\/Andamanen-Fuchsgesicht_1024x768-300x225.jpg 300w, https:\/\/alles-ueber-riffe.de\/wp-content\/uploads\/2025\/01\/Andamanen-Fuchsgesicht_1024x768-768x576.jpg 768w\" sizes=\"auto, (max-width: 767px) 89vw, (max-width: 1000px) 54vw, (max-width: 1071px) 543px, 580px\" \/><figcaption class=\"wp-element-caption\">\u00a9 Heinz Krimmer<\/figcaption><\/figure>\n\n\n\n<hr class=\"wp-block-separator has-alpha-channel-opacity is-style-default\"\/>\n\n\n\n<p><strong>Gr\u00f6\u00dfe: <\/strong> bis 24 cm<\/p>\n\n\n\n<p><strong>Lebensraum:<\/strong> Korallenriffe<\/p>\n\n\n\n<p><strong>Vorkommen:  <\/strong>von Thailand bis Java<\/p>\n\n\n\n<p><strong>Erkennungsmerkmale: <\/strong> Grundfarbe wei\u00df, R\u00fccken schwarz, schwarze Gesichtsmaske; Schwanz- und Afterflosse mit breitem, gelben Rand<\/p>\n\n\n\n<p><strong>Biologie &amp; Verhalten: <\/strong> Dieser sehr sch\u00f6ne Kaninchenfisch ist einer der wenigen Kaninchenfische, die nicht giftig sind. Dieser Kaninchenfisch frisst Algen und kleine Wirbellose. Gew\u00f6hnlich paarweise, manchmal auch einzeln im Riff unterwegs.<\/p>\n\n\n\n<p><strong>Bedrohungsstatus:<\/strong> Die Art wird auf der Roten Liste der IUCN als <mark style=\"background-color:rgba(0, 0, 0, 0)\" class=\"has-inline-color has-vivid-green-cyan-color\">\u201enicht gef\u00e4hrdet\u201c<\/mark> gef\u00fchrt.<\/p>\n\n\n\n<hr class=\"wp-block-separator has-alpha-channel-opacity is-style-default\"\/>\n","protected":false},"excerpt":{"rendered":"<p>Andamanen Fuchsgesicht Magnificent rabbitfish Siganus magnificus Gr\u00f6\u00dfe: bis 24 cm Lebensraum: Korallenriffe Vorkommen: von Thailand bis Java Erkennungsmerkmale: Grundfarbe wei\u00df, R\u00fccken schwarz, schwarze Gesichtsmaske; Schwanz- und Afterflosse mit breitem, gelben Rand Biologie &amp; Verhalten: Dieser sehr sch\u00f6ne Kaninchenfisch ist einer der wenigen Kaninchenfische, die nicht giftig sind. Dieser Kaninchenfisch frisst Algen und kleine Wirbellose. Gew\u00f6hnlich &hellip; <\/p>\n<p class=\"link-more\"><a href=\"https:\/\/alles-ueber-riffe.de\/?page_id=5002\" class=\"more-link\"><span class=\"screen-reader-text\">\u201eAndamanen Fuchsgesicht\u201c<\/span> weiterlesen<\/a><\/p>\n","protected":false},"author":1,"featured_media":0,"parent":0,"menu_order":0,"comment_status":"closed","ping_status":"closed","template":"","meta":{"footnotes":""},"class_list":["post-5002","page","type-page","status-publish","hentry"],"_links":{"self":[{"href":"https:\/\/alles-ueber-riffe.de\/index.php?rest_route=\/wp\/v2\/pages\/5002","targetHints":{"allow":["GET"]}}],"collection":[{"href":"https:\/\/alles-ueber-riffe.de\/index.php?rest_route=\/wp\/v2\/pages"}],"about":[{"href":"https:\/\/alles-ueber-riffe.de\/index.php?rest_route=\/wp\/v2\/types\/page"}],"author":[{"embeddable":true,"href":"https:\/\/alles-ueber-riffe.de\/index.php?rest_route=\/wp\/v2\/users\/1"}],"replies":[{"embeddable":true,"href":"https:\/\/alles-ueber-riffe.de\/index.php?rest_route=%2Fwp%2Fv2%2Fcomments&post=5002"}],"version-history":[{"count":6,"href":"https:\/\/alles-ueber-riffe.de\/index.php?rest_route=\/wp\/v2\/pages\/5002\/revisions"}],"predecessor-version":[{"id":7989,"href":"https:\/\/alles-ueber-riffe.de\/index.php?rest_route=\/wp\/v2\/pages\/5002\/revisions\/7989"}],"wp:attachment":[{"href":"https:\/\/alles-ueber-riffe.de\/index.php?rest_route=%2Fwp%2Fv2%2Fmedia&parent=5002"}],"curies":[{"name":"wp","href":"https:\/\/api.w.org\/{rel}","templated":true}]}}