{"id":4991,"date":"2025-01-08T15:36:03","date_gmt":"2025-01-08T15:36:03","guid":{"rendered":"https:\/\/alles-ueber-riffe.de\/?page_id=4991"},"modified":"2025-01-22T20:16:00","modified_gmt":"2025-01-22T20:16:00","slug":"mond-kaiserfisch","status":"publish","type":"page","link":"https:\/\/alles-ueber-riffe.de\/?page_id=4991","title":{"rendered":"Mond-Kaiserfisch"},"content":{"rendered":"\n<div class=\"wp-block-group is-vertical is-layout-flex wp-container-core-group-is-layout-8cf370e7 wp-block-group-is-layout-flex\">\n<p><strong>Mond-Kaiserfisch<\/strong><\/p>\n\n\n\n<p>Vermiculated angelfish<\/p>\n\n\n\n<p><em>Chaetodontoplus mesoleucus<\/em><\/p>\n<\/div>\n\n\n\n<div style=\"height:30px\" aria-hidden=\"true\" class=\"wp-block-spacer\"><\/div>\n\n\n\n<figure class=\"wp-block-image size-full\"><img loading=\"lazy\" decoding=\"async\" width=\"1024\" height=\"768\" src=\"https:\/\/alles-ueber-riffe.de\/wp-content\/uploads\/2025\/01\/Mond-Kaiserfisch_1024x768.jpg\" alt=\"\" class=\"wp-image-7953\" srcset=\"https:\/\/alles-ueber-riffe.de\/wp-content\/uploads\/2025\/01\/Mond-Kaiserfisch_1024x768.jpg 1024w, https:\/\/alles-ueber-riffe.de\/wp-content\/uploads\/2025\/01\/Mond-Kaiserfisch_1024x768-300x225.jpg 300w, https:\/\/alles-ueber-riffe.de\/wp-content\/uploads\/2025\/01\/Mond-Kaiserfisch_1024x768-768x576.jpg 768w\" sizes=\"auto, (max-width: 767px) 89vw, (max-width: 1000px) 54vw, (max-width: 1071px) 543px, 580px\" \/><figcaption class=\"wp-element-caption\">\u00a9 Joris Rombouts<\/figcaption><\/figure>\n\n\n\n<hr class=\"wp-block-separator has-alpha-channel-opacity is-style-default\"\/>\n\n\n\n<p><strong>Gr\u00f6\u00dfe: <\/strong> bis 18 cm<\/p>\n\n\n\n<p><strong>Lebensraum:<\/strong> Korallenriffe<\/p>\n\n\n\n<p><strong>Vorkommen:  <\/strong>Indonesien, Philippinen, S\u00fcdjapan, Papua Neuguinea<\/p>\n\n\n\n<p><strong>Erkennungsmerkmale: <\/strong> vordere K\u00f6rperh\u00e4lfte wei\u00df mit weichem \u00dcbergang zur schwarzen hinteren H\u00e4lfte; Schwanzflosse und Gesicht gelb;<\/p>\n\n\n\n<p><strong>Biologie &amp; Verhalten: <\/strong> Dieser Kaiserfisch ern\u00e4hrt sich von Schw\u00e4mmen, Manteltieren und Algen. Meistens in kleinen Gruppen im Riff zu sehen.<\/p>\n\n\n\n<p><strong>Bedrohungsstatus:<\/strong> Die Art wird auf der Roten Liste der IUCN als <mark style=\"background-color:rgba(0, 0, 0, 0)\" class=\"has-inline-color has-vivid-green-cyan-color\">\u201enicht gef\u00e4hrdet\u201c<\/mark> gef\u00fchrt.<\/p>\n\n\n\n<hr class=\"wp-block-separator has-alpha-channel-opacity is-style-default\"\/>\n","protected":false},"excerpt":{"rendered":"<p>Mond-Kaiserfisch Vermiculated angelfish Chaetodontoplus mesoleucus Gr\u00f6\u00dfe: bis 18 cm Lebensraum: Korallenriffe Vorkommen: Indonesien, Philippinen, S\u00fcdjapan, Papua Neuguinea Erkennungsmerkmale: vordere K\u00f6rperh\u00e4lfte wei\u00df mit weichem \u00dcbergang zur schwarzen hinteren H\u00e4lfte; Schwanzflosse und Gesicht gelb; Biologie &amp; Verhalten: Dieser Kaiserfisch ern\u00e4hrt sich von Schw\u00e4mmen, Manteltieren und Algen. Meistens in kleinen Gruppen im Riff zu sehen. Bedrohungsstatus: Die Art &hellip; <\/p>\n<p class=\"link-more\"><a href=\"https:\/\/alles-ueber-riffe.de\/?page_id=4991\" class=\"more-link\"><span class=\"screen-reader-text\">\u201eMond-Kaiserfisch\u201c<\/span> weiterlesen<\/a><\/p>\n","protected":false},"author":1,"featured_media":0,"parent":0,"menu_order":0,"comment_status":"closed","ping_status":"closed","template":"","meta":{"footnotes":""},"class_list":["post-4991","page","type-page","status-publish","hentry"],"_links":{"self":[{"href":"https:\/\/alles-ueber-riffe.de\/index.php?rest_route=\/wp\/v2\/pages\/4991","targetHints":{"allow":["GET"]}}],"collection":[{"href":"https:\/\/alles-ueber-riffe.de\/index.php?rest_route=\/wp\/v2\/pages"}],"about":[{"href":"https:\/\/alles-ueber-riffe.de\/index.php?rest_route=\/wp\/v2\/types\/page"}],"author":[{"embeddable":true,"href":"https:\/\/alles-ueber-riffe.de\/index.php?rest_route=\/wp\/v2\/users\/1"}],"replies":[{"embeddable":true,"href":"https:\/\/alles-ueber-riffe.de\/index.php?rest_route=%2Fwp%2Fv2%2Fcomments&post=4991"}],"version-history":[{"count":6,"href":"https:\/\/alles-ueber-riffe.de\/index.php?rest_route=\/wp\/v2\/pages\/4991\/revisions"}],"predecessor-version":[{"id":7957,"href":"https:\/\/alles-ueber-riffe.de\/index.php?rest_route=\/wp\/v2\/pages\/4991\/revisions\/7957"}],"wp:attachment":[{"href":"https:\/\/alles-ueber-riffe.de\/index.php?rest_route=%2Fwp%2Fv2%2Fmedia&parent=4991"}],"curies":[{"name":"wp","href":"https:\/\/api.w.org\/{rel}","templated":true}]}}