{"id":4974,"date":"2025-01-08T15:34:40","date_gmt":"2025-01-08T15:34:40","guid":{"rendered":"https:\/\/alles-ueber-riffe.de\/?page_id=4974"},"modified":"2025-01-22T09:29:31","modified_gmt":"2025-01-22T09:29:31","slug":"rotbrauner-zwergkaiserfisch","status":"publish","type":"page","link":"https:\/\/alles-ueber-riffe.de\/?page_id=4974","title":{"rendered":"Rotbrauner Zwergkaiserfisch"},"content":{"rendered":"\n<div class=\"wp-block-group is-vertical is-layout-flex wp-container-core-group-is-layout-8cf370e7 wp-block-group-is-layout-flex\">\n<p><strong>Rotbrauner Zwergkaiserfisch<\/strong><\/p>\n\n\n\n<p>Rusty angelfish<\/p>\n\n\n\n<p><em>Centropyge ferrugata<\/em><\/p>\n<\/div>\n\n\n\n<div style=\"height:30px\" aria-hidden=\"true\" class=\"wp-block-spacer\"><\/div>\n\n\n\n<figure class=\"wp-block-image size-full\"><img loading=\"lazy\" decoding=\"async\" width=\"1024\" height=\"768\" src=\"https:\/\/alles-ueber-riffe.de\/wp-content\/uploads\/2025\/01\/Rotbrauner-Zwergkaiserfisch_1024x768.jpg\" alt=\"\" class=\"wp-image-7903\" srcset=\"https:\/\/alles-ueber-riffe.de\/wp-content\/uploads\/2025\/01\/Rotbrauner-Zwergkaiserfisch_1024x768.jpg 1024w, https:\/\/alles-ueber-riffe.de\/wp-content\/uploads\/2025\/01\/Rotbrauner-Zwergkaiserfisch_1024x768-300x225.jpg 300w, https:\/\/alles-ueber-riffe.de\/wp-content\/uploads\/2025\/01\/Rotbrauner-Zwergkaiserfisch_1024x768-768x576.jpg 768w\" sizes=\"auto, (max-width: 767px) 89vw, (max-width: 1000px) 54vw, (max-width: 1071px) 543px, 580px\" \/><figcaption class=\"wp-element-caption\"><em>\u00a9 Heinz Krimmer<\/em><\/figcaption><\/figure>\n\n\n\n<hr class=\"wp-block-separator has-alpha-channel-opacity is-style-default\"\/>\n\n\n\n<p><strong>Gr\u00f6\u00dfe: <\/strong> bis 10 cm<\/p>\n\n\n\n<p><strong>Lebensraum:<\/strong> Korallenriffe<\/p>\n\n\n\n<p><strong>Vorkommen:  <\/strong>S\u00fcdjapan, Philippinen, Ostindonesien, Nordaustralien<\/p>\n\n\n\n<p><strong>Erkennungsmerkmale: <\/strong> Grundfarbe rotbraun, Muster aus schwarzen, kurzen Querstrichen<\/p>\n\n\n\n<p><strong>Biologie &amp; Verhalten: <\/strong> Dieser kleine Kaiserfisch ern\u00e4hrt sich von Algen und Zooplankton. Einzeln oder in kleinen Gruppen im Riff zu sehen.<\/p>\n\n\n\n<p><strong>Bedrohungsstatus:<\/strong> Die Art wird auf der Roten Liste der IUCN als <mark style=\"background-color:rgba(0, 0, 0, 0)\" class=\"has-inline-color has-vivid-green-cyan-color\">\u201enicht gef\u00e4hrdet\u201c<\/mark> gef\u00fchrt.<\/p>\n\n\n\n<hr class=\"wp-block-separator has-alpha-channel-opacity is-style-default\"\/>\n","protected":false},"excerpt":{"rendered":"<p>Rotbrauner Zwergkaiserfisch Rusty angelfish Centropyge ferrugata Gr\u00f6\u00dfe: bis 10 cm Lebensraum: Korallenriffe Vorkommen: S\u00fcdjapan, Philippinen, Ostindonesien, Nordaustralien Erkennungsmerkmale: Grundfarbe rotbraun, Muster aus schwarzen, kurzen Querstrichen Biologie &amp; Verhalten: Dieser kleine Kaiserfisch ern\u00e4hrt sich von Algen und Zooplankton. Einzeln oder in kleinen Gruppen im Riff zu sehen. Bedrohungsstatus: Die Art wird auf der Roten Liste der &hellip; <\/p>\n<p class=\"link-more\"><a href=\"https:\/\/alles-ueber-riffe.de\/?page_id=4974\" class=\"more-link\"><span class=\"screen-reader-text\">\u201eRotbrauner Zwergkaiserfisch\u201c<\/span> weiterlesen<\/a><\/p>\n","protected":false},"author":1,"featured_media":0,"parent":0,"menu_order":0,"comment_status":"closed","ping_status":"closed","template":"","meta":{"footnotes":""},"class_list":["post-4974","page","type-page","status-publish","hentry"],"_links":{"self":[{"href":"https:\/\/alles-ueber-riffe.de\/index.php?rest_route=\/wp\/v2\/pages\/4974","targetHints":{"allow":["GET"]}}],"collection":[{"href":"https:\/\/alles-ueber-riffe.de\/index.php?rest_route=\/wp\/v2\/pages"}],"about":[{"href":"https:\/\/alles-ueber-riffe.de\/index.php?rest_route=\/wp\/v2\/types\/page"}],"author":[{"embeddable":true,"href":"https:\/\/alles-ueber-riffe.de\/index.php?rest_route=\/wp\/v2\/users\/1"}],"replies":[{"embeddable":true,"href":"https:\/\/alles-ueber-riffe.de\/index.php?rest_route=%2Fwp%2Fv2%2Fcomments&post=4974"}],"version-history":[{"count":5,"href":"https:\/\/alles-ueber-riffe.de\/index.php?rest_route=\/wp\/v2\/pages\/4974\/revisions"}],"predecessor-version":[{"id":7907,"href":"https:\/\/alles-ueber-riffe.de\/index.php?rest_route=\/wp\/v2\/pages\/4974\/revisions\/7907"}],"wp:attachment":[{"href":"https:\/\/alles-ueber-riffe.de\/index.php?rest_route=%2Fwp%2Fv2%2Fmedia&parent=4974"}],"curies":[{"name":"wp","href":"https:\/\/api.w.org\/{rel}","templated":true}]}}