{"id":4966,"date":"2025-01-08T15:33:52","date_gmt":"2025-01-08T15:33:52","guid":{"rendered":"https:\/\/alles-ueber-riffe.de\/?page_id=4966"},"modified":"2025-01-24T16:06:37","modified_gmt":"2025-01-24T16:06:37","slug":"passer-kaiserfisch","status":"publish","type":"page","link":"https:\/\/alles-ueber-riffe.de\/?page_id=4966","title":{"rendered":"Passer-Kaiserfisch"},"content":{"rendered":"\n<div class=\"wp-block-group is-vertical is-layout-flex wp-container-core-group-is-layout-8cf370e7 wp-block-group-is-layout-flex\">\n<p><strong>Passer-Kaiserfisch<\/strong><\/p>\n\n\n\n<p>King angelfish<\/p>\n\n\n\n<p><em>Holacanthus&nbsp;passer<\/em><\/p>\n<\/div>\n\n\n\n<div style=\"height:30px\" aria-hidden=\"true\" class=\"wp-block-spacer\"><\/div>\n\n\n\n<figure class=\"wp-block-video\"><video height=\"576\" style=\"aspect-ratio: 1024 \/ 576;\" width=\"1024\" controls src=\"https:\/\/alles-ueber-riffe.de\/wp-content\/uploads\/2025\/01\/Passer-Kaiserfisch-Kopie.mp4\"><\/video><figcaption class=\"wp-element-caption\">\u00a9 Heinz Krimmer<\/figcaption><\/figure>\n\n\n\n<hr class=\"wp-block-separator has-alpha-channel-opacity is-style-default\"\/>\n\n\n\n<p><strong>Gr\u00f6\u00dfe: <\/strong> bis 35 cm<\/p>\n\n\n\n<p><strong>Lebensraum:<\/strong> Korallen- und Felsenriffe<\/p>\n\n\n\n<p><strong>Vorkommen:  <\/strong>Pazifikk\u00fcste Mittelamerikas einschlie\u00dflich Galapagos, Cocos und Malpelo<\/p>\n\n\n\n<p><strong>Erkennungsmerkmale: <\/strong> Grundfarbe blau; gelbe Schwanzflosse; wei\u00dfer Querstreifen im vorderen Drittel<\/p>\n\n\n\n<p><strong>Biologie &amp; Verhalten: <\/strong> Dieser Kaiserfisch ern\u00e4hrt sich von Schw\u00e4mmen und Korallenpolypen. Passer-Kaiserfische putzen auch gr\u00f6\u00dfere Fische wie z.B. Hammerhaie.<\/p>\n\n\n\n<p><strong>Bedrohungsstatus:<\/strong> Die Art wird auf der Roten Liste der IUCN als <mark style=\"background-color:rgba(0, 0, 0, 0)\" class=\"has-inline-color has-vivid-green-cyan-color\">\u201enicht gef\u00e4hrdet\u201c<\/mark> gef\u00fchrt.<\/p>\n\n\n\n<hr class=\"wp-block-separator has-alpha-channel-opacity is-style-default\"\/>\n","protected":false},"excerpt":{"rendered":"<p>Passer-Kaiserfisch King angelfish Holacanthus&nbsp;passer Gr\u00f6\u00dfe: bis 35 cm Lebensraum: Korallen- und Felsenriffe Vorkommen: Pazifikk\u00fcste Mittelamerikas einschlie\u00dflich Galapagos, Cocos und Malpelo Erkennungsmerkmale: Grundfarbe blau; gelbe Schwanzflosse; wei\u00dfer Querstreifen im vorderen Drittel Biologie &amp; Verhalten: Dieser Kaiserfisch ern\u00e4hrt sich von Schw\u00e4mmen und Korallenpolypen. Passer-Kaiserfische putzen auch gr\u00f6\u00dfere Fische wie z.B. Hammerhaie. Bedrohungsstatus: Die Art wird auf der &hellip; <\/p>\n<p class=\"link-more\"><a href=\"https:\/\/alles-ueber-riffe.de\/?page_id=4966\" class=\"more-link\"><span class=\"screen-reader-text\">\u201ePasser-Kaiserfisch\u201c<\/span> weiterlesen<\/a><\/p>\n","protected":false},"author":1,"featured_media":0,"parent":0,"menu_order":0,"comment_status":"closed","ping_status":"closed","template":"","meta":{"footnotes":""},"class_list":["post-4966","page","type-page","status-publish","hentry"],"_links":{"self":[{"href":"https:\/\/alles-ueber-riffe.de\/index.php?rest_route=\/wp\/v2\/pages\/4966","targetHints":{"allow":["GET"]}}],"collection":[{"href":"https:\/\/alles-ueber-riffe.de\/index.php?rest_route=\/wp\/v2\/pages"}],"about":[{"href":"https:\/\/alles-ueber-riffe.de\/index.php?rest_route=\/wp\/v2\/types\/page"}],"author":[{"embeddable":true,"href":"https:\/\/alles-ueber-riffe.de\/index.php?rest_route=\/wp\/v2\/users\/1"}],"replies":[{"embeddable":true,"href":"https:\/\/alles-ueber-riffe.de\/index.php?rest_route=%2Fwp%2Fv2%2Fcomments&post=4966"}],"version-history":[{"count":5,"href":"https:\/\/alles-ueber-riffe.de\/index.php?rest_route=\/wp\/v2\/pages\/4966\/revisions"}],"predecessor-version":[{"id":8045,"href":"https:\/\/alles-ueber-riffe.de\/index.php?rest_route=\/wp\/v2\/pages\/4966\/revisions\/8045"}],"wp:attachment":[{"href":"https:\/\/alles-ueber-riffe.de\/index.php?rest_route=%2Fwp%2Fv2%2Fmedia&parent=4966"}],"curies":[{"name":"wp","href":"https:\/\/api.w.org\/{rel}","templated":true}]}}