{"id":4952,"date":"2025-01-08T15:32:42","date_gmt":"2025-01-08T15:32:42","guid":{"rendered":"https:\/\/alles-ueber-riffe.de\/?page_id=4952"},"modified":"2025-01-22T08:50:54","modified_gmt":"2025-01-22T08:50:54","slug":"blaustreifen-samtkaiserfisch","status":"publish","type":"page","link":"https:\/\/alles-ueber-riffe.de\/?page_id=4952","title":{"rendered":"Blaustreifen-Samtkaiserfisch"},"content":{"rendered":"\n<div class=\"wp-block-group is-vertical is-layout-flex wp-container-core-group-is-layout-8cf370e7 wp-block-group-is-layout-flex\">\n<p><strong>Blaustreifen-Samtkaiserfisch<\/strong><\/p>\n\n\n\n<p>Bluestriped angelfish<\/p>\n\n\n\n<p><em>Chaetodontoplus septentrionalis<\/em><\/p>\n<\/div>\n\n\n\n<div style=\"height:30px\" aria-hidden=\"true\" class=\"wp-block-spacer\"><\/div>\n\n\n\n<figure class=\"wp-block-image size-full\"><img loading=\"lazy\" decoding=\"async\" width=\"1024\" height=\"768\" src=\"https:\/\/alles-ueber-riffe.de\/wp-content\/uploads\/2025\/01\/Blaustreifen-Samtkaiserfisch_1024x768.jpg\" alt=\"\" class=\"wp-image-7813\" srcset=\"https:\/\/alles-ueber-riffe.de\/wp-content\/uploads\/2025\/01\/Blaustreifen-Samtkaiserfisch_1024x768.jpg 1024w, https:\/\/alles-ueber-riffe.de\/wp-content\/uploads\/2025\/01\/Blaustreifen-Samtkaiserfisch_1024x768-300x225.jpg 300w, https:\/\/alles-ueber-riffe.de\/wp-content\/uploads\/2025\/01\/Blaustreifen-Samtkaiserfisch_1024x768-768x576.jpg 768w\" sizes=\"auto, (max-width: 767px) 89vw, (max-width: 1000px) 54vw, (max-width: 1071px) 543px, 580px\" \/><figcaption class=\"wp-element-caption\">\u00a9 Heinz Krimmer<\/figcaption><\/figure>\n\n\n\n<hr class=\"wp-block-separator has-alpha-channel-opacity is-style-default\"\/>\n\n\n\n<p><strong>Gr\u00f6\u00dfe: <\/strong> bis 22 cm<\/p>\n\n\n\n<p><strong>Lebensraum:<\/strong> Korallenriffe<\/p>\n\n\n\n<p><strong>Vorkommen:  <\/strong>Ostindonesien, Philippinen, Malaysia, Vietnam, S\u00fcdjapan, Nordaustralien und Papua-Neuguinea, Ozeanien bis Samoa<\/p>\n\n\n\n<p><strong>Erkennungsmerkmale: <\/strong> Grundfarbe gelbgr\u00fcn bis hellbraun; leuchtend blaue L\u00e4ngsstreifen<\/p>\n\n\n\n<p><strong>Biologie &amp; Verhalten: <\/strong> Dieser Kaiserfisch ern\u00e4hrt sich von Schw\u00e4mmen und Manteltieren wie Seescheiden. Einzelg\u00e4nger.<\/p>\n\n\n\n<p><strong>Bedrohungsstatus:<\/strong> Die Art wird auf der Roten Liste der IUCN als <mark style=\"background-color:rgba(0, 0, 0, 0)\" class=\"has-inline-color has-vivid-green-cyan-color\">\u201enicht gef\u00e4hrdet\u201c<\/mark> gef\u00fchrt.<\/p>\n\n\n\n<hr class=\"wp-block-separator has-alpha-channel-opacity is-style-default\"\/>\n","protected":false},"excerpt":{"rendered":"<p>Blaustreifen-Samtkaiserfisch Bluestriped angelfish Chaetodontoplus septentrionalis Gr\u00f6\u00dfe: bis 22 cm Lebensraum: Korallenriffe Vorkommen: Ostindonesien, Philippinen, Malaysia, Vietnam, S\u00fcdjapan, Nordaustralien und Papua-Neuguinea, Ozeanien bis Samoa Erkennungsmerkmale: Grundfarbe gelbgr\u00fcn bis hellbraun; leuchtend blaue L\u00e4ngsstreifen Biologie &amp; Verhalten: Dieser Kaiserfisch ern\u00e4hrt sich von Schw\u00e4mmen und Manteltieren wie Seescheiden. Einzelg\u00e4nger. Bedrohungsstatus: Die Art wird auf der Roten Liste der IUCN &hellip; <\/p>\n<p class=\"link-more\"><a href=\"https:\/\/alles-ueber-riffe.de\/?page_id=4952\" class=\"more-link\"><span class=\"screen-reader-text\">\u201eBlaustreifen-Samtkaiserfisch\u201c<\/span> weiterlesen<\/a><\/p>\n","protected":false},"author":1,"featured_media":0,"parent":0,"menu_order":0,"comment_status":"closed","ping_status":"closed","template":"","meta":{"footnotes":""},"class_list":["post-4952","page","type-page","status-publish","hentry"],"_links":{"self":[{"href":"https:\/\/alles-ueber-riffe.de\/index.php?rest_route=\/wp\/v2\/pages\/4952","targetHints":{"allow":["GET"]}}],"collection":[{"href":"https:\/\/alles-ueber-riffe.de\/index.php?rest_route=\/wp\/v2\/pages"}],"about":[{"href":"https:\/\/alles-ueber-riffe.de\/index.php?rest_route=\/wp\/v2\/types\/page"}],"author":[{"embeddable":true,"href":"https:\/\/alles-ueber-riffe.de\/index.php?rest_route=\/wp\/v2\/users\/1"}],"replies":[{"embeddable":true,"href":"https:\/\/alles-ueber-riffe.de\/index.php?rest_route=%2Fwp%2Fv2%2Fcomments&post=4952"}],"version-history":[{"count":7,"href":"https:\/\/alles-ueber-riffe.de\/index.php?rest_route=\/wp\/v2\/pages\/4952\/revisions"}],"predecessor-version":[{"id":7818,"href":"https:\/\/alles-ueber-riffe.de\/index.php?rest_route=\/wp\/v2\/pages\/4952\/revisions\/7818"}],"wp:attachment":[{"href":"https:\/\/alles-ueber-riffe.de\/index.php?rest_route=%2Fwp%2Fv2%2Fmedia&parent=4952"}],"curies":[{"name":"wp","href":"https:\/\/api.w.org\/{rel}","templated":true}]}}