{"id":4948,"date":"2025-01-08T15:32:23","date_gmt":"2025-01-08T15:32:23","guid":{"rendered":"https:\/\/alles-ueber-riffe.de\/?page_id=4948"},"modified":"2025-01-22T08:42:51","modified_gmt":"2025-01-22T08:42:51","slug":"arabischer-kaiserfisch","status":"publish","type":"page","link":"https:\/\/alles-ueber-riffe.de\/?page_id=4948","title":{"rendered":"Arabischer Kaiserfisch"},"content":{"rendered":"\n<div class=\"wp-block-group is-vertical is-layout-flex wp-container-core-group-is-layout-8cf370e7 wp-block-group-is-layout-flex\">\n<p><strong>Arabischer Kaiserfisch<\/strong><\/p>\n\n\n\n<p>Yellowbar angelfish<\/p>\n\n\n\n<p><em>Pomacanthus maculosus<\/em><\/p>\n<\/div>\n\n\n\n<div style=\"height:30px\" aria-hidden=\"true\" class=\"wp-block-spacer\"><\/div>\n\n\n\n<figure class=\"wp-block-video\"><video height=\"576\" style=\"aspect-ratio: 1024 \/ 576;\" width=\"1024\" controls src=\"https:\/\/alles-ueber-riffe.de\/wp-content\/uploads\/2025\/01\/Arabischer-Kaiserfisch3.mp4\"><\/video><figcaption class=\"wp-element-caption\">\u00a9 Heinz Krimmer<\/figcaption><\/figure>\n\n\n\n<hr class=\"wp-block-separator has-alpha-channel-opacity is-style-default\"\/>\n\n\n\n<p><strong>Gr\u00f6\u00dfe: <\/strong> bis 50 cm<\/p>\n\n\n\n<p><strong>Lebensraum:<\/strong> Korallenriffe<\/p>\n\n\n\n<p><strong>Vorkommen:  <\/strong>von Ostafrika, Rotes Meer bis Oman<\/p>\n\n\n\n<p><strong>Erkennungsmerkmale: <\/strong> Grundfarbe blau; gelber, gro\u00dfer Fleck an der hinteren Seite<\/p>\n\n\n\n<p><strong>Biologie &amp; Verhalten: <\/strong> Dieser sch\u00f6ne Kaiserfisch ist meistens alleine im Riff unterwegs. Er ern\u00e4hrt sich von Schw\u00e4mmen, Algen und Polypen der Lederkorallen.<\/p>\n\n\n\n<p><strong>Bedrohungsstatus:<\/strong> Die Art wird auf der Roten Liste der IUCN als <mark style=\"background-color:rgba(0, 0, 0, 0)\" class=\"has-inline-color has-vivid-green-cyan-color\">\u201enicht gef\u00e4hrdet\u201c<\/mark> gef\u00fchrt.<\/p>\n\n\n\n<hr class=\"wp-block-separator has-alpha-channel-opacity is-style-default\"\/>\n","protected":false},"excerpt":{"rendered":"<p>Arabischer Kaiserfisch Yellowbar angelfish Pomacanthus maculosus Gr\u00f6\u00dfe: bis 50 cm Lebensraum: Korallenriffe Vorkommen: von Ostafrika, Rotes Meer bis Oman Erkennungsmerkmale: Grundfarbe blau; gelber, gro\u00dfer Fleck an der hinteren Seite Biologie &amp; Verhalten: Dieser sch\u00f6ne Kaiserfisch ist meistens alleine im Riff unterwegs. Er ern\u00e4hrt sich von Schw\u00e4mmen, Algen und Polypen der Lederkorallen. Bedrohungsstatus: Die Art wird &hellip; <\/p>\n<p class=\"link-more\"><a href=\"https:\/\/alles-ueber-riffe.de\/?page_id=4948\" class=\"more-link\"><span class=\"screen-reader-text\">\u201eArabischer Kaiserfisch\u201c<\/span> weiterlesen<\/a><\/p>\n","protected":false},"author":1,"featured_media":0,"parent":0,"menu_order":0,"comment_status":"closed","ping_status":"closed","template":"","meta":{"footnotes":""},"class_list":["post-4948","page","type-page","status-publish","hentry"],"_links":{"self":[{"href":"https:\/\/alles-ueber-riffe.de\/index.php?rest_route=\/wp\/v2\/pages\/4948","targetHints":{"allow":["GET"]}}],"collection":[{"href":"https:\/\/alles-ueber-riffe.de\/index.php?rest_route=\/wp\/v2\/pages"}],"about":[{"href":"https:\/\/alles-ueber-riffe.de\/index.php?rest_route=\/wp\/v2\/types\/page"}],"author":[{"embeddable":true,"href":"https:\/\/alles-ueber-riffe.de\/index.php?rest_route=\/wp\/v2\/users\/1"}],"replies":[{"embeddable":true,"href":"https:\/\/alles-ueber-riffe.de\/index.php?rest_route=%2Fwp%2Fv2%2Fcomments&post=4948"}],"version-history":[{"count":4,"href":"https:\/\/alles-ueber-riffe.de\/index.php?rest_route=\/wp\/v2\/pages\/4948\/revisions"}],"predecessor-version":[{"id":7801,"href":"https:\/\/alles-ueber-riffe.de\/index.php?rest_route=\/wp\/v2\/pages\/4948\/revisions\/7801"}],"wp:attachment":[{"href":"https:\/\/alles-ueber-riffe.de\/index.php?rest_route=%2Fwp%2Fv2%2Fmedia&parent=4948"}],"curies":[{"name":"wp","href":"https:\/\/api.w.org\/{rel}","templated":true}]}}