{"id":4942,"date":"2025-01-08T15:31:46","date_gmt":"2025-01-08T15:31:46","guid":{"rendered":"https:\/\/alles-ueber-riffe.de\/?page_id=4942"},"modified":"2025-01-21T13:23:58","modified_gmt":"2025-01-21T13:23:58","slug":"gepunkteter-igelfisch","status":"publish","type":"page","link":"https:\/\/alles-ueber-riffe.de\/?page_id=4942","title":{"rendered":"Gepunkteter Igelfisch"},"content":{"rendered":"\n<div class=\"wp-block-group is-vertical is-layout-flex wp-container-core-group-is-layout-8cf370e7 wp-block-group-is-layout-flex\">\n<p><strong>Gepunkteter Igelfisch<\/strong><\/p>\n\n\n\n<p>Spot-fin porcupinefish<\/p>\n\n\n\n<p><em>Diodon hystrix<\/em><\/p>\n<\/div>\n\n\n\n<div style=\"height:30px\" aria-hidden=\"true\" class=\"wp-block-spacer\"><\/div>\n\n\n\n<figure class=\"wp-block-video\"><video height=\"576\" style=\"aspect-ratio: 1024 \/ 576;\" width=\"1024\" controls src=\"https:\/\/alles-ueber-riffe.de\/wp-content\/uploads\/2025\/01\/Gepunkteter-Igelfisch.mp4\"><\/video><figcaption class=\"wp-element-caption\">\u00a9 Heinz Krimmer<\/figcaption><\/figure>\n\n\n\n<hr class=\"wp-block-separator has-alpha-channel-opacity is-style-default\"\/>\n\n\n\n<p><strong>Gr\u00f6\u00dfe: <\/strong> bis 90 cm<\/p>\n\n\n\n<p><strong>Lebensraum:<\/strong> Korallenriffe, Felsenriffe<\/p>\n\n\n\n<p><strong>Vorkommen:  <\/strong>in allen tropischen und subtropischen Bereichen des Pazifik und des Atlantik inklusive der Nebenmeere wie z.B. das Rote Meer&nbsp;<\/p>\n\n\n\n<p><strong>Erkennungsmerkmale: <\/strong> Grundfarbe hellbraun; gr\u00f6\u00dfere dunkelbraune Flecken<\/p>\n\n\n\n<p><strong>Biologie &amp; Verhalten: <\/strong> Frisst Seeigel, Muscheln und Krabben.<\/p>\n\n\n\n<p>Verstecken sich gerne in H\u00f6hlen im Flachwasserbereich.<\/p>\n\n\n\n<p>Juvenile Gepunktete-Igelfische leben bis zu einer Gr\u00f6\u00dfe von ca. 20 cm pelagisch und lassen sich mit den Meeresstr\u00f6mungen treiben. Das erkl\u00e4rt auch ihre weltweite Verbreitung.<\/p>\n\n\n\n<p><strong>Bedrohungsstatus:<\/strong> Die Art wird auf der Roten Liste der IUCN als <mark style=\"background-color:rgba(0, 0, 0, 0)\" class=\"has-inline-color has-vivid-green-cyan-color\">\u201enicht gef\u00e4hrdet\u201c <\/mark>gef\u00fchrt.<\/p>\n\n\n\n<p><mark style=\"background-color:rgba(0, 0, 0, 0)\" class=\"has-inline-color has-vivid-red-color\"><strong>Gefahr:&nbsp;<\/strong>Das Fleisch des &#8222;Gepunkteten Igelfisches&#8220; ist giftig.<\/mark><\/p>\n\n\n\n<hr class=\"wp-block-separator has-alpha-channel-opacity is-style-default\"\/>\n","protected":false},"excerpt":{"rendered":"<p>Gepunkteter Igelfisch Spot-fin porcupinefish Diodon hystrix Gr\u00f6\u00dfe: bis 90 cm Lebensraum: Korallenriffe, Felsenriffe Vorkommen: in allen tropischen und subtropischen Bereichen des Pazifik und des Atlantik inklusive der Nebenmeere wie z.B. das Rote Meer&nbsp; Erkennungsmerkmale: Grundfarbe hellbraun; gr\u00f6\u00dfere dunkelbraune Flecken Biologie &amp; Verhalten: Frisst Seeigel, Muscheln und Krabben. Verstecken sich gerne in H\u00f6hlen im Flachwasserbereich. Juvenile &hellip; <\/p>\n<p class=\"link-more\"><a href=\"https:\/\/alles-ueber-riffe.de\/?page_id=4942\" class=\"more-link\"><span class=\"screen-reader-text\">\u201eGepunkteter Igelfisch\u201c<\/span> weiterlesen<\/a><\/p>\n","protected":false},"author":1,"featured_media":0,"parent":0,"menu_order":0,"comment_status":"closed","ping_status":"closed","template":"","meta":{"footnotes":""},"class_list":["post-4942","page","type-page","status-publish","hentry"],"_links":{"self":[{"href":"https:\/\/alles-ueber-riffe.de\/index.php?rest_route=\/wp\/v2\/pages\/4942","targetHints":{"allow":["GET"]}}],"collection":[{"href":"https:\/\/alles-ueber-riffe.de\/index.php?rest_route=\/wp\/v2\/pages"}],"about":[{"href":"https:\/\/alles-ueber-riffe.de\/index.php?rest_route=\/wp\/v2\/types\/page"}],"author":[{"embeddable":true,"href":"https:\/\/alles-ueber-riffe.de\/index.php?rest_route=\/wp\/v2\/users\/1"}],"replies":[{"embeddable":true,"href":"https:\/\/alles-ueber-riffe.de\/index.php?rest_route=%2Fwp%2Fv2%2Fcomments&post=4942"}],"version-history":[{"count":6,"href":"https:\/\/alles-ueber-riffe.de\/index.php?rest_route=\/wp\/v2\/pages\/4942\/revisions"}],"predecessor-version":[{"id":7784,"href":"https:\/\/alles-ueber-riffe.de\/index.php?rest_route=\/wp\/v2\/pages\/4942\/revisions\/7784"}],"wp:attachment":[{"href":"https:\/\/alles-ueber-riffe.de\/index.php?rest_route=%2Fwp%2Fv2%2Fmedia&parent=4942"}],"curies":[{"name":"wp","href":"https:\/\/api.w.org\/{rel}","templated":true}]}}