{"id":4940,"date":"2025-01-08T15:31:35","date_gmt":"2025-01-08T15:31:35","guid":{"rendered":"https:\/\/alles-ueber-riffe.de\/?page_id=4940"},"modified":"2025-01-21T12:45:08","modified_gmt":"2025-01-21T12:45:08","slug":"gelbflecken-igelfisch","status":"publish","type":"page","link":"https:\/\/alles-ueber-riffe.de\/?page_id=4940","title":{"rendered":"Gelbflecken-Igelfisch"},"content":{"rendered":"\n<div class=\"wp-block-group is-vertical is-layout-flex wp-container-core-group-is-layout-8cf370e7 wp-block-group-is-layout-flex\">\n<p><strong>Gelbflecken-Igelfisch<\/strong><\/p>\n\n\n\n<p>Spotbase burrfish<\/p>\n\n\n\n<p><em>Cyclichthys spilostylus<\/em><\/p>\n<\/div>\n\n\n\n<div style=\"height:30px\" aria-hidden=\"true\" class=\"wp-block-spacer\"><\/div>\n\n\n\n<figure class=\"wp-block-video\"><video height=\"576\" style=\"aspect-ratio: 1024 \/ 576;\" width=\"1024\" controls src=\"https:\/\/alles-ueber-riffe.de\/wp-content\/uploads\/2025\/01\/Gelbflecken-Igelfisch.mp4\"><\/video><figcaption class=\"wp-element-caption\">\u00a9 Heinz Krimmer<\/figcaption><\/figure>\n\n\n\n<hr class=\"wp-block-separator has-alpha-channel-opacity is-style-default\"\/>\n\n\n\n<p><strong>Gr\u00f6\u00dfe: <\/strong> bis 34 cm<\/p>\n\n\n\n<p><strong>Lebensraum:<\/strong> Korallenriffe, Sandb\u00f6den und Seegraswiesen<\/p>\n\n\n\n<p><strong>Vorkommen:  <\/strong>in allen tropischen Bereichen des Pazifik bis zu den Galapagosinseln; nicht an der mittelamerikanischen Pazifikk\u00fcste<\/p>\n\n\n\n<p><strong>Erkennungsmerkmale: <\/strong> Grundfarbe hellbraun; kurze, abstehende Stacheln, die am K\u00f6rperansatz gelblich gef\u00e4rbt sind.<\/p>\n\n\n\n<p><strong>Biologie &amp; Verhalten: <\/strong> Frisst Seeigel, Muscheln und Krabben. Nachtaktiv und Einzelg\u00e4nger.<\/p>\n\n\n\n<p><strong>Bedrohungsstatus:<\/strong> Die Art wird auf der Roten Liste der IUCN als <mark style=\"background-color:rgba(0, 0, 0, 0)\" class=\"has-inline-color has-vivid-green-cyan-color\">\u201enicht gef\u00e4hrdet\u201c<\/mark> gef\u00fchrt.<\/p>\n\n\n\n<hr class=\"wp-block-separator has-alpha-channel-opacity is-style-default\"\/>\n","protected":false},"excerpt":{"rendered":"<p>Gelbflecken-Igelfisch Spotbase burrfish Cyclichthys spilostylus Gr\u00f6\u00dfe: bis 34 cm Lebensraum: Korallenriffe, Sandb\u00f6den und Seegraswiesen Vorkommen: in allen tropischen Bereichen des Pazifik bis zu den Galapagosinseln; nicht an der mittelamerikanischen Pazifikk\u00fcste Erkennungsmerkmale: Grundfarbe hellbraun; kurze, abstehende Stacheln, die am K\u00f6rperansatz gelblich gef\u00e4rbt sind. Biologie &amp; Verhalten: Frisst Seeigel, Muscheln und Krabben. Nachtaktiv und Einzelg\u00e4nger. Bedrohungsstatus: Die &hellip; <\/p>\n<p class=\"link-more\"><a href=\"https:\/\/alles-ueber-riffe.de\/?page_id=4940\" class=\"more-link\"><span class=\"screen-reader-text\">\u201eGelbflecken-Igelfisch\u201c<\/span> weiterlesen<\/a><\/p>\n","protected":false},"author":1,"featured_media":0,"parent":0,"menu_order":0,"comment_status":"closed","ping_status":"closed","template":"","meta":{"footnotes":""},"class_list":["post-4940","page","type-page","status-publish","hentry"],"_links":{"self":[{"href":"https:\/\/alles-ueber-riffe.de\/index.php?rest_route=\/wp\/v2\/pages\/4940","targetHints":{"allow":["GET"]}}],"collection":[{"href":"https:\/\/alles-ueber-riffe.de\/index.php?rest_route=\/wp\/v2\/pages"}],"about":[{"href":"https:\/\/alles-ueber-riffe.de\/index.php?rest_route=\/wp\/v2\/types\/page"}],"author":[{"embeddable":true,"href":"https:\/\/alles-ueber-riffe.de\/index.php?rest_route=\/wp\/v2\/users\/1"}],"replies":[{"embeddable":true,"href":"https:\/\/alles-ueber-riffe.de\/index.php?rest_route=%2Fwp%2Fv2%2Fcomments&post=4940"}],"version-history":[{"count":8,"href":"https:\/\/alles-ueber-riffe.de\/index.php?rest_route=\/wp\/v2\/pages\/4940\/revisions"}],"predecessor-version":[{"id":7771,"href":"https:\/\/alles-ueber-riffe.de\/index.php?rest_route=\/wp\/v2\/pages\/4940\/revisions\/7771"}],"wp:attachment":[{"href":"https:\/\/alles-ueber-riffe.de\/index.php?rest_route=%2Fwp%2Fv2%2Fmedia&parent=4940"}],"curies":[{"name":"wp","href":"https:\/\/api.w.org\/{rel}","templated":true}]}}