{"id":4936,"date":"2025-01-08T15:30:58","date_gmt":"2025-01-08T15:30:58","guid":{"rendered":"https:\/\/alles-ueber-riffe.de\/?page_id=4936"},"modified":"2025-01-21T10:41:58","modified_gmt":"2025-01-21T10:41:58","slug":"weissspitzen-soldatenfisch","status":"publish","type":"page","link":"https:\/\/alles-ueber-riffe.de\/?page_id=4936","title":{"rendered":"Wei\u00dfspitzen-Soldatenfisch"},"content":{"rendered":"\n<div class=\"wp-block-group is-vertical is-layout-flex wp-container-core-group-is-layout-8cf370e7 wp-block-group-is-layout-flex\">\n<p><strong>Wei\u00dfspitzen-Soldatenfisch<\/strong><\/p>\n\n\n\n<p>Whitetip soldierfish<\/p>\n\n\n\n<p><em>Myripristis vittata<\/em><\/p>\n<\/div>\n\n\n\n<div style=\"height:30px\" aria-hidden=\"true\" class=\"wp-block-spacer\"><\/div>\n\n\n\n<figure class=\"wp-block-image size-full\"><img loading=\"lazy\" decoding=\"async\" width=\"1024\" height=\"768\" src=\"https:\/\/alles-ueber-riffe.de\/wp-content\/uploads\/2025\/01\/Weissspitzen-Soldatenfisch_1024x768.jpg\" alt=\"\" class=\"wp-image-7749\" srcset=\"https:\/\/alles-ueber-riffe.de\/wp-content\/uploads\/2025\/01\/Weissspitzen-Soldatenfisch_1024x768.jpg 1024w, https:\/\/alles-ueber-riffe.de\/wp-content\/uploads\/2025\/01\/Weissspitzen-Soldatenfisch_1024x768-300x225.jpg 300w, https:\/\/alles-ueber-riffe.de\/wp-content\/uploads\/2025\/01\/Weissspitzen-Soldatenfisch_1024x768-768x576.jpg 768w\" sizes=\"auto, (max-width: 767px) 89vw, (max-width: 1000px) 54vw, (max-width: 1071px) 543px, 580px\" \/><figcaption class=\"wp-element-caption\">\u00a9 Heinz Krimmer<\/figcaption><\/figure>\n\n\n\n<hr class=\"wp-block-separator has-alpha-channel-opacity is-style-default\"\/>\n\n\n\n<p><strong>Gr\u00f6\u00dfe: <\/strong> bis 25 cm<\/p>\n\n\n\n<p><strong>Lebensraum:<\/strong> Korallenriffe<\/p>\n\n\n\n<p><strong>Vorkommen:  <\/strong>Ostafrika, Malediven, S\u00fcdjapan, ganz S\u00fcdostasien, Nordaustralien, Ozeanien bis Hawaii<\/p>\n\n\n\n<p><strong>Erkennungsmerkmale: <\/strong> Grundfarbe kr\u00e4ftiges rot; mit Ausnahme der Brustflosse alle Flossen mit schmalem wei\u00dfem Saum;\u00a0<\/p>\n\n\n\n<p><\/p>\n\n\n\n<p><strong>Biologie &amp;Verhalten: <\/strong>Leicht mit dem Wei\u00dfsaum- und Schulterklappen-Soldatenfisch zu verwechseln. Ihm fehlt das dunkle Querband an den Kiemen des Schulterklappen-Soldatenfisches und sein Rot ist kr\u00e4ftiger. Auch lebt er nicht im Roten Meer und Oman.<\/p>\n\n\n\n<p>Auch dieser Soldatenfisch ist ein nachtaktiver J\u00e4ger. Zu seiner Beute geh\u00f6rt Zooplankton. Tags\u00fcber ruht er unter \u00dcberh\u00e4ngen oder in H\u00f6hlen und schwimmt gerne mit dem Bauch nach oben an der H\u00f6hlendecke.<\/p>\n\n\n\n<p><strong>Bedrohungsstatus:<\/strong> Die Art wird auf der Roten Liste der IUCN als <mark style=\"background-color:rgba(0, 0, 0, 0)\" class=\"has-inline-color has-vivid-green-cyan-color\">\u201enicht gef\u00e4hrdet\u201c <\/mark>gef\u00fchrt.<\/p>\n\n\n\n<hr class=\"wp-block-separator has-alpha-channel-opacity is-style-default\"\/>\n","protected":false},"excerpt":{"rendered":"<p>Wei\u00dfspitzen-Soldatenfisch Whitetip soldierfish Myripristis vittata Gr\u00f6\u00dfe: bis 25 cm Lebensraum: Korallenriffe Vorkommen: Ostafrika, Malediven, S\u00fcdjapan, ganz S\u00fcdostasien, Nordaustralien, Ozeanien bis Hawaii Erkennungsmerkmale: Grundfarbe kr\u00e4ftiges rot; mit Ausnahme der Brustflosse alle Flossen mit schmalem wei\u00dfem Saum;\u00a0 Biologie &amp;Verhalten: Leicht mit dem Wei\u00dfsaum- und Schulterklappen-Soldatenfisch zu verwechseln. Ihm fehlt das dunkle Querband an den Kiemen des Schulterklappen-Soldatenfisches &hellip; <\/p>\n<p class=\"link-more\"><a href=\"https:\/\/alles-ueber-riffe.de\/?page_id=4936\" class=\"more-link\"><span class=\"screen-reader-text\">\u201eWei\u00dfspitzen-Soldatenfisch\u201c<\/span> weiterlesen<\/a><\/p>\n","protected":false},"author":1,"featured_media":0,"parent":0,"menu_order":0,"comment_status":"closed","ping_status":"closed","template":"","meta":{"footnotes":""},"class_list":["post-4936","page","type-page","status-publish","hentry"],"_links":{"self":[{"href":"https:\/\/alles-ueber-riffe.de\/index.php?rest_route=\/wp\/v2\/pages\/4936","targetHints":{"allow":["GET"]}}],"collection":[{"href":"https:\/\/alles-ueber-riffe.de\/index.php?rest_route=\/wp\/v2\/pages"}],"about":[{"href":"https:\/\/alles-ueber-riffe.de\/index.php?rest_route=\/wp\/v2\/types\/page"}],"author":[{"embeddable":true,"href":"https:\/\/alles-ueber-riffe.de\/index.php?rest_route=\/wp\/v2\/users\/1"}],"replies":[{"embeddable":true,"href":"https:\/\/alles-ueber-riffe.de\/index.php?rest_route=%2Fwp%2Fv2%2Fcomments&post=4936"}],"version-history":[{"count":8,"href":"https:\/\/alles-ueber-riffe.de\/index.php?rest_route=\/wp\/v2\/pages\/4936\/revisions"}],"predecessor-version":[{"id":7755,"href":"https:\/\/alles-ueber-riffe.de\/index.php?rest_route=\/wp\/v2\/pages\/4936\/revisions\/7755"}],"wp:attachment":[{"href":"https:\/\/alles-ueber-riffe.de\/index.php?rest_route=%2Fwp%2Fv2%2Fmedia&parent=4936"}],"curies":[{"name":"wp","href":"https:\/\/api.w.org\/{rel}","templated":true}]}}