{"id":4928,"date":"2025-01-08T15:30:16","date_gmt":"2025-01-08T15:30:16","guid":{"rendered":"https:\/\/alles-ueber-riffe.de\/?page_id=4928"},"modified":"2025-01-20T21:52:32","modified_gmt":"2025-01-20T21:52:32","slug":"weisssaum-soldatenfisch","status":"publish","type":"page","link":"https:\/\/alles-ueber-riffe.de\/?page_id=4928","title":{"rendered":"Wei\u00dfsaum-Soldatenfisch"},"content":{"rendered":"\n<div class=\"wp-block-group is-vertical is-layout-flex wp-container-core-group-is-layout-8cf370e7 wp-block-group-is-layout-flex\">\n<p><strong>Wei\u00dfsaum-Soldatenfisch<\/strong><\/p>\n\n\n\n<p>Myripristis murdjan<\/p>\n\n\n\n<p><em>Pinecone soldierfish<\/em><\/p>\n<\/div>\n\n\n\n<div style=\"height:30px\" aria-hidden=\"true\" class=\"wp-block-spacer\"><\/div>\n\n\n\n<figure class=\"wp-block-video\"><video height=\"576\" style=\"aspect-ratio: 1024 \/ 576;\" width=\"1024\" controls src=\"https:\/\/alles-ueber-riffe.de\/wp-content\/uploads\/2025\/01\/Weisssaum-Soldatenfisch.mp4\"><\/video><figcaption class=\"wp-element-caption\">\u00a9 Heinz Krimmer<\/figcaption><\/figure>\n\n\n\n<hr class=\"wp-block-separator has-alpha-channel-opacity is-style-default\"\/>\n\n\n\n<p><strong>Gr\u00f6\u00dfe: <\/strong> bis 25 cm<\/p>\n\n\n\n<p><strong>Lebensraum:<\/strong> Korallenriffe<\/p>\n\n\n\n<p><strong>Vorkommen:  <\/strong>Ostafrika, Rotes Meer, Oman, Malediven, S\u00fcdjapan, ganz S\u00fcdostasien, Nordaustralien, Ozeanien bis Samoa<\/p>\n\n\n\n<p><strong>Erkennungsmerkmale: <\/strong> Grundfarbe rot; bis auf die Brustflosse alle Flossen mit schmalem, wei\u00dfem Saum<\/p>\n\n\n\n<p><strong>Biologie &amp; Verhalten: <\/strong> Leicht mit dem Schulterklappen-, und Wei\u00dfspitzen-Soldatenfisch zu verwechseln. Im fehlt&nbsp;&nbsp;das dunkle Band an den Kiemen des Schulterklappen-Soldatenfisches. Auch ist er nicht so kr\u00e4ftig rot gef\u00e4rbt wie der Wei\u00dfspitzen-Soldatenfisch. Im Roten Meer und Oman handelt sich auf jeden Fall um den Wei\u00dfsaum-Soldatenfisch, denn die anderen beiden Arten kommen hier nicht vor.<\/p>\n\n\n\n<p>Auch dieser Soldatenfisch ist ein nachtaktiver J\u00e4ger. Zu seiner Beute geh\u00f6rt Zooplankton. Tags\u00fcber ruht er in Gruppen oder einzeln unter \u00dcberh\u00e4ngen oder in H\u00f6hlen.<\/p>\n\n\n\n<p><strong>Bedrohungsstatus:<\/strong> Die Art wird auf der Roten Liste der IUCN als \u201enicht gef\u00e4hrdet\u201c gef\u00fchrt.<\/p>\n\n\n\n<p><mark style=\"background-color:rgba(0, 0, 0, 0)\" class=\"has-inline-color has-vivid-red-color\"><strong>Gefahr:\u00a0<\/strong>Es gibt Berichte \u00fcber ciguatoxische Vergiftungen nach dem Verzehr.<\/mark><\/p>\n\n\n\n<hr class=\"wp-block-separator has-alpha-channel-opacity is-style-default\"\/>\n","protected":false},"excerpt":{"rendered":"<p>Wei\u00dfsaum-Soldatenfisch Myripristis murdjan Pinecone soldierfish Gr\u00f6\u00dfe: bis 25 cm Lebensraum: Korallenriffe Vorkommen: Ostafrika, Rotes Meer, Oman, Malediven, S\u00fcdjapan, ganz S\u00fcdostasien, Nordaustralien, Ozeanien bis Samoa Erkennungsmerkmale: Grundfarbe rot; bis auf die Brustflosse alle Flossen mit schmalem, wei\u00dfem Saum Biologie &amp; Verhalten: Leicht mit dem Schulterklappen-, und Wei\u00dfspitzen-Soldatenfisch zu verwechseln. Im fehlt&nbsp;&nbsp;das dunkle Band an den Kiemen &hellip; <\/p>\n<p class=\"link-more\"><a href=\"https:\/\/alles-ueber-riffe.de\/?page_id=4928\" class=\"more-link\"><span class=\"screen-reader-text\">\u201eWei\u00dfsaum-Soldatenfisch\u201c<\/span> weiterlesen<\/a><\/p>\n","protected":false},"author":1,"featured_media":0,"parent":0,"menu_order":0,"comment_status":"closed","ping_status":"closed","template":"","meta":{"footnotes":""},"class_list":["post-4928","page","type-page","status-publish","hentry"],"_links":{"self":[{"href":"https:\/\/alles-ueber-riffe.de\/index.php?rest_route=\/wp\/v2\/pages\/4928","targetHints":{"allow":["GET"]}}],"collection":[{"href":"https:\/\/alles-ueber-riffe.de\/index.php?rest_route=\/wp\/v2\/pages"}],"about":[{"href":"https:\/\/alles-ueber-riffe.de\/index.php?rest_route=\/wp\/v2\/types\/page"}],"author":[{"embeddable":true,"href":"https:\/\/alles-ueber-riffe.de\/index.php?rest_route=\/wp\/v2\/users\/1"}],"replies":[{"embeddable":true,"href":"https:\/\/alles-ueber-riffe.de\/index.php?rest_route=%2Fwp%2Fv2%2Fcomments&post=4928"}],"version-history":[{"count":11,"href":"https:\/\/alles-ueber-riffe.de\/index.php?rest_route=\/wp\/v2\/pages\/4928\/revisions"}],"predecessor-version":[{"id":7718,"href":"https:\/\/alles-ueber-riffe.de\/index.php?rest_route=\/wp\/v2\/pages\/4928\/revisions\/7718"}],"wp:attachment":[{"href":"https:\/\/alles-ueber-riffe.de\/index.php?rest_route=%2Fwp%2Fv2%2Fmedia&parent=4928"}],"curies":[{"name":"wp","href":"https:\/\/api.w.org\/{rel}","templated":true}]}}