{"id":4924,"date":"2025-01-08T15:29:57","date_gmt":"2025-01-08T15:29:57","guid":{"rendered":"https:\/\/alles-ueber-riffe.de\/?page_id=4924"},"modified":"2025-01-20T21:44:37","modified_gmt":"2025-01-20T21:44:37","slug":"silberfleck-husar","status":"publish","type":"page","link":"https:\/\/alles-ueber-riffe.de\/?page_id=4924","title":{"rendered":"Silberfleck-Husar"},"content":{"rendered":"\n<div class=\"wp-block-group is-vertical is-layout-flex wp-container-core-group-is-layout-8cf370e7 wp-block-group-is-layout-flex\">\n<p><strong>Silberfleckhusar<\/strong><\/p>\n\n\n\n<p>Silverspot squirrelfish<\/p>\n\n\n\n<p><em>Sargocentron caudimaculatum<\/em><\/p>\n<\/div>\n\n\n\n<div style=\"height:30px\" aria-hidden=\"true\" class=\"wp-block-spacer\"><\/div>\n\n\n\n<figure class=\"wp-block-video\"><video height=\"576\" style=\"aspect-ratio: 1024 \/ 576;\" width=\"1024\" controls src=\"https:\/\/alles-ueber-riffe.de\/wp-content\/uploads\/2025\/01\/Silberfleck-Husar.mp4\"><\/video><figcaption class=\"wp-element-caption\">\u00a9 Heinz Krimmer<\/figcaption><\/figure>\n\n\n\n<hr class=\"wp-block-separator has-alpha-channel-opacity is-style-default\"\/>\n\n\n\n<p><strong>Gr\u00f6\u00dfe: <\/strong> bis 25 cm<\/p>\n\n\n\n<p><strong>Lebensraum:<\/strong> Korallenriffe<\/p>\n\n\n\n<p><strong>Vorkommen:  <\/strong>Ostafrika, Rotes Meer, Oman, Malediven, S\u00fcdjapan, ganz S\u00fcdostasien, Nordaustralien, Ozeanien bis Franz\u00f6sisch-Polynesien<\/p>\n\n\n\n<p><strong>Erkennungsmerkmale: <\/strong> Grundfarbe rot; die Schuppen mit schmalem, wei\u00dfen Rand; tags\u00fcber wei\u00dfe Schwanzwurzel, die nachts rot wird<\/p>\n\n\n\n<p><strong>Biologie &amp; Verhalten: <\/strong> Auch dieser Husarenfisch ist ein nachtaktiver J\u00e4ger. Zu seiner Beute geh\u00f6ren kleine Garnelen und Krebse. Tags\u00fcber ruht er unter \u00dcberh\u00e4ngen oder in H\u00f6hlen.<\/p>\n\n\n\n<p><strong>Bedrohungsstatus:<\/strong> Die Art wird auf der Roten Liste der IUCN als <mark style=\"background-color:rgba(0, 0, 0, 0)\" class=\"has-inline-color has-vivid-green-cyan-color\">\u201enicht gef\u00e4hrdet\u201c<\/mark> gef\u00fchrt.<\/p>\n\n\n\n<p><mark style=\"background-color:rgba(0, 0, 0, 0)\" class=\"has-inline-color has-vivid-red-color\"><strong>Gefahr<\/strong>: An den Kiemen befindet sich ein giftiger, gro\u00dfer Stachel.<\/mark><\/p>\n\n\n\n<hr class=\"wp-block-separator has-alpha-channel-opacity is-style-default\"\/>\n","protected":false},"excerpt":{"rendered":"<p>Silberfleckhusar Silverspot squirrelfish Sargocentron caudimaculatum Gr\u00f6\u00dfe: bis 25 cm Lebensraum: Korallenriffe Vorkommen: Ostafrika, Rotes Meer, Oman, Malediven, S\u00fcdjapan, ganz S\u00fcdostasien, Nordaustralien, Ozeanien bis Franz\u00f6sisch-Polynesien Erkennungsmerkmale: Grundfarbe rot; die Schuppen mit schmalem, wei\u00dfen Rand; tags\u00fcber wei\u00dfe Schwanzwurzel, die nachts rot wird Biologie &amp; Verhalten: Auch dieser Husarenfisch ist ein nachtaktiver J\u00e4ger. Zu seiner Beute geh\u00f6ren kleine &hellip; <\/p>\n<p class=\"link-more\"><a href=\"https:\/\/alles-ueber-riffe.de\/?page_id=4924\" class=\"more-link\"><span class=\"screen-reader-text\">\u201eSilberfleck-Husar\u201c<\/span> weiterlesen<\/a><\/p>\n","protected":false},"author":1,"featured_media":0,"parent":0,"menu_order":0,"comment_status":"closed","ping_status":"closed","template":"","meta":{"footnotes":""},"class_list":["post-4924","page","type-page","status-publish","hentry"],"_links":{"self":[{"href":"https:\/\/alles-ueber-riffe.de\/index.php?rest_route=\/wp\/v2\/pages\/4924","targetHints":{"allow":["GET"]}}],"collection":[{"href":"https:\/\/alles-ueber-riffe.de\/index.php?rest_route=\/wp\/v2\/pages"}],"about":[{"href":"https:\/\/alles-ueber-riffe.de\/index.php?rest_route=\/wp\/v2\/types\/page"}],"author":[{"embeddable":true,"href":"https:\/\/alles-ueber-riffe.de\/index.php?rest_route=\/wp\/v2\/users\/1"}],"replies":[{"embeddable":true,"href":"https:\/\/alles-ueber-riffe.de\/index.php?rest_route=%2Fwp%2Fv2%2Fcomments&post=4924"}],"version-history":[{"count":9,"href":"https:\/\/alles-ueber-riffe.de\/index.php?rest_route=\/wp\/v2\/pages\/4924\/revisions"}],"predecessor-version":[{"id":7699,"href":"https:\/\/alles-ueber-riffe.de\/index.php?rest_route=\/wp\/v2\/pages\/4924\/revisions\/7699"}],"wp:attachment":[{"href":"https:\/\/alles-ueber-riffe.de\/index.php?rest_route=%2Fwp%2Fv2%2Fmedia&parent=4924"}],"curies":[{"name":"wp","href":"https:\/\/api.w.org\/{rel}","templated":true}]}}