{"id":4920,"date":"2025-01-08T15:29:37","date_gmt":"2025-01-08T15:29:37","guid":{"rendered":"https:\/\/alles-ueber-riffe.de\/?page_id=4920"},"modified":"2025-01-20T21:34:43","modified_gmt":"2025-01-20T21:34:43","slug":"grossdorn-husar","status":"publish","type":"page","link":"https:\/\/alles-ueber-riffe.de\/?page_id=4920","title":{"rendered":"Gro\u00dfdorn-Husar"},"content":{"rendered":"\n<div class=\"wp-block-group is-vertical is-layout-flex wp-container-core-group-is-layout-8cf370e7 wp-block-group-is-layout-flex\">\n<p><strong>Grossdorn-Husar<\/strong><\/p>\n\n\n\n<p>Crown squirrelfish<\/p>\n\n\n\n<p><em>Sargocentron spiniferum<\/em><\/p>\n<\/div>\n\n\n\n<div style=\"height:30px\" aria-hidden=\"true\" class=\"wp-block-spacer\"><\/div>\n\n\n\n<figure class=\"wp-block-video\"><video height=\"576\" style=\"aspect-ratio: 1024 \/ 576;\" width=\"1024\" controls src=\"https:\/\/alles-ueber-riffe.de\/wp-content\/uploads\/2025\/01\/grossdorn_husar.mp4\"><\/video><figcaption class=\"wp-element-caption\">\u00a9 Heinz Krimmer<\/figcaption><\/figure>\n\n\n\n<hr class=\"wp-block-separator has-alpha-channel-opacity is-style-default\"\/>\n\n\n\n<p><strong>Gr\u00f6\u00dfe: <\/strong> bis 51 cm<\/p>\n\n\n\n<p><strong>Lebensraum:<\/strong> Korallenriffe<\/p>\n\n\n\n<p><strong>Vorkommen:  <\/strong>von Ostafrika, Rotes Meer, Oman, Malediven, S\u00fcdjapan, ganz S\u00fcdostasien, Nordaustralien, Ozeanien bis Hawaii<\/p>\n\n\n\n<p><strong>Erkennungsmerkmale: <\/strong> Grundfarbe rot; hoher R\u00fccken, gro\u00dfer Dorn an den Kiemendeckeln<\/p>\n\n\n\n<p><strong>Biologie &amp; Verhalten: <\/strong> Der gr\u00f6\u00dfte unter den Soldaten- und Husarenfischen ist ein nachtaktiver J\u00e4ger. Zu seiner Beute geh\u00f6ren kleine Fische, Garnelen und Krebse. Tags\u00fcber ruht er unter \u00dcberh\u00e4ngen oder in H\u00f6hlen.<\/p>\n\n\n\n<p><strong>Bedrohungsstatus:<\/strong> Die Art wird auf der Roten Liste der IUCN als <mark style=\"background-color:rgba(0, 0, 0, 0)\" class=\"has-inline-color has-vivid-green-cyan-color\">\u201enicht gef\u00e4hrdet\u201c<\/mark> gef\u00fchrt.<\/p>\n\n\n\n<p><mark style=\"background-color:rgba(0, 0, 0, 0)\" class=\"has-inline-color has-vivid-red-color\"><strong>Gefahr:\u00a0<\/strong>Es gibt Berichte \u00fcber ciguatoxische Vergiftungen nach dem Verzehr.<\/mark><\/p>\n\n\n\n<hr class=\"wp-block-separator has-alpha-channel-opacity is-style-default\"\/>\n","protected":false},"excerpt":{"rendered":"<p>Grossdorn-Husar Crown squirrelfish Sargocentron spiniferum Gr\u00f6\u00dfe: bis 51 cm Lebensraum: Korallenriffe Vorkommen: von Ostafrika, Rotes Meer, Oman, Malediven, S\u00fcdjapan, ganz S\u00fcdostasien, Nordaustralien, Ozeanien bis Hawaii Erkennungsmerkmale: Grundfarbe rot; hoher R\u00fccken, gro\u00dfer Dorn an den Kiemendeckeln Biologie &amp; Verhalten: Der gr\u00f6\u00dfte unter den Soldaten- und Husarenfischen ist ein nachtaktiver J\u00e4ger. Zu seiner Beute geh\u00f6ren kleine Fische, &hellip; <\/p>\n<p class=\"link-more\"><a href=\"https:\/\/alles-ueber-riffe.de\/?page_id=4920\" class=\"more-link\"><span class=\"screen-reader-text\">\u201eGro\u00dfdorn-Husar\u201c<\/span> weiterlesen<\/a><\/p>\n","protected":false},"author":1,"featured_media":0,"parent":0,"menu_order":0,"comment_status":"closed","ping_status":"closed","template":"","meta":{"footnotes":""},"class_list":["post-4920","page","type-page","status-publish","hentry"],"_links":{"self":[{"href":"https:\/\/alles-ueber-riffe.de\/index.php?rest_route=\/wp\/v2\/pages\/4920","targetHints":{"allow":["GET"]}}],"collection":[{"href":"https:\/\/alles-ueber-riffe.de\/index.php?rest_route=\/wp\/v2\/pages"}],"about":[{"href":"https:\/\/alles-ueber-riffe.de\/index.php?rest_route=\/wp\/v2\/types\/page"}],"author":[{"embeddable":true,"href":"https:\/\/alles-ueber-riffe.de\/index.php?rest_route=\/wp\/v2\/users\/1"}],"replies":[{"embeddable":true,"href":"https:\/\/alles-ueber-riffe.de\/index.php?rest_route=%2Fwp%2Fv2%2Fcomments&post=4920"}],"version-history":[{"count":7,"href":"https:\/\/alles-ueber-riffe.de\/index.php?rest_route=\/wp\/v2\/pages\/4920\/revisions"}],"predecessor-version":[{"id":7680,"href":"https:\/\/alles-ueber-riffe.de\/index.php?rest_route=\/wp\/v2\/pages\/4920\/revisions\/7680"}],"wp:attachment":[{"href":"https:\/\/alles-ueber-riffe.de\/index.php?rest_route=%2Fwp%2Fv2%2Fmedia&parent=4920"}],"curies":[{"name":"wp","href":"https:\/\/api.w.org\/{rel}","templated":true}]}}