{"id":4918,"date":"2025-01-08T15:29:24","date_gmt":"2025-01-08T15:29:24","guid":{"rendered":"https:\/\/alles-ueber-riffe.de\/?page_id=4918"},"modified":"2025-01-20T21:29:56","modified_gmt":"2025-01-20T21:29:56","slug":"diademhusar","status":"publish","type":"page","link":"https:\/\/alles-ueber-riffe.de\/?page_id=4918","title":{"rendered":"Diademhusar"},"content":{"rendered":"\n<div class=\"wp-block-group is-vertical is-layout-flex wp-container-core-group-is-layout-8cf370e7 wp-block-group-is-layout-flex\">\n<p><strong>Diademhusar<\/strong><\/p>\n\n\n\n<p>Crown squirrelfish<\/p>\n\n\n\n<p><em>Sargocentron diadema<\/em><\/p>\n<\/div>\n\n\n\n<div style=\"height:30px\" aria-hidden=\"true\" class=\"wp-block-spacer\"><\/div>\n\n\n\n<figure class=\"wp-block-video\"><video height=\"576\" style=\"aspect-ratio: 1024 \/ 576;\" width=\"1024\" controls src=\"https:\/\/alles-ueber-riffe.de\/wp-content\/uploads\/2025\/01\/Diademhusar.mp4\"><\/video><figcaption class=\"wp-element-caption\">\u00a9 Heinz Krimmer<\/figcaption><\/figure>\n\n\n\n<hr class=\"wp-block-separator has-alpha-channel-opacity is-style-default\"\/>\n\n\n\n<p><strong>Gr\u00f6\u00dfe: <\/strong> bis 17 cm<\/p>\n\n\n\n<p><strong>Lebensraum:<\/strong> Korallenriffe<\/p>\n\n\n\n<p><strong>Vorkommen:  <\/strong>Ostafrika, Rotes Meer, Oman, Malediven, S\u00fcdjapan, ganz S\u00fcdostasien, Nordaustralien, Ozeanien bis Hawaii<\/p>\n\n\n\n<p><strong>Erkennungsmerkmale: <\/strong> Grundfarbe rot; wei\u00dfe, schmale L\u00e4ngsstreifen; wei\u00dfer Schwanzstiel<\/p>\n\n\n\n<p><strong>Biologie &amp; Verhalten: <\/strong> Der Diademhusar ist ein nachtaktiver J\u00e4ger. Zu seiner Beute geh\u00f6ren Borstenw\u00fcrmer, Meerasseln, Krebse und andere Wirbellose. Tags\u00fcber ruht er unter \u00dcberh\u00e4ngen oder in H\u00f6hlen.<\/p>\n\n\n\n<p><strong>Bedrohungsstatus:<\/strong> Die Art wird auf der Roten Liste der IUCN als <mark style=\"background-color:rgba(0, 0, 0, 0)\" class=\"has-inline-color has-vivid-green-cyan-color\">\u201enicht gef\u00e4hrdet\u201c<\/mark> gef\u00fchrt.<\/p>\n\n\n\n<p><mark style=\"background-color:rgba(0, 0, 0, 0)\" class=\"has-inline-color has-vivid-red-color\"><strong>Gefahr<\/strong>: An den Kiemen befindet sich ein giftiger, kleiner Stachel.<\/mark><\/p>\n\n\n\n<hr class=\"wp-block-separator has-alpha-channel-opacity is-style-default\"\/>\n","protected":false},"excerpt":{"rendered":"<p>Diademhusar Crown squirrelfish Sargocentron diadema Gr\u00f6\u00dfe: bis 17 cm Lebensraum: Korallenriffe Vorkommen: Ostafrika, Rotes Meer, Oman, Malediven, S\u00fcdjapan, ganz S\u00fcdostasien, Nordaustralien, Ozeanien bis Hawaii Erkennungsmerkmale: Grundfarbe rot; wei\u00dfe, schmale L\u00e4ngsstreifen; wei\u00dfer Schwanzstiel Biologie &amp; Verhalten: Der Diademhusar ist ein nachtaktiver J\u00e4ger. Zu seiner Beute geh\u00f6ren Borstenw\u00fcrmer, Meerasseln, Krebse und andere Wirbellose. Tags\u00fcber ruht er unter &hellip; <\/p>\n<p class=\"link-more\"><a href=\"https:\/\/alles-ueber-riffe.de\/?page_id=4918\" class=\"more-link\"><span class=\"screen-reader-text\">\u201eDiademhusar\u201c<\/span> weiterlesen<\/a><\/p>\n","protected":false},"author":1,"featured_media":0,"parent":0,"menu_order":0,"comment_status":"closed","ping_status":"closed","template":"","meta":{"footnotes":""},"class_list":["post-4918","page","type-page","status-publish","hentry"],"_links":{"self":[{"href":"https:\/\/alles-ueber-riffe.de\/index.php?rest_route=\/wp\/v2\/pages\/4918","targetHints":{"allow":["GET"]}}],"collection":[{"href":"https:\/\/alles-ueber-riffe.de\/index.php?rest_route=\/wp\/v2\/pages"}],"about":[{"href":"https:\/\/alles-ueber-riffe.de\/index.php?rest_route=\/wp\/v2\/types\/page"}],"author":[{"embeddable":true,"href":"https:\/\/alles-ueber-riffe.de\/index.php?rest_route=\/wp\/v2\/users\/1"}],"replies":[{"embeddable":true,"href":"https:\/\/alles-ueber-riffe.de\/index.php?rest_route=%2Fwp%2Fv2%2Fcomments&post=4918"}],"version-history":[{"count":8,"href":"https:\/\/alles-ueber-riffe.de\/index.php?rest_route=\/wp\/v2\/pages\/4918\/revisions"}],"predecessor-version":[{"id":7673,"href":"https:\/\/alles-ueber-riffe.de\/index.php?rest_route=\/wp\/v2\/pages\/4918\/revisions\/7673"}],"wp:attachment":[{"href":"https:\/\/alles-ueber-riffe.de\/index.php?rest_route=%2Fwp%2Fv2%2Fmedia&parent=4918"}],"curies":[{"name":"wp","href":"https:\/\/api.w.org\/{rel}","templated":true}]}}