{"id":4916,"date":"2025-01-08T15:29:13","date_gmt":"2025-01-08T15:29:13","guid":{"rendered":"https:\/\/alles-ueber-riffe.de\/?page_id=4916"},"modified":"2025-01-20T21:25:17","modified_gmt":"2025-01-20T21:25:17","slug":"blutfleck-husar","status":"publish","type":"page","link":"https:\/\/alles-ueber-riffe.de\/?page_id=4916","title":{"rendered":"Blutfleck-Husar"},"content":{"rendered":"\n<div class=\"wp-block-group is-vertical is-layout-flex wp-container-core-group-is-layout-8cf370e7 wp-block-group-is-layout-flex\">\n<p><strong>Blutfleck-Husar<\/strong><\/p>\n\n\n\n<p>Sammara squirrelfish<\/p>\n\n\n\n<p><em>Neoniphon sammara<\/em><\/p>\n<\/div>\n\n\n\n<div style=\"height:30px\" aria-hidden=\"true\" class=\"wp-block-spacer\"><\/div>\n\n\n\n<figure class=\"wp-block-video\"><video height=\"576\" style=\"aspect-ratio: 1024 \/ 576;\" width=\"1024\" controls src=\"https:\/\/alles-ueber-riffe.de\/wp-content\/uploads\/2025\/01\/blutfleckhusar.mp4\"><\/video><figcaption class=\"wp-element-caption\">\u00a9 Heinz Krimmer<\/figcaption><\/figure>\n\n\n\n<hr class=\"wp-block-separator has-alpha-channel-opacity is-style-default\"\/>\n\n\n\n<p><strong>Gr\u00f6\u00dfe: <\/strong> bis 32 cm<\/p>\n\n\n\n<p><strong>Lebensraum:<\/strong> Korallenriffe und Seegraswiesen<\/p>\n\n\n\n<p><strong>Vorkommen:  <\/strong>Ostafrika, Rotes Meer, Oman, Malediven, S\u00fcdjapan, ganz S\u00fcdostasien, Nordaustralien, Ozeanien bis Hawaii<\/p>\n\n\n\n<p><strong>Erkennungsmerkmale: <\/strong> Grundfarbe silbern; dunkelrote, schmale L\u00e4ngsstreifen; dunkler, roter Fleck am Beginn der R\u00fcckenflosse<\/p>\n\n\n\n<p><strong>Biologie &amp; Verhalten: <\/strong> Leicht mit dem Silber-Husar zu verwechseln, besonders wenn sie auch noch zusammen den Tag unter \u00dcberh\u00e4ngen oder H\u00f6hlen verbringen. Dem Silber-Husar fehlt allerdings der dunkle Fleck am Anfang der R\u00fcckenflosse und er lebt nicht im Roten Meer.<\/p>\n\n\n\n<p>Der Blutfleck-Husar ist ein nachtaktiver J\u00e4ger. Zu seiner Beute geh\u00f6ren kleine Fische, Garnelen und Krebse. Tags\u00fcber ruht der Einzelg\u00e4nger unter \u00dcberh\u00e4ngen oder in H\u00f6hlen.<\/p>\n\n\n\n<p><strong>Bedrohungsstatus:<\/strong> Die Art wird auf der Roten Liste der IUCN als <mark style=\"background-color:rgba(0, 0, 0, 0)\" class=\"has-inline-color has-vivid-green-cyan-color\">\u201enicht gef\u00e4hrdet\u201c<\/mark> gef\u00fchrt.<\/p>\n\n\n\n<p><mark style=\"background-color:rgba(0, 0, 0, 0)\" class=\"has-inline-color has-vivid-red-color\"><strong>Gefahr<\/strong>: An den Kiemen befindet sich ein giftiger, kleiner Stachel.<\/mark><\/p>\n\n\n\n<hr class=\"wp-block-separator has-alpha-channel-opacity is-style-default\"\/>\n","protected":false},"excerpt":{"rendered":"<p>Blutfleck-Husar Sammara squirrelfish Neoniphon sammara Gr\u00f6\u00dfe: bis 32 cm Lebensraum: Korallenriffe und Seegraswiesen Vorkommen: Ostafrika, Rotes Meer, Oman, Malediven, S\u00fcdjapan, ganz S\u00fcdostasien, Nordaustralien, Ozeanien bis Hawaii Erkennungsmerkmale: Grundfarbe silbern; dunkelrote, schmale L\u00e4ngsstreifen; dunkler, roter Fleck am Beginn der R\u00fcckenflosse Biologie &amp; Verhalten: Leicht mit dem Silber-Husar zu verwechseln, besonders wenn sie auch noch zusammen den &hellip; <\/p>\n<p class=\"link-more\"><a href=\"https:\/\/alles-ueber-riffe.de\/?page_id=4916\" class=\"more-link\"><span class=\"screen-reader-text\">\u201eBlutfleck-Husar\u201c<\/span> weiterlesen<\/a><\/p>\n","protected":false},"author":1,"featured_media":0,"parent":0,"menu_order":0,"comment_status":"closed","ping_status":"closed","template":"","meta":{"footnotes":""},"class_list":["post-4916","page","type-page","status-publish","hentry"],"_links":{"self":[{"href":"https:\/\/alles-ueber-riffe.de\/index.php?rest_route=\/wp\/v2\/pages\/4916","targetHints":{"allow":["GET"]}}],"collection":[{"href":"https:\/\/alles-ueber-riffe.de\/index.php?rest_route=\/wp\/v2\/pages"}],"about":[{"href":"https:\/\/alles-ueber-riffe.de\/index.php?rest_route=\/wp\/v2\/types\/page"}],"author":[{"embeddable":true,"href":"https:\/\/alles-ueber-riffe.de\/index.php?rest_route=\/wp\/v2\/users\/1"}],"replies":[{"embeddable":true,"href":"https:\/\/alles-ueber-riffe.de\/index.php?rest_route=%2Fwp%2Fv2%2Fcomments&post=4916"}],"version-history":[{"count":8,"href":"https:\/\/alles-ueber-riffe.de\/index.php?rest_route=\/wp\/v2\/pages\/4916\/revisions"}],"predecessor-version":[{"id":7662,"href":"https:\/\/alles-ueber-riffe.de\/index.php?rest_route=\/wp\/v2\/pages\/4916\/revisions\/7662"}],"wp:attachment":[{"href":"https:\/\/alles-ueber-riffe.de\/index.php?rest_route=%2Fwp%2Fv2%2Fmedia&parent=4916"}],"curies":[{"name":"wp","href":"https:\/\/api.w.org\/{rel}","templated":true}]}}