{"id":4908,"date":"2025-01-08T15:28:18","date_gmt":"2025-01-08T15:28:18","guid":{"rendered":"https:\/\/alles-ueber-riffe.de\/?page_id=4908"},"modified":"2025-01-20T12:05:39","modified_gmt":"2025-01-20T12:05:39","slug":"dollfuss-himmelsgucker","status":"publish","type":"page","link":"https:\/\/alles-ueber-riffe.de\/?page_id=4908","title":{"rendered":"Dollfuss` Himmelsgucker"},"content":{"rendered":"\n<div class=\"wp-block-group is-vertical is-layout-flex wp-container-core-group-is-layout-8cf370e7 wp-block-group-is-layout-flex\">\n<p><strong>Dollfuss`Himmelsgucker<\/strong><\/p>\n\n\n\n<p>Dollfus`stargazer<\/p>\n\n\n\n<p><em>Uranoscopus dollfusi<\/em><\/p>\n<\/div>\n\n\n\n<div style=\"height:30px\" aria-hidden=\"true\" class=\"wp-block-spacer\"><\/div>\n\n\n\n<figure class=\"wp-block-image size-full\"><img loading=\"lazy\" decoding=\"async\" width=\"1024\" height=\"768\" src=\"https:\/\/alles-ueber-riffe.de\/wp-content\/uploads\/2025\/01\/DollfussHimmelsgucker_1024x768.jpg\" alt=\"\" class=\"wp-image-7624\" srcset=\"https:\/\/alles-ueber-riffe.de\/wp-content\/uploads\/2025\/01\/DollfussHimmelsgucker_1024x768.jpg 1024w, https:\/\/alles-ueber-riffe.de\/wp-content\/uploads\/2025\/01\/DollfussHimmelsgucker_1024x768-300x225.jpg 300w, https:\/\/alles-ueber-riffe.de\/wp-content\/uploads\/2025\/01\/DollfussHimmelsgucker_1024x768-768x576.jpg 768w\" sizes=\"auto, (max-width: 767px) 89vw, (max-width: 1000px) 54vw, (max-width: 1071px) 543px, 580px\" \/><figcaption class=\"wp-element-caption\">\u00a9 Sandra Caramelle<\/figcaption><\/figure>\n\n\n\n<figure class=\"wp-block-image size-full\"><img loading=\"lazy\" decoding=\"async\" width=\"1024\" height=\"768\" src=\"https:\/\/alles-ueber-riffe.de\/wp-content\/uploads\/2025\/01\/DollfussHimmelsgucker_1024x768-2.jpg\" alt=\"\" class=\"wp-image-7625\" srcset=\"https:\/\/alles-ueber-riffe.de\/wp-content\/uploads\/2025\/01\/DollfussHimmelsgucker_1024x768-2.jpg 1024w, https:\/\/alles-ueber-riffe.de\/wp-content\/uploads\/2025\/01\/DollfussHimmelsgucker_1024x768-2-300x225.jpg 300w, https:\/\/alles-ueber-riffe.de\/wp-content\/uploads\/2025\/01\/DollfussHimmelsgucker_1024x768-2-768x576.jpg 768w\" sizes=\"auto, (max-width: 767px) 89vw, (max-width: 1000px) 54vw, (max-width: 1071px) 543px, 580px\" \/><figcaption class=\"wp-element-caption\">\u00a9 Sandra Caramelle<\/figcaption><\/figure>\n\n\n\n<hr class=\"wp-block-separator has-alpha-channel-opacity is-style-default\"\/>\n\n\n\n<p><strong>Gr\u00f6\u00dfe: <\/strong> bis 24 cm<\/p>\n\n\n\n<p><strong>Lebensraum:<\/strong> Sandb\u00f6den in der N\u00e4he von Korallenriffen<\/p>\n\n\n\n<p><strong>Vorkommen:  <\/strong>Rotes Meer, Oman, Persischer Golf<\/p>\n\n\n\n<p><strong>Erkennungsmerkmale: <\/strong> bulliges Erscheinungsbild; nach unten gebogenes Maul; Augen nach oben ausgerichtet; schwarzer Fleck an der Spitze der ersten R\u00fcckenflosse und ein gr\u00f6\u00dferer hinter den Brustflossen. Meistens sieht man jedoch lediglich die Augen und das Maul, des im Sand vergrabenen Fisches.<\/p>\n\n\n\n<p><strong>Biologie &amp; Verhalten: <\/strong> Ein wenig erinnert das Aussehen des Himmelsgucker an einen Kampfhund: bulliger, gro\u00dfer Kopf und furchterregendes Maul. Allerdings k\u00e4mpft er nicht, sondern liegt meistens regungslos auf dem Sand oder hat sich eingegraben und nur das Maul und die Augen sind zu sehen. Kommt eine passende Beute vorbei, dann schnellt er auf sie zu und verschlingt sie mit seinem gro\u00dfen Maul.<\/p>\n\n\n\n<p>Im tropischen Pazifik leben auch noch andere Arten wie z.B. der Schwefel-Sterngucker (Uranoscopus sulphorus). Sie sind aber kaum zu unterscheiden. Im Sand eingegraben schon gar nicht.<\/p>\n\n\n\n<p><strong>Bedrohungsstatus:<\/strong> Die Art wird auf der Roten Liste der IUCN als <mark style=\"background-color:rgba(0, 0, 0, 0)\" class=\"has-inline-color has-vivid-green-cyan-color\">\u201enicht gef\u00e4hrdet\u201c<\/mark> gef\u00fchrt.<\/p>\n\n\n\n<hr class=\"wp-block-separator has-alpha-channel-opacity is-style-default\"\/>\n","protected":false},"excerpt":{"rendered":"<p>Dollfuss`Himmelsgucker Dollfus`stargazer Uranoscopus dollfusi Gr\u00f6\u00dfe: bis 24 cm Lebensraum: Sandb\u00f6den in der N\u00e4he von Korallenriffen Vorkommen: Rotes Meer, Oman, Persischer Golf Erkennungsmerkmale: bulliges Erscheinungsbild; nach unten gebogenes Maul; Augen nach oben ausgerichtet; schwarzer Fleck an der Spitze der ersten R\u00fcckenflosse und ein gr\u00f6\u00dferer hinter den Brustflossen. Meistens sieht man jedoch lediglich die Augen und das &hellip; <\/p>\n<p class=\"link-more\"><a href=\"https:\/\/alles-ueber-riffe.de\/?page_id=4908\" class=\"more-link\"><span class=\"screen-reader-text\">\u201eDollfuss` Himmelsgucker\u201c<\/span> weiterlesen<\/a><\/p>\n","protected":false},"author":1,"featured_media":0,"parent":0,"menu_order":0,"comment_status":"closed","ping_status":"closed","template":"","meta":{"footnotes":""},"class_list":["post-4908","page","type-page","status-publish","hentry"],"_links":{"self":[{"href":"https:\/\/alles-ueber-riffe.de\/index.php?rest_route=\/wp\/v2\/pages\/4908","targetHints":{"allow":["GET"]}}],"collection":[{"href":"https:\/\/alles-ueber-riffe.de\/index.php?rest_route=\/wp\/v2\/pages"}],"about":[{"href":"https:\/\/alles-ueber-riffe.de\/index.php?rest_route=\/wp\/v2\/types\/page"}],"author":[{"embeddable":true,"href":"https:\/\/alles-ueber-riffe.de\/index.php?rest_route=\/wp\/v2\/users\/1"}],"replies":[{"embeddable":true,"href":"https:\/\/alles-ueber-riffe.de\/index.php?rest_route=%2Fwp%2Fv2%2Fcomments&post=4908"}],"version-history":[{"count":8,"href":"https:\/\/alles-ueber-riffe.de\/index.php?rest_route=\/wp\/v2\/pages\/4908\/revisions"}],"predecessor-version":[{"id":7631,"href":"https:\/\/alles-ueber-riffe.de\/index.php?rest_route=\/wp\/v2\/pages\/4908\/revisions\/7631"}],"wp:attachment":[{"href":"https:\/\/alles-ueber-riffe.de\/index.php?rest_route=%2Fwp%2Fv2%2Fmedia&parent=4908"}],"curies":[{"name":"wp","href":"https:\/\/api.w.org\/{rel}","templated":true}]}}