{"id":4904,"date":"2025-01-08T15:27:47","date_gmt":"2025-01-08T15:27:47","guid":{"rendered":"https:\/\/alles-ueber-riffe.de\/?page_id=4904"},"modified":"2025-01-20T11:59:10","modified_gmt":"2025-01-20T11:59:10","slug":"goldsteifen-sardine","status":"publish","type":"page","link":"https:\/\/alles-ueber-riffe.de\/?page_id=4904","title":{"rendered":"Goldstreifen-Sardine"},"content":{"rendered":"\n<div class=\"wp-block-group is-vertical is-layout-flex wp-container-core-group-is-layout-8cf370e7 wp-block-group-is-layout-flex\">\n<p><strong>Goldsteifen-Sardine<\/strong><\/p>\n\n\n\n<p>Goldstripe sardinella<\/p>\n\n\n\n<p><em>Sardinella gibbosa<\/em><\/p>\n<\/div>\n\n\n\n<div style=\"height:30px\" aria-hidden=\"true\" class=\"wp-block-spacer\"><\/div>\n\n\n\n<figure class=\"wp-block-video\"><video height=\"576\" style=\"aspect-ratio: 1024 \/ 576;\" width=\"1024\" controls src=\"https:\/\/alles-ueber-riffe.de\/wp-content\/uploads\/2025\/01\/Goldsteifen-Sardine.mp4\"><\/video><\/figure>\n\n\n\n<hr class=\"wp-block-separator has-alpha-channel-opacity is-style-default\"\/>\n\n\n\n<p><strong>Gr\u00f6\u00dfe: <\/strong> bis 17 cm<\/p>\n\n\n\n<p><strong>Lebensraum:<\/strong> Freiwasser in der N\u00e4he von Korallen- und Felsenriffen<\/p>\n\n\n\n<p><strong>Vorkommen:  <\/strong>Ostafrika, persischer Golf, Oman, Malediven, ganz S\u00fcdostasien, Taiwan, Korea, Nordostaustralien<\/p>\n\n\n\n<p><strong>Erkennungsmerkmale: <\/strong> Grundfarbe silbern; schmaler oft kaum zu sehender, gelber L\u00e4ngsstreifen<\/p>\n\n\n\n<p><strong>Biologie &amp; Verhalten: <\/strong> Sardinen unter Wasser wirklich genau zu bestimmen ist fast aussichtslos. Sie bewegen sich schnell und sehen sich bis auf Kleinigkeiten einfach zu \u00e4hnlich. Deshalb k\u00f6nnte ich mich auch irren, und auf dem Film und dem Foto sieht man die Sardine Sardinella fimbriata, denn diese kommt in Asien im gleichen Verbreitungsgebiet vor.&nbsp;<\/p>\n\n\n\n<p>Beide Arten bilden in k\u00fcstennahen Gew\u00e4ssern gigantische Schw\u00e4rme mit tausenden von Tieren. Sie ern\u00e4hren sich von Zooplankton.<\/p>\n\n\n\n<p><strong>Bedrohungsstatus:<\/strong> Die Art wird auf der Roten Liste der IUCN als <mark style=\"background-color:rgba(0, 0, 0, 0)\" class=\"has-inline-color has-vivid-green-cyan-color\">\u201enicht gef\u00e4hrdet\u201c<\/mark> gef\u00fchrt.<\/p>\n\n\n\n<hr class=\"wp-block-separator has-alpha-channel-opacity is-style-default\"\/>\n","protected":false},"excerpt":{"rendered":"<p>Goldsteifen-Sardine Goldstripe sardinella Sardinella gibbosa Gr\u00f6\u00dfe: bis 17 cm Lebensraum: Freiwasser in der N\u00e4he von Korallen- und Felsenriffen Vorkommen: Ostafrika, persischer Golf, Oman, Malediven, ganz S\u00fcdostasien, Taiwan, Korea, Nordostaustralien Erkennungsmerkmale: Grundfarbe silbern; schmaler oft kaum zu sehender, gelber L\u00e4ngsstreifen Biologie &amp; Verhalten: Sardinen unter Wasser wirklich genau zu bestimmen ist fast aussichtslos. Sie bewegen sich &hellip; <\/p>\n<p class=\"link-more\"><a href=\"https:\/\/alles-ueber-riffe.de\/?page_id=4904\" class=\"more-link\"><span class=\"screen-reader-text\">\u201eGoldstreifen-Sardine\u201c<\/span> weiterlesen<\/a><\/p>\n","protected":false},"author":1,"featured_media":0,"parent":0,"menu_order":0,"comment_status":"closed","ping_status":"closed","template":"","meta":{"footnotes":""},"class_list":["post-4904","page","type-page","status-publish","hentry"],"_links":{"self":[{"href":"https:\/\/alles-ueber-riffe.de\/index.php?rest_route=\/wp\/v2\/pages\/4904","targetHints":{"allow":["GET"]}}],"collection":[{"href":"https:\/\/alles-ueber-riffe.de\/index.php?rest_route=\/wp\/v2\/pages"}],"about":[{"href":"https:\/\/alles-ueber-riffe.de\/index.php?rest_route=\/wp\/v2\/types\/page"}],"author":[{"embeddable":true,"href":"https:\/\/alles-ueber-riffe.de\/index.php?rest_route=\/wp\/v2\/users\/1"}],"replies":[{"embeddable":true,"href":"https:\/\/alles-ueber-riffe.de\/index.php?rest_route=%2Fwp%2Fv2%2Fcomments&post=4904"}],"version-history":[{"count":6,"href":"https:\/\/alles-ueber-riffe.de\/index.php?rest_route=\/wp\/v2\/pages\/4904\/revisions"}],"predecessor-version":[{"id":7621,"href":"https:\/\/alles-ueber-riffe.de\/index.php?rest_route=\/wp\/v2\/pages\/4904\/revisions\/7621"}],"wp:attachment":[{"href":"https:\/\/alles-ueber-riffe.de\/index.php?rest_route=%2Fwp%2Fv2%2Fmedia&parent=4904"}],"curies":[{"name":"wp","href":"https:\/\/api.w.org\/{rel}","templated":true}]}}