{"id":4902,"date":"2025-01-08T15:27:31","date_gmt":"2025-01-08T15:27:31","guid":{"rendered":"https:\/\/alles-ueber-riffe.de\/?page_id=4902"},"modified":"2025-01-20T11:54:35","modified_gmt":"2025-01-20T11:54:35","slug":"halfterfisch","status":"publish","type":"page","link":"https:\/\/alles-ueber-riffe.de\/?page_id=4902","title":{"rendered":"Halfterfisch"},"content":{"rendered":"\n<div class=\"wp-block-group is-vertical is-layout-flex wp-container-core-group-is-layout-8cf370e7 wp-block-group-is-layout-flex\">\n<p><strong>Halfterfisch<\/strong><\/p>\n\n\n\n<p>Moorish idol<\/p>\n\n\n\n<p><em>Zanclus cornutus<\/em><\/p>\n<\/div>\n\n\n\n<div style=\"height:30px\" aria-hidden=\"true\" class=\"wp-block-spacer\"><\/div>\n\n\n\n<figure class=\"wp-block-video\"><video height=\"576\" style=\"aspect-ratio: 1024 \/ 576;\" width=\"1024\" controls src=\"https:\/\/alles-ueber-riffe.de\/wp-content\/uploads\/2025\/01\/Halfterfisch.mp4\"><\/video><figcaption class=\"wp-element-caption\">\u00a9 Heinz Krimmer<\/figcaption><\/figure>\n\n\n\n<hr class=\"wp-block-separator has-alpha-channel-opacity is-style-default\"\/>\n\n\n\n<p><strong>Gr\u00f6\u00dfe: <\/strong> bis 23 cm<\/p>\n\n\n\n<p><strong>Lebensraum:<\/strong> Korallenriffe<\/p>\n\n\n\n<p><strong>Vorkommen:  <\/strong>in allen tropischen Bereichen des Pazifik mit Ausnahme des Roten Meeres<\/p>\n\n\n\n<p><strong>Erkennungsmerkmale: <\/strong> verl\u00e4ngerte Schnauze mit gelbem Fleck, verl\u00e4ngerte R\u00fcckenflosse; sehr breites, wei\u00dfes Querband<\/p>\n\n\n\n<p><strong>Biologie &amp; Verhalten: <\/strong> Der Halfterfisch ist nicht nur sehr sch\u00f6n, sondern auch extrem weit verbreitet. Eine gro\u00dfe Leistung f\u00fcr einen so kleinen Fisch. Der Grund ist das lange Larvenstadium der juvenilen Tiere. Diese sind Teil des Zooplanktons und reisen mit den Meeresstr\u00f6mungen durch den ganzen tropischen Pazifik. Nur in das Rote Meer hat er es nicht geschafft.<\/p>\n\n\n\n<p>Der Halfterfisch kann leicht mit \u00e4hnlich gef\u00e4rbten Wimpelfischen wie z.B. dem Schwarm-Wimpelfisch oder dem Gemeinen Wimpelfisch verwechselt werden. Die verl\u00e4ngerte Schnauze mit dem gelben Fleck hilft aber immer ihn zu identifizieren.\u00a0<\/p>\n\n\n\n<p>Als Zeichentrickfigur &#8222;Khan&#8220; in &#8222;Findet Demo&#8220; wurde die Art einem gro\u00dfen Publikum bekannt.<\/p>\n\n\n\n<p><strong>Bedrohungsstatus:<\/strong> Die Art wird auf der Roten Liste der IUCN als <mark style=\"background-color:rgba(0, 0, 0, 0)\" class=\"has-inline-color has-vivid-green-cyan-color\">\u201enicht gef\u00e4hrdet\u201c<\/mark> gef\u00fchrt.<\/p>\n\n\n\n<hr class=\"wp-block-separator has-alpha-channel-opacity is-style-default\"\/>\n","protected":false},"excerpt":{"rendered":"<p>Halfterfisch Moorish idol Zanclus cornutus Gr\u00f6\u00dfe: bis 23 cm Lebensraum: Korallenriffe Vorkommen: in allen tropischen Bereichen des Pazifik mit Ausnahme des Roten Meeres Erkennungsmerkmale: verl\u00e4ngerte Schnauze mit gelbem Fleck, verl\u00e4ngerte R\u00fcckenflosse; sehr breites, wei\u00dfes Querband Biologie &amp; Verhalten: Der Halfterfisch ist nicht nur sehr sch\u00f6n, sondern auch extrem weit verbreitet. Eine gro\u00dfe Leistung f\u00fcr einen &hellip; <\/p>\n<p class=\"link-more\"><a href=\"https:\/\/alles-ueber-riffe.de\/?page_id=4902\" class=\"more-link\"><span class=\"screen-reader-text\">\u201eHalfterfisch\u201c<\/span> weiterlesen<\/a><\/p>\n","protected":false},"author":1,"featured_media":0,"parent":0,"menu_order":0,"comment_status":"closed","ping_status":"closed","template":"","meta":{"footnotes":""},"class_list":["post-4902","page","type-page","status-publish","hentry"],"_links":{"self":[{"href":"https:\/\/alles-ueber-riffe.de\/index.php?rest_route=\/wp\/v2\/pages\/4902","targetHints":{"allow":["GET"]}}],"collection":[{"href":"https:\/\/alles-ueber-riffe.de\/index.php?rest_route=\/wp\/v2\/pages"}],"about":[{"href":"https:\/\/alles-ueber-riffe.de\/index.php?rest_route=\/wp\/v2\/types\/page"}],"author":[{"embeddable":true,"href":"https:\/\/alles-ueber-riffe.de\/index.php?rest_route=\/wp\/v2\/users\/1"}],"replies":[{"embeddable":true,"href":"https:\/\/alles-ueber-riffe.de\/index.php?rest_route=%2Fwp%2Fv2%2Fcomments&post=4902"}],"version-history":[{"count":7,"href":"https:\/\/alles-ueber-riffe.de\/index.php?rest_route=\/wp\/v2\/pages\/4902\/revisions"}],"predecessor-version":[{"id":7614,"href":"https:\/\/alles-ueber-riffe.de\/index.php?rest_route=\/wp\/v2\/pages\/4902\/revisions\/7614"}],"wp:attachment":[{"href":"https:\/\/alles-ueber-riffe.de\/index.php?rest_route=%2Fwp%2Fv2%2Fmedia&parent=4902"}],"curies":[{"name":"wp","href":"https:\/\/api.w.org\/{rel}","templated":true}]}}