{"id":4900,"date":"2025-01-08T15:27:17","date_gmt":"2025-01-08T15:27:17","guid":{"rendered":"https:\/\/alles-ueber-riffe.de\/?page_id=4900"},"modified":"2025-01-20T11:48:34","modified_gmt":"2025-01-20T11:48:34","slug":"dreistreifen-tigerbarsch","status":"publish","type":"page","link":"https:\/\/alles-ueber-riffe.de\/?page_id=4900","title":{"rendered":"Dreistreifen-Tigerbarsch"},"content":{"rendered":"\n<div class=\"wp-block-group is-vertical is-layout-flex wp-container-core-group-is-layout-8cf370e7 wp-block-group-is-layout-flex\">\n<p><strong>Dreistreifen-Tigerbarsch<\/strong><\/p>\n\n\n\n<p><strong>J<\/strong>arbua terapon<\/p>\n\n\n\n<p><em>Terapon jarbua<\/em><\/p>\n<\/div>\n\n\n\n<div style=\"height:30px\" aria-hidden=\"true\" class=\"wp-block-spacer\"><\/div>\n\n\n\n<figure class=\"wp-block-image size-full\"><img loading=\"lazy\" decoding=\"async\" width=\"1024\" height=\"768\" src=\"https:\/\/alles-ueber-riffe.de\/wp-content\/uploads\/2025\/01\/Dreistreifen-Tigerbarsch_1024x768.jpg\" alt=\"\" class=\"wp-image-7601\" srcset=\"https:\/\/alles-ueber-riffe.de\/wp-content\/uploads\/2025\/01\/Dreistreifen-Tigerbarsch_1024x768.jpg 1024w, https:\/\/alles-ueber-riffe.de\/wp-content\/uploads\/2025\/01\/Dreistreifen-Tigerbarsch_1024x768-300x225.jpg 300w, https:\/\/alles-ueber-riffe.de\/wp-content\/uploads\/2025\/01\/Dreistreifen-Tigerbarsch_1024x768-768x576.jpg 768w\" sizes=\"auto, (max-width: 767px) 89vw, (max-width: 1000px) 54vw, (max-width: 1071px) 543px, 580px\" \/><figcaption class=\"wp-element-caption\">\u00a9 Joris Rombouts<\/figcaption><\/figure>\n\n\n\n<hr class=\"wp-block-separator has-alpha-channel-opacity is-style-default\"\/>\n\n\n\n<p><strong>Gr\u00f6\u00dfe: <\/strong> bis 36 cm<\/p>\n\n\n\n<p><strong>Lebensraum:<\/strong> Sandb\u00f6den und Flussm\u00fcndungen<\/p>\n\n\n\n<p><strong>Vorkommen:  <\/strong>Ostafrika, Rotes Meer, Oman, Malediven, S\u00fcdjapan, ganz S\u00fcdostasien, Nordaustralien, Ozeanien bis Samoa<\/p>\n\n\n\n<p><strong>Erkennungsmerkmale: <\/strong> Grundfarbe silbern; drei bis vier schwarze L\u00e4ngsstreifen<\/p>\n\n\n\n<p><strong>Biologie &amp; Verhalten: <\/strong> Gelegentlich wandert der Dreistreifen-Tigerbarsch auch in Flussm\u00fcndungen ein. Frisst Fische, Insekten, Wirbellose und Algen. Er geh\u00f6rt zu den Grunzbarschen und kann auch dementsprechende Laute erzeugen.<\/p>\n\n\n\n<p><strong>Bedrohungsstatus:<\/strong> Die Art wird auf der Roten Liste der IUCN als<mark style=\"background-color:rgba(0, 0, 0, 0)\" class=\"has-inline-color has-vivid-green-cyan-color\"> \u201enicht gef\u00e4hrdet\u201c<\/mark> gef\u00fchrt.<\/p>\n\n\n\n<hr class=\"wp-block-separator has-alpha-channel-opacity is-style-default\"\/>\n","protected":false},"excerpt":{"rendered":"<p>Dreistreifen-Tigerbarsch Jarbua terapon Terapon jarbua Gr\u00f6\u00dfe: bis 36 cm Lebensraum: Sandb\u00f6den und Flussm\u00fcndungen Vorkommen: Ostafrika, Rotes Meer, Oman, Malediven, S\u00fcdjapan, ganz S\u00fcdostasien, Nordaustralien, Ozeanien bis Samoa Erkennungsmerkmale: Grundfarbe silbern; drei bis vier schwarze L\u00e4ngsstreifen Biologie &amp; Verhalten: Gelegentlich wandert der Dreistreifen-Tigerbarsch auch in Flussm\u00fcndungen ein. Frisst Fische, Insekten, Wirbellose und Algen. Er geh\u00f6rt zu den &hellip; <\/p>\n<p class=\"link-more\"><a href=\"https:\/\/alles-ueber-riffe.de\/?page_id=4900\" class=\"more-link\"><span class=\"screen-reader-text\">\u201eDreistreifen-Tigerbarsch\u201c<\/span> weiterlesen<\/a><\/p>\n","protected":false},"author":1,"featured_media":0,"parent":0,"menu_order":0,"comment_status":"closed","ping_status":"closed","template":"","meta":{"footnotes":""},"class_list":["post-4900","page","type-page","status-publish","hentry"],"_links":{"self":[{"href":"https:\/\/alles-ueber-riffe.de\/index.php?rest_route=\/wp\/v2\/pages\/4900","targetHints":{"allow":["GET"]}}],"collection":[{"href":"https:\/\/alles-ueber-riffe.de\/index.php?rest_route=\/wp\/v2\/pages"}],"about":[{"href":"https:\/\/alles-ueber-riffe.de\/index.php?rest_route=\/wp\/v2\/types\/page"}],"author":[{"embeddable":true,"href":"https:\/\/alles-ueber-riffe.de\/index.php?rest_route=\/wp\/v2\/users\/1"}],"replies":[{"embeddable":true,"href":"https:\/\/alles-ueber-riffe.de\/index.php?rest_route=%2Fwp%2Fv2%2Fcomments&post=4900"}],"version-history":[{"count":7,"href":"https:\/\/alles-ueber-riffe.de\/index.php?rest_route=\/wp\/v2\/pages\/4900\/revisions"}],"predecessor-version":[{"id":7606,"href":"https:\/\/alles-ueber-riffe.de\/index.php?rest_route=\/wp\/v2\/pages\/4900\/revisions\/7606"}],"wp:attachment":[{"href":"https:\/\/alles-ueber-riffe.de\/index.php?rest_route=%2Fwp%2Fv2%2Fmedia&parent=4900"}],"curies":[{"name":"wp","href":"https:\/\/api.w.org\/{rel}","templated":true}]}}