{"id":4892,"date":"2025-01-08T15:26:30","date_gmt":"2025-01-08T15:26:30","guid":{"rendered":"https:\/\/alles-ueber-riffe.de\/?page_id=4892"},"modified":"2025-03-07T22:25:18","modified_gmt":"2025-03-07T22:25:18","slug":"russbauch-partnergrundel","status":"publish","type":"page","link":"https:\/\/alles-ueber-riffe.de\/?page_id=4892","title":{"rendered":"Ru\u00dfbauch-Partnergrundel"},"content":{"rendered":"\n<div class=\"wp-block-group is-vertical is-layout-flex wp-container-core-group-is-layout-8cf370e7 wp-block-group-is-layout-flex\">\n<p><strong>Ru\u00dfbauch-Partnergrundel<\/strong><\/p>\n\n\n\n<p>Spotted prawn-goby<\/p>\n\n\n\n<p><em>Amblyeleotris guttata<\/em><strong><\/strong><\/p>\n<\/div>\n\n\n\n<div style=\"height:30px\" aria-hidden=\"true\" class=\"wp-block-spacer\"><\/div>\n\n\n\n<figure class=\"wp-block-image size-full\"><img loading=\"lazy\" decoding=\"async\" width=\"1024\" height=\"768\" src=\"https:\/\/alles-ueber-riffe.de\/wp-content\/uploads\/2025\/03\/Russbauch-Partnergrundel_1024x768.jpg\" alt=\"\" class=\"wp-image-10657\" srcset=\"https:\/\/alles-ueber-riffe.de\/wp-content\/uploads\/2025\/03\/Russbauch-Partnergrundel_1024x768.jpg 1024w, https:\/\/alles-ueber-riffe.de\/wp-content\/uploads\/2025\/03\/Russbauch-Partnergrundel_1024x768-300x225.jpg 300w, https:\/\/alles-ueber-riffe.de\/wp-content\/uploads\/2025\/03\/Russbauch-Partnergrundel_1024x768-768x576.jpg 768w\" sizes=\"auto, (max-width: 767px) 89vw, (max-width: 1000px) 54vw, (max-width: 1071px) 543px, 580px\" \/><figcaption class=\"wp-element-caption\">\u00a9 Heinz Krimmer<\/figcaption><\/figure>\n\n\n\n<hr class=\"wp-block-separator has-alpha-channel-opacity is-style-default\"\/>\n\n\n\n<p><strong>Gr\u00f6\u00dfe: <\/strong> bis 11 cm<\/p>\n\n\n\n<p><strong>Lebensraum:<\/strong> Sand- und Ger\u00f6llb\u00f6den in der N\u00e4he von Korallenriffen<\/p>\n\n\n\n<p><strong>Vorkommen:  <\/strong>S\u00fcdjapan, Philippinen, Malaysia, Nordostaustralien, Papua-Neuguinea, Ozeanien bis Tonga<\/p>\n\n\n\n<p><strong>Erkennungsmerkmale: <\/strong> Grundfarbe sandfarben; orangene Punkte am K\u00f6rper; schwarze Brust<\/p>\n\n\n\n<p><strong>Biologie &amp; Verhalten: <\/strong> Auch die Ru\u00dfbauch-Partnergrundel geh\u00f6rt zur Gruppe der Symbiosegrundeln.<\/p>\n\n\n\n<p><strong>Bedrohungsstatus:<\/strong> Die Art wird auf der Roten Liste der IUCN als <mark style=\"background-color:rgba(0, 0, 0, 0)\" class=\"has-inline-color has-vivid-green-cyan-color\">\u201enicht gef\u00e4hrdet\u201c<\/mark> gef\u00fchrt.<\/p>\n\n\n\n<hr class=\"wp-block-separator has-alpha-channel-opacity is-style-default\"\/>\n","protected":false},"excerpt":{"rendered":"<p>Ru\u00dfbauch-Partnergrundel Spotted prawn-goby Amblyeleotris guttata Gr\u00f6\u00dfe: bis 11 cm Lebensraum: Sand- und Ger\u00f6llb\u00f6den in der N\u00e4he von Korallenriffen Vorkommen: S\u00fcdjapan, Philippinen, Malaysia, Nordostaustralien, Papua-Neuguinea, Ozeanien bis Tonga Erkennungsmerkmale: Grundfarbe sandfarben; orangene Punkte am K\u00f6rper; schwarze Brust Biologie &amp; Verhalten: Auch die Ru\u00dfbauch-Partnergrundel geh\u00f6rt zur Gruppe der Symbiosegrundeln. Bedrohungsstatus: Die Art wird auf der Roten Liste &hellip; <\/p>\n<p class=\"link-more\"><a href=\"https:\/\/alles-ueber-riffe.de\/?page_id=4892\" class=\"more-link\"><span class=\"screen-reader-text\">\u201eRu\u00dfbauch-Partnergrundel\u201c<\/span> weiterlesen<\/a><\/p>\n","protected":false},"author":1,"featured_media":0,"parent":0,"menu_order":0,"comment_status":"closed","ping_status":"closed","template":"","meta":{"footnotes":""},"class_list":["post-4892","page","type-page","status-publish","hentry"],"_links":{"self":[{"href":"https:\/\/alles-ueber-riffe.de\/index.php?rest_route=\/wp\/v2\/pages\/4892","targetHints":{"allow":["GET"]}}],"collection":[{"href":"https:\/\/alles-ueber-riffe.de\/index.php?rest_route=\/wp\/v2\/pages"}],"about":[{"href":"https:\/\/alles-ueber-riffe.de\/index.php?rest_route=\/wp\/v2\/types\/page"}],"author":[{"embeddable":true,"href":"https:\/\/alles-ueber-riffe.de\/index.php?rest_route=\/wp\/v2\/users\/1"}],"replies":[{"embeddable":true,"href":"https:\/\/alles-ueber-riffe.de\/index.php?rest_route=%2Fwp%2Fv2%2Fcomments&post=4892"}],"version-history":[{"count":4,"href":"https:\/\/alles-ueber-riffe.de\/index.php?rest_route=\/wp\/v2\/pages\/4892\/revisions"}],"predecessor-version":[{"id":10659,"href":"https:\/\/alles-ueber-riffe.de\/index.php?rest_route=\/wp\/v2\/pages\/4892\/revisions\/10659"}],"wp:attachment":[{"href":"https:\/\/alles-ueber-riffe.de\/index.php?rest_route=%2Fwp%2Fv2%2Fmedia&parent=4892"}],"curies":[{"name":"wp","href":"https:\/\/api.w.org\/{rel}","templated":true}]}}