{"id":4890,"date":"2025-01-08T15:26:20","date_gmt":"2025-01-08T15:26:20","guid":{"rendered":"https:\/\/alles-ueber-riffe.de\/?page_id=4890"},"modified":"2025-03-07T22:22:23","modified_gmt":"2025-03-07T22:22:23","slug":"randalls-partnergrundel","status":"publish","type":"page","link":"https:\/\/alles-ueber-riffe.de\/?page_id=4890","title":{"rendered":"Randalls Partnergrundel"},"content":{"rendered":"\n<div class=\"wp-block-group is-vertical is-layout-flex wp-container-core-group-is-layout-8cf370e7 wp-block-group-is-layout-flex\">\n<p><strong>Randalls Partnergrundel<\/strong><\/p>\n\n\n\n<p>Randall`s prawn-goby<\/p>\n\n\n\n<p><em>Amblyeleotris randalli<\/em><\/p>\n<\/div>\n\n\n\n<div style=\"height:30px\" aria-hidden=\"true\" class=\"wp-block-spacer\"><\/div>\n\n\n\n<figure class=\"wp-block-image size-full\"><img loading=\"lazy\" decoding=\"async\" width=\"1024\" height=\"768\" src=\"https:\/\/alles-ueber-riffe.de\/wp-content\/uploads\/2025\/03\/Randalls-Partnergrundel_1024x768.jpg\" alt=\"\" class=\"wp-image-10653\" srcset=\"https:\/\/alles-ueber-riffe.de\/wp-content\/uploads\/2025\/03\/Randalls-Partnergrundel_1024x768.jpg 1024w, https:\/\/alles-ueber-riffe.de\/wp-content\/uploads\/2025\/03\/Randalls-Partnergrundel_1024x768-300x225.jpg 300w, https:\/\/alles-ueber-riffe.de\/wp-content\/uploads\/2025\/03\/Randalls-Partnergrundel_1024x768-768x576.jpg 768w\" sizes=\"auto, (max-width: 767px) 89vw, (max-width: 1000px) 54vw, (max-width: 1071px) 543px, 580px\" \/><figcaption class=\"wp-element-caption\">\u00a9 Joris Rombouts<\/figcaption><\/figure>\n\n\n\n<hr class=\"wp-block-separator has-alpha-channel-opacity is-style-default\"\/>\n\n\n\n<p><strong>Gr\u00f6\u00dfe: <\/strong> bis 12 cm<\/p>\n\n\n\n<p><strong>Lebensraum:<\/strong> Korallenriffe, Sandb\u00f6den<\/p>\n\n\n\n<p><strong>Vorkommen:  <\/strong>S\u00fcdjapan, Philippinen, Malaysia, Nordostaustralien, Papua-Neuguinea, Ozeanien bis Fidschi<\/p>\n\n\n\n<p><strong>Erkennungsmerkmale: <\/strong> Grundfarbe hellgrau; orangene Querlinien; gro\u00dfe, runde erste R\u00fcckenflosse mit Augenfleck<\/p>\n\n\n\n<p><strong>Biologie &amp; Verhalten: <\/strong> Diese Symbiosegrundel lebt bevorzugt in H\u00f6hlen oder unter \u00dcberh\u00e4ngen im Sandboden. Lebt mit verschiedenen Arten von Knallkrebsen zusammen.<\/p>\n\n\n\n<p><strong>Bedrohungsstatus:<\/strong> Die Art wird auf der Roten Liste der IUCN als <mark style=\"background-color:rgba(0, 0, 0, 0)\" class=\"has-inline-color has-vivid-green-cyan-color\">\u201enicht gef\u00e4hrdet\u201c<\/mark> gef\u00fchrt.<\/p>\n\n\n\n<hr class=\"wp-block-separator has-alpha-channel-opacity is-style-default\"\/>\n","protected":false},"excerpt":{"rendered":"<p>Randalls Partnergrundel Randall`s prawn-goby Amblyeleotris randalli Gr\u00f6\u00dfe: bis 12 cm Lebensraum: Korallenriffe, Sandb\u00f6den Vorkommen: S\u00fcdjapan, Philippinen, Malaysia, Nordostaustralien, Papua-Neuguinea, Ozeanien bis Fidschi Erkennungsmerkmale: Grundfarbe hellgrau; orangene Querlinien; gro\u00dfe, runde erste R\u00fcckenflosse mit Augenfleck Biologie &amp; Verhalten: Diese Symbiosegrundel lebt bevorzugt in H\u00f6hlen oder unter \u00dcberh\u00e4ngen im Sandboden. Lebt mit verschiedenen Arten von Knallkrebsen zusammen. Bedrohungsstatus: &hellip; <\/p>\n<p class=\"link-more\"><a href=\"https:\/\/alles-ueber-riffe.de\/?page_id=4890\" class=\"more-link\"><span class=\"screen-reader-text\">\u201eRandalls Partnergrundel\u201c<\/span> weiterlesen<\/a><\/p>\n","protected":false},"author":1,"featured_media":0,"parent":0,"menu_order":0,"comment_status":"closed","ping_status":"closed","template":"","meta":{"footnotes":""},"class_list":["post-4890","page","type-page","status-publish","hentry"],"_links":{"self":[{"href":"https:\/\/alles-ueber-riffe.de\/index.php?rest_route=\/wp\/v2\/pages\/4890","targetHints":{"allow":["GET"]}}],"collection":[{"href":"https:\/\/alles-ueber-riffe.de\/index.php?rest_route=\/wp\/v2\/pages"}],"about":[{"href":"https:\/\/alles-ueber-riffe.de\/index.php?rest_route=\/wp\/v2\/types\/page"}],"author":[{"embeddable":true,"href":"https:\/\/alles-ueber-riffe.de\/index.php?rest_route=\/wp\/v2\/users\/1"}],"replies":[{"embeddable":true,"href":"https:\/\/alles-ueber-riffe.de\/index.php?rest_route=%2Fwp%2Fv2%2Fcomments&post=4890"}],"version-history":[{"count":4,"href":"https:\/\/alles-ueber-riffe.de\/index.php?rest_route=\/wp\/v2\/pages\/4890\/revisions"}],"predecessor-version":[{"id":10655,"href":"https:\/\/alles-ueber-riffe.de\/index.php?rest_route=\/wp\/v2\/pages\/4890\/revisions\/10655"}],"wp:attachment":[{"href":"https:\/\/alles-ueber-riffe.de\/index.php?rest_route=%2Fwp%2Fv2%2Fmedia&parent=4890"}],"curies":[{"name":"wp","href":"https:\/\/api.w.org\/{rel}","templated":true}]}}