{"id":4868,"date":"2025-01-08T15:24:06","date_gmt":"2025-01-08T15:24:06","guid":{"rendered":"https:\/\/alles-ueber-riffe.de\/?page_id=4868"},"modified":"2025-03-06T21:13:23","modified_gmt":"2025-03-06T21:13:23","slug":"schwarzpunkt-schlaefergrundel","status":"publish","type":"page","link":"https:\/\/alles-ueber-riffe.de\/?page_id=4868","title":{"rendered":"Schwarzpunkt-Schl\u00e4fergrundel"},"content":{"rendered":"\n<div class=\"wp-block-group is-vertical is-layout-flex wp-container-core-group-is-layout-8cf370e7 wp-block-group-is-layout-flex\">\n<p><strong>Schwarzpunkt-Schl\u00e4fergrundel<\/strong><\/p>\n\n\n\n<p><strong>Sixspot goby<\/strong><\/p>\n\n\n\n<p><em>Valenciennea sexguttata<\/em><strong><\/strong><\/p>\n<\/div>\n\n\n\n<div style=\"height:30px\" aria-hidden=\"true\" class=\"wp-block-spacer\"><\/div>\n\n\n\n<figure class=\"wp-block-image size-full\"><img loading=\"lazy\" decoding=\"async\" width=\"300\" height=\"200\" src=\"https:\/\/alles-ueber-riffe.de\/wp-content\/uploads\/2024\/11\/Schwarzpunkt-Schlaefergrundel_300x200.jpg\" alt=\"\" class=\"wp-image-2133\"\/><figcaption class=\"wp-element-caption\">\u00a9 Heinz Krimmer<\/figcaption><\/figure>\n\n\n\n<hr class=\"wp-block-separator has-alpha-channel-opacity is-style-default\"\/>\n\n\n\n<p><strong>Gr\u00f6\u00dfe: <\/strong> bis 14 cm<\/p>\n\n\n\n<p><strong>Lebensraum:<\/strong> Sandb\u00f6den, Seegraswiesen in der N\u00e4he von  Korallenriffen<\/p>\n\n\n\n<p><strong>Vorkommen:  <\/strong>Ostafrika, Rotes Meer, Persischer Golf, Malediven, ganz S\u00fcdostasien, Nordaustralien, Papua-Neuguinea, Ozeanien bis Samoa<\/p>\n\n\n\n<p><strong>Erkennungsmerkmale: <\/strong> Grundfarbe hellgrau; kleiner, schwarzer Punkt in der Mitte des R\u00fcckens<\/p>\n\n\n\n<p><strong>Biologie &amp; Verhalten: <\/strong> Sie ist monogam und leben als adulte Tiere paarweise zusammen. Juvenile Tiere sieht man manchmal in kleinen Gruppen. Diese Grundel geh\u00f6rt zur Gruppe der Schlamm- und Sandgrundeln.<\/p>\n\n\n\n<p><strong>Bedrohungsstatus:<\/strong> Die Art wird auf der Roten Liste der IUCN als <mark style=\"background-color:rgba(0, 0, 0, 0)\" class=\"has-inline-color has-vivid-green-cyan-color\">\u201enicht gef\u00e4hrdet\u201c<\/mark> gef\u00fchrt.<\/p>\n\n\n\n<hr class=\"wp-block-separator has-alpha-channel-opacity is-style-default\"\/>\n","protected":false},"excerpt":{"rendered":"<p>Schwarzpunkt-Schl\u00e4fergrundel Sixspot goby Valenciennea sexguttata Gr\u00f6\u00dfe: bis 14 cm Lebensraum: Sandb\u00f6den, Seegraswiesen in der N\u00e4he von Korallenriffen Vorkommen: Ostafrika, Rotes Meer, Persischer Golf, Malediven, ganz S\u00fcdostasien, Nordaustralien, Papua-Neuguinea, Ozeanien bis Samoa Erkennungsmerkmale: Grundfarbe hellgrau; kleiner, schwarzer Punkt in der Mitte des R\u00fcckens Biologie &amp; Verhalten: Sie ist monogam und leben als adulte Tiere paarweise zusammen. &hellip; <\/p>\n<p class=\"link-more\"><a href=\"https:\/\/alles-ueber-riffe.de\/?page_id=4868\" class=\"more-link\"><span class=\"screen-reader-text\">\u201eSchwarzpunkt-Schl\u00e4fergrundel\u201c<\/span> weiterlesen<\/a><\/p>\n","protected":false},"author":1,"featured_media":0,"parent":0,"menu_order":0,"comment_status":"closed","ping_status":"closed","template":"","meta":{"footnotes":""},"class_list":["post-4868","page","type-page","status-publish","hentry"],"_links":{"self":[{"href":"https:\/\/alles-ueber-riffe.de\/index.php?rest_route=\/wp\/v2\/pages\/4868","targetHints":{"allow":["GET"]}}],"collection":[{"href":"https:\/\/alles-ueber-riffe.de\/index.php?rest_route=\/wp\/v2\/pages"}],"about":[{"href":"https:\/\/alles-ueber-riffe.de\/index.php?rest_route=\/wp\/v2\/types\/page"}],"author":[{"embeddable":true,"href":"https:\/\/alles-ueber-riffe.de\/index.php?rest_route=\/wp\/v2\/users\/1"}],"replies":[{"embeddable":true,"href":"https:\/\/alles-ueber-riffe.de\/index.php?rest_route=%2Fwp%2Fv2%2Fcomments&post=4868"}],"version-history":[{"count":5,"href":"https:\/\/alles-ueber-riffe.de\/index.php?rest_route=\/wp\/v2\/pages\/4868\/revisions"}],"predecessor-version":[{"id":10602,"href":"https:\/\/alles-ueber-riffe.de\/index.php?rest_route=\/wp\/v2\/pages\/4868\/revisions\/10602"}],"wp:attachment":[{"href":"https:\/\/alles-ueber-riffe.de\/index.php?rest_route=%2Fwp%2Fv2%2Fmedia&parent=4868"}],"curies":[{"name":"wp","href":"https:\/\/api.w.org\/{rel}","templated":true}]}}